{"id":3706,"date":"2026-01-17T18:25:51","date_gmt":"2026-01-17T17:25:51","guid":{"rendered":"https:\/\/staging.ecommerce.tuttocapsuletools.it\/prodotto\/italfoods-nespresso-zenzero-e-limone-conf-10-box-8\/"},"modified":"2026-04-15T22:08:50","modified_gmt":"2026-04-15T20:08:50","slug":"italfoods-nespresso-zenzero-e-limone-conf-10-box-8","status":"publish","type":"product","link":"https:\/\/staging.ecommerce.tuttocapsuletools.it\/fr\/prodotto\/italfoods-nespresso-zenzero-e-limone-conf-10-box-8\/","title":{"rendered":"DolceVita Zenzero e Limone 10 capsule"},"content":{"rendered":"<p>Laissez-vous r\u00e9g\u00e9n\u00e9rer par la force naturelle de notre boisson en feuilles \u00e0 base de gingembre et de citron. Un m\u00e9lange pur, con\u00e7u pour ceux qui recherchent un bien-\u00eatre authentique sans compromis : la chaleur l\u00e9g\u00e8rement piquante de la racine de gingembre se marie \u00e0 la fra\u00eecheur vive du citron, cr\u00e9ant une union parfaite pour r\u00e9veiller les sens et favoriser la digestion. Compl\u00e8tement sans sucre, cette boisson est l&rsquo;alli\u00e9e id\u00e9ale pour une pause d\u00e9tox \u00e0 tout moment de la journ\u00e9e, excellente \u00e0 siroter chaude pour un effet r\u00e9confortant ou froide pour un regain d&rsquo;\u00e9nergie naturelle.<\/p>\n","protected":false},"excerpt":{"rendered":"<p>Contient 10 capsules Nespresso<br \/>\nBoisson en feuilles \u00e0 base de gingembre et de citron<br \/>\nSans sucre<br \/>\nCompatible avec les machines Nespresso<br \/>\nLongueur conseill\u00e9e : 60 ml<\/p>\n","protected":false},"featured_media":0,"comment_status":"open","ping_status":"closed","template":"","meta":{"_acf_changed":false},"product_brand":[362],"product_cat":[335,322],"product_tag":[],"product_family":[],"product_group":[],"product_class":[],"class_list":{"0":"post-3706","1":"product","2":"type-product","3":"status-publish","5":"product_brand-italfoods","6":"product_cat-nes","7":"product_cat-sol","9":"first","10":"instock","11":"shipping-taxable","12":"purchasable","13":"product-type-simple"},"acf":[],"_links":{"self":[{"href":"https:\/\/staging.ecommerce.tuttocapsuletools.it\/fr\/wp-json\/wp\/v2\/product\/3706","targetHints":{"allow":["GET"]}}],"collection":[{"href":"https:\/\/staging.ecommerce.tuttocapsuletools.it\/fr\/wp-json\/wp\/v2\/product"}],"about":[{"href":"https:\/\/staging.ecommerce.tuttocapsuletools.it\/fr\/wp-json\/wp\/v2\/types\/product"}],"replies":[{"embeddable":true,"href":"https:\/\/staging.ecommerce.tuttocapsuletools.it\/fr\/wp-json\/wp\/v2\/comments?post=3706"}],"wp:attachment":[{"href":"https:\/\/staging.ecommerce.tuttocapsuletools.it\/fr\/wp-json\/wp\/v2\/media?parent=3706"}],"wp:term":[{"taxonomy":"product_brand","embeddable":true,"href":"https:\/\/staging.ecommerce.tuttocapsuletools.it\/fr\/wp-json\/wp\/v2\/product_brand?post=3706"},{"taxonomy":"product_cat","embeddable":true,"href":"https:\/\/staging.ecommerce.tuttocapsuletools.it\/fr\/wp-json\/wp\/v2\/product_cat?post=3706"},{"taxonomy":"product_tag","embeddable":true,"href":"https:\/\/staging.ecommerce.tuttocapsuletools.it\/fr\/wp-json\/wp\/v2\/product_tag?post=3706"},{"taxonomy":"product_family","embeddable":true,"href":"https:\/\/staging.ecommerce.tuttocapsuletools.it\/fr\/wp-json\/wp\/v2\/product_family?post=3706"},{"taxonomy":"product_group","embeddable":true,"href":"https:\/\/staging.ecommerce.tuttocapsuletools.it\/fr\/wp-json\/wp\/v2\/product_group?post=3706"},{"taxonomy":"product_class","embeddable":true,"href":"https:\/\/staging.ecommerce.tuttocapsuletools.it\/fr\/wp-json\/wp\/v2\/product_class?post=3706"}],"curies":[{"name":"wp","href":"https:\/\/api.w.org\/{rel}","templated":true}]}}