{"id":3708,"date":"2026-01-30T10:46:42","date_gmt":"2026-01-30T09:46:42","guid":{"rendered":"https:\/\/staging.ecommerce.tuttocapsuletools.it\/prodotto\/italfoods-nespresso-sottobosco-conf-10-box-8-2\/"},"modified":"2026-04-16T05:23:41","modified_gmt":"2026-04-16T03:23:41","slug":"italfoods-nespresso-sottobosco-conf-10-box-8-2","status":"publish","type":"product","link":"https:\/\/staging.ecommerce.tuttocapsuletools.it\/fr\/prodotto\/italfoods-nespresso-sottobosco-conf-10-box-8-2\/","title":{"rendered":"DolceVita Sottobosco 10 capsule"},"content":{"rendered":"<p>Plongez dans une for\u00eat enchant\u00e9e avec cette d\u00e9licieuse boisson aux fruits rouges et myrtille. Un m\u00e9lange savamment \u00e9quilibr\u00e9 o\u00f9 la douceur enveloppante des fruits des bois rencontre les notes l\u00e9g\u00e8rement acidul\u00e9es de la groseille et de la myrtille. Le r\u00e9sultat est une tisane \u00e0 la couleur vibrante et au parfum enivrant, capable d&rsquo;offrir une pause r\u00e9g\u00e9n\u00e9rante et riche en saveurs. C&rsquo;est le choix parfait pour ceux qui d\u00e9sirent un moment fruit\u00e9 qui sent bon la nature, id\u00e9al \u00e0 d\u00e9guster chaud, pour un moment de d\u00e9tente l&rsquo;apr\u00e8s-midi, ou froid, comme agr\u00e9able d\u00e9salt\u00e9rant naturel.<\/p>\n","protected":false},"excerpt":{"rendered":"<p>Contient 10 capsules Nespresso<br \/>\nBoisson soluble aux fruits rouges<br \/>\nCompatible avec les machines Nespresso<br \/>\nLongueur conseill\u00e9e : 60 ml<\/p>\n","protected":false},"featured_media":0,"comment_status":"open","ping_status":"closed","template":"","meta":{"_acf_changed":false},"product_brand":[362],"product_cat":[335,322],"product_tag":[],"product_family":[],"product_group":[],"product_class":[],"class_list":{"0":"post-3708","1":"product","2":"type-product","3":"status-publish","5":"product_brand-italfoods","6":"product_cat-nes","7":"product_cat-sol","9":"first","10":"instock","11":"shipping-taxable","12":"purchasable","13":"product-type-simple"},"acf":[],"_links":{"self":[{"href":"https:\/\/staging.ecommerce.tuttocapsuletools.it\/fr\/wp-json\/wp\/v2\/product\/3708","targetHints":{"allow":["GET"]}}],"collection":[{"href":"https:\/\/staging.ecommerce.tuttocapsuletools.it\/fr\/wp-json\/wp\/v2\/product"}],"about":[{"href":"https:\/\/staging.ecommerce.tuttocapsuletools.it\/fr\/wp-json\/wp\/v2\/types\/product"}],"replies":[{"embeddable":true,"href":"https:\/\/staging.ecommerce.tuttocapsuletools.it\/fr\/wp-json\/wp\/v2\/comments?post=3708"}],"wp:attachment":[{"href":"https:\/\/staging.ecommerce.tuttocapsuletools.it\/fr\/wp-json\/wp\/v2\/media?parent=3708"}],"wp:term":[{"taxonomy":"product_brand","embeddable":true,"href":"https:\/\/staging.ecommerce.tuttocapsuletools.it\/fr\/wp-json\/wp\/v2\/product_brand?post=3708"},{"taxonomy":"product_cat","embeddable":true,"href":"https:\/\/staging.ecommerce.tuttocapsuletools.it\/fr\/wp-json\/wp\/v2\/product_cat?post=3708"},{"taxonomy":"product_tag","embeddable":true,"href":"https:\/\/staging.ecommerce.tuttocapsuletools.it\/fr\/wp-json\/wp\/v2\/product_tag?post=3708"},{"taxonomy":"product_family","embeddable":true,"href":"https:\/\/staging.ecommerce.tuttocapsuletools.it\/fr\/wp-json\/wp\/v2\/product_family?post=3708"},{"taxonomy":"product_group","embeddable":true,"href":"https:\/\/staging.ecommerce.tuttocapsuletools.it\/fr\/wp-json\/wp\/v2\/product_group?post=3708"},{"taxonomy":"product_class","embeddable":true,"href":"https:\/\/staging.ecommerce.tuttocapsuletools.it\/fr\/wp-json\/wp\/v2\/product_class?post=3708"}],"curies":[{"name":"wp","href":"https:\/\/api.w.org\/{rel}","templated":true}]}}