{"id":3712,"date":"2026-01-17T18:25:52","date_gmt":"2026-01-17T17:25:52","guid":{"rendered":"https:\/\/staging.ecommerce.tuttocapsuletools.it\/prodotto\/italfoods-nespresso-orzo-conf-10-box-8\/"},"modified":"2026-04-16T00:08:47","modified_gmt":"2026-04-15T22:08:47","slug":"italfoods-nespresso-orzo-conf-10-box-8","status":"publish","type":"product","link":"https:\/\/staging.ecommerce.tuttocapsuletools.it\/fr\/prodotto\/italfoods-nespresso-orzo-conf-10-box-8\/","title":{"rendered":"DolceVita Orzo 10 capsule"},"content":{"rendered":"<p>D\u00e9couvrez le plaisir authentique de l&rsquo;orge pure avec cette boisson 100% naturelle et non sucr\u00e9e. Caract\u00e9ris\u00e9e par un ar\u00f4me torr\u00e9fi\u00e9 et enveloppant, elle repr\u00e9sente le choix par excellence pour ceux qui souhaitent une pause r\u00e9g\u00e9n\u00e9rante mais sont intol\u00e9rants \u00e0 la caf\u00e9ine ou pr\u00e9f\u00e8rent l&rsquo;\u00e9viter. Gr\u00e2ce \u00e0 ses propri\u00e9t\u00e9s digestives naturelles et \u00e0 sa faible teneur en mati\u00e8res grasses, c&rsquo;est une alternative au caf\u00e9 polyvalente et saine, parfaite \u00e0 d\u00e9guster \u00e0 tout moment de la journ\u00e9e, du petit-d\u00e9jeuner au apr\u00e8s-d\u00eener. Une boisson au go\u00fbt sinc\u00e8re, con\u00e7ue pour ceux qui aiment prendre soin d&rsquo;eux sans renoncer \u00e0 un rituel chaud et r\u00e9confortant.<\/p>\n","protected":false},"excerpt":{"rendered":"<p>Contient 10 capsules Nespresso<br \/>\nBoisson d&rsquo;orge soluble<br \/>\nCompatible avec les machines Nespresso<br \/>\nLongueur conseill\u00e9e : 60 ml<\/p>\n","protected":false},"featured_media":1506,"comment_status":"open","ping_status":"closed","template":"","meta":{"_acf_changed":false},"product_brand":[362],"product_cat":[335,322],"product_tag":[],"product_family":[],"product_group":[],"product_class":[],"class_list":{"0":"post-3712","1":"product","2":"type-product","3":"status-publish","4":"has-post-thumbnail","6":"product_brand-italfoods","7":"product_cat-nes","8":"product_cat-sol","10":"first","11":"instock","12":"shipping-taxable","13":"purchasable","14":"product-type-simple"},"acf":[],"_links":{"self":[{"href":"https:\/\/staging.ecommerce.tuttocapsuletools.it\/fr\/wp-json\/wp\/v2\/product\/3712","targetHints":{"allow":["GET"]}}],"collection":[{"href":"https:\/\/staging.ecommerce.tuttocapsuletools.it\/fr\/wp-json\/wp\/v2\/product"}],"about":[{"href":"https:\/\/staging.ecommerce.tuttocapsuletools.it\/fr\/wp-json\/wp\/v2\/types\/product"}],"replies":[{"embeddable":true,"href":"https:\/\/staging.ecommerce.tuttocapsuletools.it\/fr\/wp-json\/wp\/v2\/comments?post=3712"}],"wp:featuredmedia":[{"embeddable":true,"href":"https:\/\/staging.ecommerce.tuttocapsuletools.it\/fr\/wp-json\/wp\/v2\/media\/1506"}],"wp:attachment":[{"href":"https:\/\/staging.ecommerce.tuttocapsuletools.it\/fr\/wp-json\/wp\/v2\/media?parent=3712"}],"wp:term":[{"taxonomy":"product_brand","embeddable":true,"href":"https:\/\/staging.ecommerce.tuttocapsuletools.it\/fr\/wp-json\/wp\/v2\/product_brand?post=3712"},{"taxonomy":"product_cat","embeddable":true,"href":"https:\/\/staging.ecommerce.tuttocapsuletools.it\/fr\/wp-json\/wp\/v2\/product_cat?post=3712"},{"taxonomy":"product_tag","embeddable":true,"href":"https:\/\/staging.ecommerce.tuttocapsuletools.it\/fr\/wp-json\/wp\/v2\/product_tag?post=3712"},{"taxonomy":"product_family","embeddable":true,"href":"https:\/\/staging.ecommerce.tuttocapsuletools.it\/fr\/wp-json\/wp\/v2\/product_family?post=3712"},{"taxonomy":"product_group","embeddable":true,"href":"https:\/\/staging.ecommerce.tuttocapsuletools.it\/fr\/wp-json\/wp\/v2\/product_group?post=3712"},{"taxonomy":"product_class","embeddable":true,"href":"https:\/\/staging.ecommerce.tuttocapsuletools.it\/fr\/wp-json\/wp\/v2\/product_class?post=3712"}],"curies":[{"name":"wp","href":"https:\/\/api.w.org\/{rel}","templated":true}]}}