{"id":3756,"date":"2026-01-17T18:26:01","date_gmt":"2026-01-17T17:26:01","guid":{"rendered":"https:\/\/staging.ecommerce.tuttocapsuletools.it\/prodotto\/lavazza-a-modo-mio-caffe-divino-conf-16-box-16\/"},"modified":"2026-04-16T03:23:38","modified_gmt":"2026-04-16T01:23:38","slug":"lavazza-a-modo-mio-caffe-divino-conf-16-box-16","status":"publish","type":"product","link":"https:\/\/staging.ecommerce.tuttocapsuletools.it\/fr\/prodotto\/lavazza-a-modo-mio-caffe-divino-conf-16-box-16\/","title":{"rendered":"Lavazza Divino 16 capsule"},"content":{"rendered":"<p>N\u00e9 d&rsquo;Arabicas fins d&rsquo;Am\u00e9rique centrale et du Sud et de Robustas asiatiques, ce m\u00e9lange se distingue par une torr\u00e9faction fonc\u00e9e qui r\u00e9v\u00e8le un corps plein et rond. Le profil aromatique est rehauss\u00e9 de notes persistantes de cacao et de fruits secs, offrant un espresso intense et velout\u00e9. Le choix id\u00e9al pour ceux qui recherchent un caf\u00e9 sophistiqu\u00e9, au go\u00fbt raffin\u00e9 et profond\u00e9ment harmonieux.<\/p>\n","protected":false},"excerpt":{"rendered":"<p>16 capsules originales Lavazza A Modo Mio M\u00e9lange d&rsquo;Arabica et de Robusta Torr\u00e9faction : Fonc\u00e9e Provenance du caf\u00e9 : Afrique, Am\u00e9rique du Sud, Asie du Sud Longueur conseill\u00e9e : 35 ml<\/p>\n","protected":false},"featured_media":1545,"comment_status":"open","ping_status":"closed","template":"","meta":{"_acf_changed":false},"product_brand":[367],"product_cat":[329,320],"product_tag":[],"product_family":[],"product_group":[],"product_class":[],"class_list":{"0":"post-3756","1":"product","2":"type-product","3":"status-publish","4":"has-post-thumbnail","6":"product_brand-lavazza","7":"product_cat-amm","8":"product_cat-caf","10":"first","11":"instock","12":"shipping-taxable","13":"purchasable","14":"product-type-simple"},"acf":[],"_links":{"self":[{"href":"https:\/\/staging.ecommerce.tuttocapsuletools.it\/fr\/wp-json\/wp\/v2\/product\/3756","targetHints":{"allow":["GET"]}}],"collection":[{"href":"https:\/\/staging.ecommerce.tuttocapsuletools.it\/fr\/wp-json\/wp\/v2\/product"}],"about":[{"href":"https:\/\/staging.ecommerce.tuttocapsuletools.it\/fr\/wp-json\/wp\/v2\/types\/product"}],"replies":[{"embeddable":true,"href":"https:\/\/staging.ecommerce.tuttocapsuletools.it\/fr\/wp-json\/wp\/v2\/comments?post=3756"}],"wp:featuredmedia":[{"embeddable":true,"href":"https:\/\/staging.ecommerce.tuttocapsuletools.it\/fr\/wp-json\/wp\/v2\/media\/1545"}],"wp:attachment":[{"href":"https:\/\/staging.ecommerce.tuttocapsuletools.it\/fr\/wp-json\/wp\/v2\/media?parent=3756"}],"wp:term":[{"taxonomy":"product_brand","embeddable":true,"href":"https:\/\/staging.ecommerce.tuttocapsuletools.it\/fr\/wp-json\/wp\/v2\/product_brand?post=3756"},{"taxonomy":"product_cat","embeddable":true,"href":"https:\/\/staging.ecommerce.tuttocapsuletools.it\/fr\/wp-json\/wp\/v2\/product_cat?post=3756"},{"taxonomy":"product_tag","embeddable":true,"href":"https:\/\/staging.ecommerce.tuttocapsuletools.it\/fr\/wp-json\/wp\/v2\/product_tag?post=3756"},{"taxonomy":"product_family","embeddable":true,"href":"https:\/\/staging.ecommerce.tuttocapsuletools.it\/fr\/wp-json\/wp\/v2\/product_family?post=3756"},{"taxonomy":"product_group","embeddable":true,"href":"https:\/\/staging.ecommerce.tuttocapsuletools.it\/fr\/wp-json\/wp\/v2\/product_group?post=3756"},{"taxonomy":"product_class","embeddable":true,"href":"https:\/\/staging.ecommerce.tuttocapsuletools.it\/fr\/wp-json\/wp\/v2\/product_class?post=3756"}],"curies":[{"name":"wp","href":"https:\/\/api.w.org\/{rel}","templated":true}]}}