{"id":3762,"date":"2026-01-17T18:26:03","date_gmt":"2026-01-17T17:26:03","guid":{"rendered":"https:\/\/staging.ecommerce.tuttocapsuletools.it\/prodotto\/lavazza-a-modo-mio-caffe-delizioso-conf-36-box-10\/"},"modified":"2026-04-15T22:08:56","modified_gmt":"2026-04-15T20:08:56","slug":"lavazza-a-modo-mio-caffe-delizioso-conf-36-box-10","status":"publish","type":"product","link":"https:\/\/staging.ecommerce.tuttocapsuletools.it\/fr\/prodotto\/lavazza-a-modo-mio-caffe-delizioso-conf-36-box-10\/","title":{"rendered":"Lavazza Delizioso 36 capsule"},"content":{"rendered":"<p>Un m\u00e9lange d&rsquo;Arabica du Br\u00e9sil et d&rsquo;Am\u00e9rique centrale et du Sud qui offre un espresso \u00e0 l&rsquo;ar\u00f4me harmonieux et raffin\u00e9. La torr\u00e9faction moyenne exalte la douceur naturelle des grains, r\u00e9v\u00e9lant d&rsquo;\u00e9l\u00e9gantes notes florales et un d\u00e9licat arri\u00e8re-go\u00fbt de raisins secs. Un caf\u00e9 au corps l\u00e9ger et \u00e0 la cr\u00e8me velout\u00e9e, parfait pour ceux qui pr\u00e9f\u00e8rent une gorg\u00e9e douce, \u00e9quilibr\u00e9e et riche en nuances parfum\u00e9es.<\/p>\n","protected":false},"excerpt":{"rendered":"<p>36 capsules originales Lavazza A Modo Mio<br \/>\nM\u00e9lange 100% Arabica<br \/>\nTorr\u00e9faction : Moyenne<br \/>\nProvenance du caf\u00e9 : Am\u00e9rique du Sud, Asie du Sud<br \/>\nLongueur conseill\u00e9e : 35 ml<\/p>\n","protected":false},"featured_media":1551,"comment_status":"open","ping_status":"closed","template":"","meta":{"_acf_changed":false},"product_brand":[367],"product_cat":[329,320],"product_tag":[],"product_family":[],"product_group":[],"product_class":[],"class_list":{"0":"post-3762","1":"product","2":"type-product","3":"status-publish","4":"has-post-thumbnail","6":"product_brand-lavazza","7":"product_cat-amm","8":"product_cat-caf","10":"first","11":"instock","12":"shipping-taxable","13":"purchasable","14":"product-type-simple"},"acf":[],"_links":{"self":[{"href":"https:\/\/staging.ecommerce.tuttocapsuletools.it\/fr\/wp-json\/wp\/v2\/product\/3762","targetHints":{"allow":["GET"]}}],"collection":[{"href":"https:\/\/staging.ecommerce.tuttocapsuletools.it\/fr\/wp-json\/wp\/v2\/product"}],"about":[{"href":"https:\/\/staging.ecommerce.tuttocapsuletools.it\/fr\/wp-json\/wp\/v2\/types\/product"}],"replies":[{"embeddable":true,"href":"https:\/\/staging.ecommerce.tuttocapsuletools.it\/fr\/wp-json\/wp\/v2\/comments?post=3762"}],"wp:featuredmedia":[{"embeddable":true,"href":"https:\/\/staging.ecommerce.tuttocapsuletools.it\/fr\/wp-json\/wp\/v2\/media\/1551"}],"wp:attachment":[{"href":"https:\/\/staging.ecommerce.tuttocapsuletools.it\/fr\/wp-json\/wp\/v2\/media?parent=3762"}],"wp:term":[{"taxonomy":"product_brand","embeddable":true,"href":"https:\/\/staging.ecommerce.tuttocapsuletools.it\/fr\/wp-json\/wp\/v2\/product_brand?post=3762"},{"taxonomy":"product_cat","embeddable":true,"href":"https:\/\/staging.ecommerce.tuttocapsuletools.it\/fr\/wp-json\/wp\/v2\/product_cat?post=3762"},{"taxonomy":"product_tag","embeddable":true,"href":"https:\/\/staging.ecommerce.tuttocapsuletools.it\/fr\/wp-json\/wp\/v2\/product_tag?post=3762"},{"taxonomy":"product_family","embeddable":true,"href":"https:\/\/staging.ecommerce.tuttocapsuletools.it\/fr\/wp-json\/wp\/v2\/product_family?post=3762"},{"taxonomy":"product_group","embeddable":true,"href":"https:\/\/staging.ecommerce.tuttocapsuletools.it\/fr\/wp-json\/wp\/v2\/product_group?post=3762"},{"taxonomy":"product_class","embeddable":true,"href":"https:\/\/staging.ecommerce.tuttocapsuletools.it\/fr\/wp-json\/wp\/v2\/product_class?post=3762"}],"curies":[{"name":"wp","href":"https:\/\/api.w.org\/{rel}","templated":true}]}}