{"id":3772,"date":"2026-01-17T18:26:06","date_gmt":"2026-01-17T17:26:06","guid":{"rendered":"https:\/\/staging.ecommerce.tuttocapsuletools.it\/prodotto\/lavazza-a-modo-mio-caffe-qualita-rossa-conf-54-box-4\/"},"modified":"2026-04-15T23:53:51","modified_gmt":"2026-04-15T21:53:51","slug":"lavazza-a-modo-mio-caffe-qualita-rossa-conf-54-box-4","status":"publish","type":"product","link":"https:\/\/staging.ecommerce.tuttocapsuletools.it\/fr\/prodotto\/lavazza-a-modo-mio-caffe-qualita-rossa-conf-54-box-4\/","title":{"rendered":"Lavazza Qualit\u00e0 Rossa 54 capsule"},"content":{"rendered":"<p>Un grand classique qui incarne toute la passion de Lavazza. La rencontre entre l&rsquo;\u00e2me des Arabicas br\u00e9siliens et la vigueur des Robustas africains donne un espresso plein et \u00e9quilibr\u00e9. Caract\u00e9ris\u00e9 par un ar\u00f4me chaud et enveloppant avec des notes intenses de chocolat et de fruits secs, c&rsquo;est le m\u00e9lange id\u00e9al pour ceux qui recherchent une pause \u00e9nergique et un go\u00fbt r\u00e9confortant, parfait \u00e0 tout moment de la journ\u00e9e.<\/p>\n","protected":false},"excerpt":{"rendered":"<p>54 capsules originales Lavazza A Modo Mio<br \/>\nM\u00e9lange d&rsquo;Arabica et de Robusta<br \/>\nTorr\u00e9faction : Moyenne<br \/>\nProvenance du caf\u00e9 : Am\u00e9rique du Sud, Afrique<br \/>\nLongueur conseill\u00e9e : 35 ml<\/p>\n","protected":false},"featured_media":1561,"comment_status":"open","ping_status":"closed","template":"","meta":{"_acf_changed":false},"product_brand":[367],"product_cat":[329,320],"product_tag":[],"product_family":[],"product_group":[],"product_class":[],"class_list":{"0":"post-3772","1":"product","2":"type-product","3":"status-publish","4":"has-post-thumbnail","6":"product_brand-lavazza","7":"product_cat-amm","8":"product_cat-caf","10":"first","11":"instock","12":"shipping-taxable","13":"purchasable","14":"product-type-simple"},"acf":[],"_links":{"self":[{"href":"https:\/\/staging.ecommerce.tuttocapsuletools.it\/fr\/wp-json\/wp\/v2\/product\/3772","targetHints":{"allow":["GET"]}}],"collection":[{"href":"https:\/\/staging.ecommerce.tuttocapsuletools.it\/fr\/wp-json\/wp\/v2\/product"}],"about":[{"href":"https:\/\/staging.ecommerce.tuttocapsuletools.it\/fr\/wp-json\/wp\/v2\/types\/product"}],"replies":[{"embeddable":true,"href":"https:\/\/staging.ecommerce.tuttocapsuletools.it\/fr\/wp-json\/wp\/v2\/comments?post=3772"}],"wp:featuredmedia":[{"embeddable":true,"href":"https:\/\/staging.ecommerce.tuttocapsuletools.it\/fr\/wp-json\/wp\/v2\/media\/1561"}],"wp:attachment":[{"href":"https:\/\/staging.ecommerce.tuttocapsuletools.it\/fr\/wp-json\/wp\/v2\/media?parent=3772"}],"wp:term":[{"taxonomy":"product_brand","embeddable":true,"href":"https:\/\/staging.ecommerce.tuttocapsuletools.it\/fr\/wp-json\/wp\/v2\/product_brand?post=3772"},{"taxonomy":"product_cat","embeddable":true,"href":"https:\/\/staging.ecommerce.tuttocapsuletools.it\/fr\/wp-json\/wp\/v2\/product_cat?post=3772"},{"taxonomy":"product_tag","embeddable":true,"href":"https:\/\/staging.ecommerce.tuttocapsuletools.it\/fr\/wp-json\/wp\/v2\/product_tag?post=3772"},{"taxonomy":"product_family","embeddable":true,"href":"https:\/\/staging.ecommerce.tuttocapsuletools.it\/fr\/wp-json\/wp\/v2\/product_family?post=3772"},{"taxonomy":"product_group","embeddable":true,"href":"https:\/\/staging.ecommerce.tuttocapsuletools.it\/fr\/wp-json\/wp\/v2\/product_group?post=3772"},{"taxonomy":"product_class","embeddable":true,"href":"https:\/\/staging.ecommerce.tuttocapsuletools.it\/fr\/wp-json\/wp\/v2\/product_class?post=3772"}],"curies":[{"name":"wp","href":"https:\/\/api.w.org\/{rel}","templated":true}]}}