{"id":3774,"date":"2026-01-17T18:26:06","date_gmt":"2026-01-17T17:26:06","guid":{"rendered":"https:\/\/staging.ecommerce.tuttocapsuletools.it\/prodotto\/lavazza-a-modo-mio-caffe-crema-e-gusto-forte-conf-36-box-10\/"},"modified":"2026-04-16T00:08:54","modified_gmt":"2026-04-15T22:08:54","slug":"lavazza-a-modo-mio-caffe-crema-e-gusto-forte-conf-36-box-10","status":"publish","type":"product","link":"https:\/\/staging.ecommerce.tuttocapsuletools.it\/fr\/prodotto\/lavazza-a-modo-mio-caffe-crema-e-gusto-forte-conf-36-box-10\/","title":{"rendered":"Lavazza Crema e Gusto Forte 36 capsule"},"content":{"rendered":"<p>Un boost d&rsquo;intensit\u00e9 d\u00e9cisive. Un m\u00e9lange compos\u00e9 principalement de Robustas africains et asiatiques de qualit\u00e9, d\u00e9di\u00e9 \u00e0 ceux qui recherchent un r\u00e9veil \u00e9nergique. La torr\u00e9faction fonc\u00e9e exalte un corps imposant et une cr\u00e8me tr\u00e8s dense, lib\u00e9rant de fortes notes de cacao amer et de bois pr\u00e9cieux. Un expresso au caract\u00e8re indomptable, id\u00e9al pour ceux qui d\u00e9sirent un caf\u00e9 au go\u00fbt persistant et vigoureux.<\/p>\n","protected":false},"excerpt":{"rendered":"<p>36 capsules originales Lavazza A Modo Mio<br \/>\nM\u00e9lange d&rsquo;Arabica et de Robusta<br \/>\nTorr\u00e9faction : Moyenne<br \/>\nOrigine du caf\u00e9 : Am\u00e9rique du Sud, Afrique, Asie du Sud-Est<br \/>\nLongueur conseill\u00e9e : 35 ml<\/p>\n","protected":false},"featured_media":1563,"comment_status":"open","ping_status":"closed","template":"","meta":{"_acf_changed":false},"product_brand":[367],"product_cat":[329,320],"product_tag":[],"product_family":[],"product_group":[],"product_class":[],"class_list":{"0":"post-3774","1":"product","2":"type-product","3":"status-publish","4":"has-post-thumbnail","6":"product_brand-lavazza","7":"product_cat-amm","8":"product_cat-caf","10":"first","11":"instock","12":"shipping-taxable","13":"purchasable","14":"product-type-simple"},"acf":[],"_links":{"self":[{"href":"https:\/\/staging.ecommerce.tuttocapsuletools.it\/fr\/wp-json\/wp\/v2\/product\/3774","targetHints":{"allow":["GET"]}}],"collection":[{"href":"https:\/\/staging.ecommerce.tuttocapsuletools.it\/fr\/wp-json\/wp\/v2\/product"}],"about":[{"href":"https:\/\/staging.ecommerce.tuttocapsuletools.it\/fr\/wp-json\/wp\/v2\/types\/product"}],"replies":[{"embeddable":true,"href":"https:\/\/staging.ecommerce.tuttocapsuletools.it\/fr\/wp-json\/wp\/v2\/comments?post=3774"}],"wp:featuredmedia":[{"embeddable":true,"href":"https:\/\/staging.ecommerce.tuttocapsuletools.it\/fr\/wp-json\/wp\/v2\/media\/1563"}],"wp:attachment":[{"href":"https:\/\/staging.ecommerce.tuttocapsuletools.it\/fr\/wp-json\/wp\/v2\/media?parent=3774"}],"wp:term":[{"taxonomy":"product_brand","embeddable":true,"href":"https:\/\/staging.ecommerce.tuttocapsuletools.it\/fr\/wp-json\/wp\/v2\/product_brand?post=3774"},{"taxonomy":"product_cat","embeddable":true,"href":"https:\/\/staging.ecommerce.tuttocapsuletools.it\/fr\/wp-json\/wp\/v2\/product_cat?post=3774"},{"taxonomy":"product_tag","embeddable":true,"href":"https:\/\/staging.ecommerce.tuttocapsuletools.it\/fr\/wp-json\/wp\/v2\/product_tag?post=3774"},{"taxonomy":"product_family","embeddable":true,"href":"https:\/\/staging.ecommerce.tuttocapsuletools.it\/fr\/wp-json\/wp\/v2\/product_family?post=3774"},{"taxonomy":"product_group","embeddable":true,"href":"https:\/\/staging.ecommerce.tuttocapsuletools.it\/fr\/wp-json\/wp\/v2\/product_group?post=3774"},{"taxonomy":"product_class","embeddable":true,"href":"https:\/\/staging.ecommerce.tuttocapsuletools.it\/fr\/wp-json\/wp\/v2\/product_class?post=3774"}],"curies":[{"name":"wp","href":"https:\/\/api.w.org\/{rel}","templated":true}]}}