{"id":3788,"date":"2026-01-17T18:26:58","date_gmt":"2026-01-17T17:26:58","guid":{"rendered":"https:\/\/staging.ecommerce.tuttocapsuletools.it\/prodotto\/lavazza-a-modo-mio-decaffeinato-cremoso-dek-conf-36-box-10\/"},"modified":"2026-04-15T22:38:42","modified_gmt":"2026-04-15T20:38:42","slug":"lavazza-a-modo-mio-decaffeinato-cremoso-dek-conf-36-box-10","status":"publish","type":"product","link":"https:\/\/staging.ecommerce.tuttocapsuletools.it\/fr\/prodotto\/lavazza-a-modo-mio-decaffeinato-cremoso-dek-conf-36-box-10\/","title":{"rendered":"Lavazza Decaffeinato 36 capsule"},"content":{"rendered":"<p>Tout le go\u00fbt, sans caf\u00e9ine. Un espresso plein et \u00e9quilibr\u00e9 qui conserve intact l&rsquo;ar\u00f4me et le corps du caf\u00e9 classique gr\u00e2ce \u00e0 un processus de d\u00e9caf\u00e9ination naturelle. Caract\u00e9ris\u00e9 par une torr\u00e9faction moyenne qui en exalte la douceur, il r\u00e9v\u00e8le d&rsquo;agr\u00e9ables notes de c\u00e9r\u00e9ales grill\u00e9es et un arri\u00e8re-go\u00fbt doux et persistant. Le choix id\u00e9al pour ceux qui d\u00e9sirent le plaisir d&rsquo;un excellent caf\u00e9 Lavazza \u00e0 tout moment de la journ\u00e9e, sans renoncer \u00e0 la richesse du go\u00fbt.<\/p>\n","protected":false},"excerpt":{"rendered":"<p>36 capsules originales Lavazza A Modo Mio<br \/>\nM\u00e9lange Arabica et Robusta<br \/>\nTorr\u00e9faction : Moyenne<br \/>\nProvenance du caf\u00e9 : Am\u00e9rique du Sud, Asie du Sud-Est<br \/>\nLongueur conseill\u00e9e : 35 ml<\/p>\n","protected":false},"featured_media":1577,"comment_status":"open","ping_status":"closed","template":"","meta":{"_acf_changed":false},"product_brand":[367],"product_cat":[329,321],"product_tag":[],"product_family":[],"product_group":[],"product_class":[],"class_list":{"0":"post-3788","1":"product","2":"type-product","3":"status-publish","4":"has-post-thumbnail","6":"product_brand-lavazza","7":"product_cat-amm","8":"product_cat-dek","10":"first","11":"instock","12":"shipping-taxable","13":"purchasable","14":"product-type-simple"},"acf":[],"_links":{"self":[{"href":"https:\/\/staging.ecommerce.tuttocapsuletools.it\/fr\/wp-json\/wp\/v2\/product\/3788","targetHints":{"allow":["GET"]}}],"collection":[{"href":"https:\/\/staging.ecommerce.tuttocapsuletools.it\/fr\/wp-json\/wp\/v2\/product"}],"about":[{"href":"https:\/\/staging.ecommerce.tuttocapsuletools.it\/fr\/wp-json\/wp\/v2\/types\/product"}],"replies":[{"embeddable":true,"href":"https:\/\/staging.ecommerce.tuttocapsuletools.it\/fr\/wp-json\/wp\/v2\/comments?post=3788"}],"wp:featuredmedia":[{"embeddable":true,"href":"https:\/\/staging.ecommerce.tuttocapsuletools.it\/fr\/wp-json\/wp\/v2\/media\/1577"}],"wp:attachment":[{"href":"https:\/\/staging.ecommerce.tuttocapsuletools.it\/fr\/wp-json\/wp\/v2\/media?parent=3788"}],"wp:term":[{"taxonomy":"product_brand","embeddable":true,"href":"https:\/\/staging.ecommerce.tuttocapsuletools.it\/fr\/wp-json\/wp\/v2\/product_brand?post=3788"},{"taxonomy":"product_cat","embeddable":true,"href":"https:\/\/staging.ecommerce.tuttocapsuletools.it\/fr\/wp-json\/wp\/v2\/product_cat?post=3788"},{"taxonomy":"product_tag","embeddable":true,"href":"https:\/\/staging.ecommerce.tuttocapsuletools.it\/fr\/wp-json\/wp\/v2\/product_tag?post=3788"},{"taxonomy":"product_family","embeddable":true,"href":"https:\/\/staging.ecommerce.tuttocapsuletools.it\/fr\/wp-json\/wp\/v2\/product_family?post=3788"},{"taxonomy":"product_group","embeddable":true,"href":"https:\/\/staging.ecommerce.tuttocapsuletools.it\/fr\/wp-json\/wp\/v2\/product_group?post=3788"},{"taxonomy":"product_class","embeddable":true,"href":"https:\/\/staging.ecommerce.tuttocapsuletools.it\/fr\/wp-json\/wp\/v2\/product_class?post=3788"}],"curies":[{"name":"wp","href":"https:\/\/api.w.org\/{rel}","templated":true}]}}