{"id":3790,"date":"2026-01-17T18:26:58","date_gmt":"2026-01-17T17:26:58","guid":{"rendered":"https:\/\/staging.ecommerce.tuttocapsuletools.it\/prodotto\/lavazza-a-modo-mio-macchina-tiny-eco\/"},"modified":"2026-04-15T20:24:36","modified_gmt":"2026-04-15T18:24:36","slug":"lavazza-a-modo-mio-macchina-tiny-eco","status":"publish","type":"product","link":"https:\/\/staging.ecommerce.tuttocapsuletools.it\/fr\/prodotto\/lavazza-a-modo-mio-macchina-tiny-eco\/","title":{"rendered":"Lavazza Tiny Eco Macchina"},"content":{"rendered":"<p>Avec Tiny Eco, vous faites un choix responsable pour l&rsquo;environnement. La premi\u00e8re machine Lavazza A Modo Mio fabriqu\u00e9e avec du plastique recycl\u00e9. Malgr\u00e9 sa petite taille, Tiny est une grande machine \u00e0 caf\u00e9 Lavazza A Modo Mio. Elle est belle, compacte et surtout pratique : un seul bouton peut \u00eatre utilis\u00e9 pour pr\u00e9parer le caf\u00e9, allumer et \u00e9teindre la machine. **Les images sont \u00e0 titre indicatif. La couleur de la machine peut varier.<\/p>\n","protected":false},"excerpt":{"rendered":"<p>Machine \u00e0 capsules A Modo Mio<br \/>\nArr\u00eat automatique<br \/>\nR\u00e9servoir 0,6 l<br \/>\n\u00c9jection automatique : Non<br \/>\nDosage manuel<br \/>\nId\u00e9al pour caf\u00e9 espresso ou espresso long<\/p>\n","protected":false},"featured_media":1579,"comment_status":"open","ping_status":"closed","template":"","meta":{"_acf_changed":false},"product_brand":[367],"product_cat":[329,317],"product_tag":[],"product_family":[],"product_group":[],"product_class":[],"class_list":{"0":"post-3790","1":"product","2":"type-product","3":"status-publish","4":"has-post-thumbnail","6":"product_brand-lavazza","7":"product_cat-amm","8":"product_cat-mac","10":"first","11":"instock","12":"shipping-taxable","13":"purchasable","14":"product-type-simple"},"acf":[],"_links":{"self":[{"href":"https:\/\/staging.ecommerce.tuttocapsuletools.it\/fr\/wp-json\/wp\/v2\/product\/3790","targetHints":{"allow":["GET"]}}],"collection":[{"href":"https:\/\/staging.ecommerce.tuttocapsuletools.it\/fr\/wp-json\/wp\/v2\/product"}],"about":[{"href":"https:\/\/staging.ecommerce.tuttocapsuletools.it\/fr\/wp-json\/wp\/v2\/types\/product"}],"replies":[{"embeddable":true,"href":"https:\/\/staging.ecommerce.tuttocapsuletools.it\/fr\/wp-json\/wp\/v2\/comments?post=3790"}],"wp:featuredmedia":[{"embeddable":true,"href":"https:\/\/staging.ecommerce.tuttocapsuletools.it\/fr\/wp-json\/wp\/v2\/media\/1579"}],"wp:attachment":[{"href":"https:\/\/staging.ecommerce.tuttocapsuletools.it\/fr\/wp-json\/wp\/v2\/media?parent=3790"}],"wp:term":[{"taxonomy":"product_brand","embeddable":true,"href":"https:\/\/staging.ecommerce.tuttocapsuletools.it\/fr\/wp-json\/wp\/v2\/product_brand?post=3790"},{"taxonomy":"product_cat","embeddable":true,"href":"https:\/\/staging.ecommerce.tuttocapsuletools.it\/fr\/wp-json\/wp\/v2\/product_cat?post=3790"},{"taxonomy":"product_tag","embeddable":true,"href":"https:\/\/staging.ecommerce.tuttocapsuletools.it\/fr\/wp-json\/wp\/v2\/product_tag?post=3790"},{"taxonomy":"product_family","embeddable":true,"href":"https:\/\/staging.ecommerce.tuttocapsuletools.it\/fr\/wp-json\/wp\/v2\/product_family?post=3790"},{"taxonomy":"product_group","embeddable":true,"href":"https:\/\/staging.ecommerce.tuttocapsuletools.it\/fr\/wp-json\/wp\/v2\/product_group?post=3790"},{"taxonomy":"product_class","embeddable":true,"href":"https:\/\/staging.ecommerce.tuttocapsuletools.it\/fr\/wp-json\/wp\/v2\/product_class?post=3790"}],"curies":[{"name":"wp","href":"https:\/\/api.w.org\/{rel}","templated":true}]}}