{"id":3794,"date":"2026-01-17T18:26:59","date_gmt":"2026-01-17T17:26:59","guid":{"rendered":"https:\/\/staging.ecommerce.tuttocapsuletools.it\/prodotto\/lavazza-a-modo-mio-macchina-desea\/"},"modified":"2026-04-15T22:08:58","modified_gmt":"2026-04-15T20:08:58","slug":"lavazza-a-modo-mio-macchina-desea","status":"publish","type":"product","link":"https:\/\/staging.ecommerce.tuttocapsuletools.it\/fr\/prodotto\/lavazza-a-modo-mio-macchina-desea\/","title":{"rendered":"Lavazza Desea Macchina"},"content":{"rendered":"<p>Le plaisir de l&rsquo;espresso rencontre l&rsquo;excellence du lait. Apportez l&rsquo;exp\u00e9rience d&rsquo;un v\u00e9ritable caf\u00e9 italien chez vous. Gr\u00e2ce \u00e0 l&rsquo;interface tactile intuitive, vous pouvez personnaliser chaque instant : choisissez parmi 4 dosages d&rsquo;espresso diff\u00e9rents ou laissez-vous envelopper par les 5 recettes \u00e0 base de lait, pr\u00e9par\u00e9es \u00e0 la perfection d&rsquo;un simple toucher. Du Short Espresso au Cappuccino velout\u00e9, votre boisson pr\u00e9f\u00e9r\u00e9e est toujours \u00e0 port\u00e9e de main. Et vous, quel espresso choisissez-vous aujourd&rsquo;hui ? **Les images sont \u00e0 titre indicatif. La couleur de la machine peut varier.<\/p>\n","protected":false},"excerpt":{"rendered":"<p>Machine \u00e0 capsules A Modo Mio<br \/>\nArr\u00eat automatique<br \/>\nR\u00e9servoir 1,1 l<br \/>\n\u00c9jection automatique : Oui<br \/>\nDosage automatique<br \/>\nId\u00e9ale pour le caf\u00e9 et les boissons lact\u00e9es<\/p>\n","protected":false},"featured_media":1583,"comment_status":"open","ping_status":"closed","template":"","meta":{"_acf_changed":false},"product_brand":[367],"product_cat":[329,317],"product_tag":[],"product_family":[],"product_group":[],"product_class":[],"class_list":{"0":"post-3794","1":"product","2":"type-product","3":"status-publish","4":"has-post-thumbnail","6":"product_brand-lavazza","7":"product_cat-amm","8":"product_cat-mac","10":"first","11":"instock","12":"shipping-taxable","13":"purchasable","14":"product-type-simple"},"acf":[],"_links":{"self":[{"href":"https:\/\/staging.ecommerce.tuttocapsuletools.it\/fr\/wp-json\/wp\/v2\/product\/3794","targetHints":{"allow":["GET"]}}],"collection":[{"href":"https:\/\/staging.ecommerce.tuttocapsuletools.it\/fr\/wp-json\/wp\/v2\/product"}],"about":[{"href":"https:\/\/staging.ecommerce.tuttocapsuletools.it\/fr\/wp-json\/wp\/v2\/types\/product"}],"replies":[{"embeddable":true,"href":"https:\/\/staging.ecommerce.tuttocapsuletools.it\/fr\/wp-json\/wp\/v2\/comments?post=3794"}],"wp:featuredmedia":[{"embeddable":true,"href":"https:\/\/staging.ecommerce.tuttocapsuletools.it\/fr\/wp-json\/wp\/v2\/media\/1583"}],"wp:attachment":[{"href":"https:\/\/staging.ecommerce.tuttocapsuletools.it\/fr\/wp-json\/wp\/v2\/media?parent=3794"}],"wp:term":[{"taxonomy":"product_brand","embeddable":true,"href":"https:\/\/staging.ecommerce.tuttocapsuletools.it\/fr\/wp-json\/wp\/v2\/product_brand?post=3794"},{"taxonomy":"product_cat","embeddable":true,"href":"https:\/\/staging.ecommerce.tuttocapsuletools.it\/fr\/wp-json\/wp\/v2\/product_cat?post=3794"},{"taxonomy":"product_tag","embeddable":true,"href":"https:\/\/staging.ecommerce.tuttocapsuletools.it\/fr\/wp-json\/wp\/v2\/product_tag?post=3794"},{"taxonomy":"product_family","embeddable":true,"href":"https:\/\/staging.ecommerce.tuttocapsuletools.it\/fr\/wp-json\/wp\/v2\/product_family?post=3794"},{"taxonomy":"product_group","embeddable":true,"href":"https:\/\/staging.ecommerce.tuttocapsuletools.it\/fr\/wp-json\/wp\/v2\/product_group?post=3794"},{"taxonomy":"product_class","embeddable":true,"href":"https:\/\/staging.ecommerce.tuttocapsuletools.it\/fr\/wp-json\/wp\/v2\/product_class?post=3794"}],"curies":[{"name":"wp","href":"https:\/\/api.w.org\/{rel}","templated":true}]}}