{"id":3796,"date":"2026-01-17T18:27:00","date_gmt":"2026-01-17T17:27:00","guid":{"rendered":"https:\/\/staging.ecommerce.tuttocapsuletools.it\/prodotto\/lavazza-a-modo-mio-macchina-jolie-eco-evo-lm-860\/"},"modified":"2026-04-15T18:53:51","modified_gmt":"2026-04-15T16:53:51","slug":"lavazza-a-modo-mio-macchina-jolie-eco-evo-lm-860","status":"publish","type":"product","link":"https:\/\/staging.ecommerce.tuttocapsuletools.it\/fr\/prodotto\/lavazza-a-modo-mio-macchina-jolie-eco-evo-lm-860\/","title":{"rendered":"Lavazza Jolie Evo Macchina"},"content":{"rendered":"<p>L&rsquo;essence de l&rsquo;espresso rencontre la durabilit\u00e9 : Jolie Evo est fabriqu\u00e9e en partie avec du plastique recycl\u00e9, alliant \u00e9thique et esth\u00e9tique. Gr\u00e2ce \u00e0 son design compact et \u00e9l\u00e9gant, elle s&rsquo;int\u00e8gre avec style dans n&rsquo;importe quel coin de la maison. Silencieuse et intuitive, elle vous permet de d\u00e9guster un v\u00e9ritable espresso italien ou un caf\u00e9 long d&rsquo;un simple geste. Petite par la taille, grande par le choix. **Les images sont \u00e0 titre illustratif. La couleur de la machine peut varier.<\/p>\n","protected":false},"excerpt":{"rendered":"<p>Machine \u00e0 capsules A Modo Mio<br \/>\nArr\u00eat automatique<br \/>\nR\u00e9servoir 0,6 l<br \/>\n\u00c9jection automatique : Oui<br \/>\nDosage manuel<br \/>\nId\u00e9al pour caf\u00e9 espresso ou espresso long<\/p>\n","protected":false},"featured_media":1585,"comment_status":"open","ping_status":"closed","template":"","meta":{"_acf_changed":false},"product_brand":[367],"product_cat":[329,317],"product_tag":[],"product_family":[],"product_group":[],"product_class":[],"class_list":{"0":"post-3796","1":"product","2":"type-product","3":"status-publish","4":"has-post-thumbnail","6":"product_brand-lavazza","7":"product_cat-amm","8":"product_cat-mac","10":"first","11":"instock","12":"shipping-taxable","13":"purchasable","14":"product-type-simple"},"acf":[],"_links":{"self":[{"href":"https:\/\/staging.ecommerce.tuttocapsuletools.it\/fr\/wp-json\/wp\/v2\/product\/3796","targetHints":{"allow":["GET"]}}],"collection":[{"href":"https:\/\/staging.ecommerce.tuttocapsuletools.it\/fr\/wp-json\/wp\/v2\/product"}],"about":[{"href":"https:\/\/staging.ecommerce.tuttocapsuletools.it\/fr\/wp-json\/wp\/v2\/types\/product"}],"replies":[{"embeddable":true,"href":"https:\/\/staging.ecommerce.tuttocapsuletools.it\/fr\/wp-json\/wp\/v2\/comments?post=3796"}],"wp:featuredmedia":[{"embeddable":true,"href":"https:\/\/staging.ecommerce.tuttocapsuletools.it\/fr\/wp-json\/wp\/v2\/media\/1585"}],"wp:attachment":[{"href":"https:\/\/staging.ecommerce.tuttocapsuletools.it\/fr\/wp-json\/wp\/v2\/media?parent=3796"}],"wp:term":[{"taxonomy":"product_brand","embeddable":true,"href":"https:\/\/staging.ecommerce.tuttocapsuletools.it\/fr\/wp-json\/wp\/v2\/product_brand?post=3796"},{"taxonomy":"product_cat","embeddable":true,"href":"https:\/\/staging.ecommerce.tuttocapsuletools.it\/fr\/wp-json\/wp\/v2\/product_cat?post=3796"},{"taxonomy":"product_tag","embeddable":true,"href":"https:\/\/staging.ecommerce.tuttocapsuletools.it\/fr\/wp-json\/wp\/v2\/product_tag?post=3796"},{"taxonomy":"product_family","embeddable":true,"href":"https:\/\/staging.ecommerce.tuttocapsuletools.it\/fr\/wp-json\/wp\/v2\/product_family?post=3796"},{"taxonomy":"product_group","embeddable":true,"href":"https:\/\/staging.ecommerce.tuttocapsuletools.it\/fr\/wp-json\/wp\/v2\/product_group?post=3796"},{"taxonomy":"product_class","embeddable":true,"href":"https:\/\/staging.ecommerce.tuttocapsuletools.it\/fr\/wp-json\/wp\/v2\/product_class?post=3796"}],"curies":[{"name":"wp","href":"https:\/\/api.w.org\/{rel}","templated":true}]}}