{"id":3798,"date":"2026-01-17T18:27:00","date_gmt":"2026-01-17T17:27:00","guid":{"rendered":"https:\/\/staging.ecommerce.tuttocapsuletools.it\/prodotto\/lavazza-a-modo-mio-macchina-jolie-plus-eco-evo-lm861-2\/"},"modified":"2026-04-15T18:53:51","modified_gmt":"2026-04-15T16:53:51","slug":"lavazza-a-modo-mio-macchina-jolie-plus-eco-evo-lm861-2","status":"publish","type":"product","link":"https:\/\/staging.ecommerce.tuttocapsuletools.it\/fr\/prodotto\/lavazza-a-modo-mio-macchina-jolie-plus-eco-evo-lm861-2\/","title":{"rendered":"Lavazza Jolie Plus Evo Macchina"},"content":{"rendered":"<p>\u00c9l\u00e9gance durable et design silencieux. Compacte et silencieuse, Jolie Plus Evo est fabriqu\u00e9e en partie avec du plastique recycl\u00e9 et orn\u00e9e de finitions m\u00e9talliques haut de gamme. D&rsquo;une seule touche, vous pouvez choisir entre les deux r\u00e9glages de distribution pr\u00e9d\u00e9finis ou m\u00e9moriser la dose souhait\u00e9e pour votre expresso ou caf\u00e9 long. La synth\u00e8se parfaite entre style raffin\u00e9, praticit\u00e9 et amour pour la plan\u00e8te. **Les images sont \u00e0 titre indicatif. La couleur de la machine peut varier.<\/p>\n","protected":false},"excerpt":{"rendered":"<p>Machine \u00e0 capsules A Modo Mio<br \/>\nArr\u00eat automatique<br \/>\nR\u00e9servoir 0,6 l<br \/>\n\u00c9jection automatique : Oui<br \/>\nDosage automatique<br \/>\nId\u00e9al pour caf\u00e9 espresso ou espresso long<\/p>\n","protected":false},"featured_media":1587,"comment_status":"open","ping_status":"closed","template":"","meta":{"_acf_changed":false},"product_brand":[367],"product_cat":[329,317],"product_tag":[],"product_family":[],"product_group":[],"product_class":[],"class_list":{"0":"post-3798","1":"product","2":"type-product","3":"status-publish","4":"has-post-thumbnail","6":"product_brand-lavazza","7":"product_cat-amm","8":"product_cat-mac","10":"first","11":"instock","12":"shipping-taxable","13":"purchasable","14":"product-type-simple"},"acf":[],"_links":{"self":[{"href":"https:\/\/staging.ecommerce.tuttocapsuletools.it\/fr\/wp-json\/wp\/v2\/product\/3798","targetHints":{"allow":["GET"]}}],"collection":[{"href":"https:\/\/staging.ecommerce.tuttocapsuletools.it\/fr\/wp-json\/wp\/v2\/product"}],"about":[{"href":"https:\/\/staging.ecommerce.tuttocapsuletools.it\/fr\/wp-json\/wp\/v2\/types\/product"}],"replies":[{"embeddable":true,"href":"https:\/\/staging.ecommerce.tuttocapsuletools.it\/fr\/wp-json\/wp\/v2\/comments?post=3798"}],"wp:featuredmedia":[{"embeddable":true,"href":"https:\/\/staging.ecommerce.tuttocapsuletools.it\/fr\/wp-json\/wp\/v2\/media\/1587"}],"wp:attachment":[{"href":"https:\/\/staging.ecommerce.tuttocapsuletools.it\/fr\/wp-json\/wp\/v2\/media?parent=3798"}],"wp:term":[{"taxonomy":"product_brand","embeddable":true,"href":"https:\/\/staging.ecommerce.tuttocapsuletools.it\/fr\/wp-json\/wp\/v2\/product_brand?post=3798"},{"taxonomy":"product_cat","embeddable":true,"href":"https:\/\/staging.ecommerce.tuttocapsuletools.it\/fr\/wp-json\/wp\/v2\/product_cat?post=3798"},{"taxonomy":"product_tag","embeddable":true,"href":"https:\/\/staging.ecommerce.tuttocapsuletools.it\/fr\/wp-json\/wp\/v2\/product_tag?post=3798"},{"taxonomy":"product_family","embeddable":true,"href":"https:\/\/staging.ecommerce.tuttocapsuletools.it\/fr\/wp-json\/wp\/v2\/product_family?post=3798"},{"taxonomy":"product_group","embeddable":true,"href":"https:\/\/staging.ecommerce.tuttocapsuletools.it\/fr\/wp-json\/wp\/v2\/product_group?post=3798"},{"taxonomy":"product_class","embeddable":true,"href":"https:\/\/staging.ecommerce.tuttocapsuletools.it\/fr\/wp-json\/wp\/v2\/product_class?post=3798"}],"curies":[{"name":"wp","href":"https:\/\/api.w.org\/{rel}","templated":true}]}}