{"id":3800,"date":"2026-01-17T18:27:00","date_gmt":"2026-01-17T17:27:00","guid":{"rendered":"https:\/\/staging.ecommerce.tuttocapsuletools.it\/prodotto\/lavazza-a-modo-mio-solubile-orzo-conf-12-box-10\/"},"modified":"2026-04-16T03:23:42","modified_gmt":"2026-04-16T01:23:42","slug":"lavazza-a-modo-mio-solubile-orzo-conf-12-box-10","status":"publish","type":"product","link":"https:\/\/staging.ecommerce.tuttocapsuletools.it\/fr\/prodotto\/lavazza-a-modo-mio-solubile-orzo-conf-12-box-10\/","title":{"rendered":"Lavazza Orzo 12 capsule"},"content":{"rendered":"<p>Naturel et bien-\u00eatre au quotidien. Une alternative originale \u00e0 l&rsquo;espresso, faite exclusivement avec de l&rsquo;orge soluble d&rsquo;origine europ\u00e9enne. Il se distingue par l&rsquo;ar\u00f4me parfum\u00e9 de l&rsquo;orge torr\u00e9fi\u00e9e et un go\u00fbt \u00e9quilibr\u00e9 et persistant, id\u00e9al pour une pause r\u00e9g\u00e9n\u00e9rante \u00e0 tout moment de la journ\u00e9e. Naturellement sans caf\u00e9ine et sans sucres ajout\u00e9s, c&rsquo;est un choix sain et relaxant parfait pour toute la famille.<\/p>\n","protected":false},"excerpt":{"rendered":"<p>Contient 12 capsules originales Lavazza A Modo Mio<br \/>\nBoisson d&rsquo;orge soluble<br \/>\nLongueur conseill\u00e9e : 70 ml<\/p>\n","protected":false},"featured_media":1589,"comment_status":"open","ping_status":"closed","template":"","meta":{"_acf_changed":false},"product_brand":[367],"product_cat":[329,322],"product_tag":[],"product_family":[],"product_group":[],"product_class":[],"class_list":{"0":"post-3800","1":"product","2":"type-product","3":"status-publish","4":"has-post-thumbnail","6":"product_brand-lavazza","7":"product_cat-amm","8":"product_cat-sol","10":"first","11":"instock","12":"shipping-taxable","13":"purchasable","14":"product-type-simple"},"acf":[],"_links":{"self":[{"href":"https:\/\/staging.ecommerce.tuttocapsuletools.it\/fr\/wp-json\/wp\/v2\/product\/3800","targetHints":{"allow":["GET"]}}],"collection":[{"href":"https:\/\/staging.ecommerce.tuttocapsuletools.it\/fr\/wp-json\/wp\/v2\/product"}],"about":[{"href":"https:\/\/staging.ecommerce.tuttocapsuletools.it\/fr\/wp-json\/wp\/v2\/types\/product"}],"replies":[{"embeddable":true,"href":"https:\/\/staging.ecommerce.tuttocapsuletools.it\/fr\/wp-json\/wp\/v2\/comments?post=3800"}],"wp:featuredmedia":[{"embeddable":true,"href":"https:\/\/staging.ecommerce.tuttocapsuletools.it\/fr\/wp-json\/wp\/v2\/media\/1589"}],"wp:attachment":[{"href":"https:\/\/staging.ecommerce.tuttocapsuletools.it\/fr\/wp-json\/wp\/v2\/media?parent=3800"}],"wp:term":[{"taxonomy":"product_brand","embeddable":true,"href":"https:\/\/staging.ecommerce.tuttocapsuletools.it\/fr\/wp-json\/wp\/v2\/product_brand?post=3800"},{"taxonomy":"product_cat","embeddable":true,"href":"https:\/\/staging.ecommerce.tuttocapsuletools.it\/fr\/wp-json\/wp\/v2\/product_cat?post=3800"},{"taxonomy":"product_tag","embeddable":true,"href":"https:\/\/staging.ecommerce.tuttocapsuletools.it\/fr\/wp-json\/wp\/v2\/product_tag?post=3800"},{"taxonomy":"product_family","embeddable":true,"href":"https:\/\/staging.ecommerce.tuttocapsuletools.it\/fr\/wp-json\/wp\/v2\/product_family?post=3800"},{"taxonomy":"product_group","embeddable":true,"href":"https:\/\/staging.ecommerce.tuttocapsuletools.it\/fr\/wp-json\/wp\/v2\/product_group?post=3800"},{"taxonomy":"product_class","embeddable":true,"href":"https:\/\/staging.ecommerce.tuttocapsuletools.it\/fr\/wp-json\/wp\/v2\/product_class?post=3800"}],"curies":[{"name":"wp","href":"https:\/\/api.w.org\/{rel}","templated":true}]}}