{"id":3812,"date":"2026-01-17T18:27:02","date_gmt":"2026-01-17T17:27:02","guid":{"rendered":"https:\/\/staging.ecommerce.tuttocapsuletools.it\/prodotto\/lavazza-blue-caffe-napoli-espresso-conf-100-box-1\/"},"modified":"2026-04-16T01:38:48","modified_gmt":"2026-04-15T23:38:48","slug":"lavazza-blue-caffe-napoli-espresso-conf-100-box-1","status":"publish","type":"product","link":"https:\/\/staging.ecommerce.tuttocapsuletools.it\/fr\/prodotto\/lavazza-blue-caffe-napoli-espresso-conf-100-box-1\/","title":{"rendered":"Lavazza Napoli 100 capsule"},"content":{"rendered":"<p>Toute l&rsquo;intensit\u00e9 du caf\u00e9 napolitain dans un m\u00e9lange noir et cors\u00e9. Il se distingue par sa forte personnalit\u00e9, son onctuosit\u00e9 dense et un arri\u00e8re-go\u00fbt de cacao amer qui s\u00e9duit d\u00e8s la premi\u00e8re gorg\u00e9e.<\/p>\n","protected":false},"excerpt":{"rendered":"<p>Paquet de 100 capsules<br \/>\nCompatible avec Lavazza BLUE<br \/>\nM\u00e9lange Arabica et Robusta<br \/>\nTorr\u00e9faction : fonc\u00e9e<br \/>\nNotes aromatiques : Caramel<\/p>\n","protected":false},"featured_media":1601,"comment_status":"open","ping_status":"closed","template":"","meta":{"_acf_changed":false},"product_brand":[367],"product_cat":[330,320],"product_tag":[],"product_family":[],"product_group":[],"product_class":[],"class_list":{"0":"post-3812","1":"product","2":"type-product","3":"status-publish","4":"has-post-thumbnail","6":"product_brand-lavazza","7":"product_cat-blu","8":"product_cat-caf","10":"first","11":"instock","12":"shipping-taxable","13":"product-type-simple"},"acf":[],"_links":{"self":[{"href":"https:\/\/staging.ecommerce.tuttocapsuletools.it\/fr\/wp-json\/wp\/v2\/product\/3812","targetHints":{"allow":["GET"]}}],"collection":[{"href":"https:\/\/staging.ecommerce.tuttocapsuletools.it\/fr\/wp-json\/wp\/v2\/product"}],"about":[{"href":"https:\/\/staging.ecommerce.tuttocapsuletools.it\/fr\/wp-json\/wp\/v2\/types\/product"}],"replies":[{"embeddable":true,"href":"https:\/\/staging.ecommerce.tuttocapsuletools.it\/fr\/wp-json\/wp\/v2\/comments?post=3812"}],"wp:featuredmedia":[{"embeddable":true,"href":"https:\/\/staging.ecommerce.tuttocapsuletools.it\/fr\/wp-json\/wp\/v2\/media\/1601"}],"wp:attachment":[{"href":"https:\/\/staging.ecommerce.tuttocapsuletools.it\/fr\/wp-json\/wp\/v2\/media?parent=3812"}],"wp:term":[{"taxonomy":"product_brand","embeddable":true,"href":"https:\/\/staging.ecommerce.tuttocapsuletools.it\/fr\/wp-json\/wp\/v2\/product_brand?post=3812"},{"taxonomy":"product_cat","embeddable":true,"href":"https:\/\/staging.ecommerce.tuttocapsuletools.it\/fr\/wp-json\/wp\/v2\/product_cat?post=3812"},{"taxonomy":"product_tag","embeddable":true,"href":"https:\/\/staging.ecommerce.tuttocapsuletools.it\/fr\/wp-json\/wp\/v2\/product_tag?post=3812"},{"taxonomy":"product_family","embeddable":true,"href":"https:\/\/staging.ecommerce.tuttocapsuletools.it\/fr\/wp-json\/wp\/v2\/product_family?post=3812"},{"taxonomy":"product_group","embeddable":true,"href":"https:\/\/staging.ecommerce.tuttocapsuletools.it\/fr\/wp-json\/wp\/v2\/product_group?post=3812"},{"taxonomy":"product_class","embeddable":true,"href":"https:\/\/staging.ecommerce.tuttocapsuletools.it\/fr\/wp-json\/wp\/v2\/product_class?post=3812"}],"curies":[{"name":"wp","href":"https:\/\/api.w.org\/{rel}","templated":true}]}}