{"id":3830,"date":"2026-01-17T18:27:07","date_gmt":"2026-01-17T17:27:07","guid":{"rendered":"https:\/\/staging.ecommerce.tuttocapsuletools.it\/prodotto\/lavazza-espr-point-caffe-fap-aroma-club-lavazza-conf-100-box-1\/"},"modified":"2026-04-15T18:53:55","modified_gmt":"2026-04-15T16:53:55","slug":"lavazza-espr-point-caffe-fap-aroma-club-lavazza-conf-100-box-1","status":"publish","type":"product","link":"https:\/\/staging.ecommerce.tuttocapsuletools.it\/fr\/prodotto\/lavazza-espr-point-caffe-fap-aroma-club-lavazza-conf-100-box-1\/","title":{"rendered":"Lavazza Aroma Club 100 capsule"},"content":{"rendered":"<p>100 % Arabica, persistant et parfum\u00e9. Un m\u00e9lange exclusif compos\u00e9 des meilleurs caf\u00e9s Arabica d&rsquo;Am\u00e9rique du Sud et d&rsquo;Asie du Sud-Est qui donnent un expresso au go\u00fbt plein et persistant, caract\u00e9ris\u00e9 par une fragrance aromatique qui enveloppe le palais. Un choix raffin\u00e9 pour ceux qui d\u00e9sirent un caf\u00e9 harmonieux et de haute qualit\u00e9.<\/p>\n","protected":false},"excerpt":{"rendered":"<p>Paquet de 100 capsules originales Lavazza Espresso Point<br \/>\nM\u00e9lange 100% Arabica<br \/>\nTorr\u00e9faction: Moyennement claire<br \/>\nProvenance du caf\u00e9: Am\u00e9rique du Sud, Asie du Sud-Est<br \/>\nLongueur conseill\u00e9e: 35 ml<\/p>\n","protected":false},"featured_media":1619,"comment_status":"open","ping_status":"closed","template":"","meta":{"_acf_changed":false},"product_brand":[367],"product_cat":[320,334],"product_tag":[],"product_family":[],"product_group":[],"product_class":[],"class_list":{"0":"post-3830","1":"product","2":"type-product","3":"status-publish","4":"has-post-thumbnail","6":"product_brand-lavazza","7":"product_cat-caf","8":"product_cat-exp","10":"first","11":"instock","12":"shipping-taxable","13":"purchasable","14":"product-type-simple"},"acf":[],"_links":{"self":[{"href":"https:\/\/staging.ecommerce.tuttocapsuletools.it\/fr\/wp-json\/wp\/v2\/product\/3830","targetHints":{"allow":["GET"]}}],"collection":[{"href":"https:\/\/staging.ecommerce.tuttocapsuletools.it\/fr\/wp-json\/wp\/v2\/product"}],"about":[{"href":"https:\/\/staging.ecommerce.tuttocapsuletools.it\/fr\/wp-json\/wp\/v2\/types\/product"}],"replies":[{"embeddable":true,"href":"https:\/\/staging.ecommerce.tuttocapsuletools.it\/fr\/wp-json\/wp\/v2\/comments?post=3830"}],"wp:featuredmedia":[{"embeddable":true,"href":"https:\/\/staging.ecommerce.tuttocapsuletools.it\/fr\/wp-json\/wp\/v2\/media\/1619"}],"wp:attachment":[{"href":"https:\/\/staging.ecommerce.tuttocapsuletools.it\/fr\/wp-json\/wp\/v2\/media?parent=3830"}],"wp:term":[{"taxonomy":"product_brand","embeddable":true,"href":"https:\/\/staging.ecommerce.tuttocapsuletools.it\/fr\/wp-json\/wp\/v2\/product_brand?post=3830"},{"taxonomy":"product_cat","embeddable":true,"href":"https:\/\/staging.ecommerce.tuttocapsuletools.it\/fr\/wp-json\/wp\/v2\/product_cat?post=3830"},{"taxonomy":"product_tag","embeddable":true,"href":"https:\/\/staging.ecommerce.tuttocapsuletools.it\/fr\/wp-json\/wp\/v2\/product_tag?post=3830"},{"taxonomy":"product_family","embeddable":true,"href":"https:\/\/staging.ecommerce.tuttocapsuletools.it\/fr\/wp-json\/wp\/v2\/product_family?post=3830"},{"taxonomy":"product_group","embeddable":true,"href":"https:\/\/staging.ecommerce.tuttocapsuletools.it\/fr\/wp-json\/wp\/v2\/product_group?post=3830"},{"taxonomy":"product_class","embeddable":true,"href":"https:\/\/staging.ecommerce.tuttocapsuletools.it\/fr\/wp-json\/wp\/v2\/product_class?post=3830"}],"curies":[{"name":"wp","href":"https:\/\/api.w.org\/{rel}","templated":true}]}}