{"id":3832,"date":"2026-01-17T18:27:07","date_gmt":"2026-01-17T17:27:07","guid":{"rendered":"https:\/\/staging.ecommerce.tuttocapsuletools.it\/prodotto\/lavazza-espr-point-caffe-fap-aroma-point-lavazza-conf-100-box-1\/"},"modified":"2026-04-16T00:23:55","modified_gmt":"2026-04-15T22:23:55","slug":"lavazza-espr-point-caffe-fap-aroma-point-lavazza-conf-100-box-1","status":"publish","type":"product","link":"https:\/\/staging.ecommerce.tuttocapsuletools.it\/fr\/prodotto\/lavazza-espr-point-caffe-fap-aroma-point-lavazza-conf-100-box-1\/","title":{"rendered":"Lavazza Aroma Point 100 capsule"},"content":{"rendered":"<p>Plein et doux. Un \u00e9quilibre savant entre Arabica du Br\u00e9sil et d&rsquo;Am\u00e9rique Centrale et Robusta d&rsquo;Indon\u00e9sie. Ce m\u00e9lange se distingue par son corps riche et son arri\u00e8re-go\u00fbt doux et liquoreux, id\u00e9al pour ceux qui recherchent un espresso rond avec la force typique du syst\u00e8me Espresso Point.<\/p>\n","protected":false},"excerpt":{"rendered":"<p>Paquet de 100 capsules originales Lavazza Espresso Point<br \/>\nM\u00e9lange d&rsquo;Arabica et de Robusta<br \/>\nTorr\u00e9faction : Moyenne<br \/>\nOrigine du caf\u00e9 : Am\u00e9rique du Sud<br \/>\nLongueur conseill\u00e9e : 35 ml<\/p>\n","protected":false},"featured_media":1621,"comment_status":"open","ping_status":"closed","template":"","meta":{"_acf_changed":false},"product_brand":[367],"product_cat":[320,334],"product_tag":[],"product_family":[],"product_group":[],"product_class":[],"class_list":{"0":"post-3832","1":"product","2":"type-product","3":"status-publish","4":"has-post-thumbnail","6":"product_brand-lavazza","7":"product_cat-caf","8":"product_cat-exp","10":"first","11":"instock","12":"shipping-taxable","13":"purchasable","14":"product-type-simple"},"acf":[],"_links":{"self":[{"href":"https:\/\/staging.ecommerce.tuttocapsuletools.it\/fr\/wp-json\/wp\/v2\/product\/3832","targetHints":{"allow":["GET"]}}],"collection":[{"href":"https:\/\/staging.ecommerce.tuttocapsuletools.it\/fr\/wp-json\/wp\/v2\/product"}],"about":[{"href":"https:\/\/staging.ecommerce.tuttocapsuletools.it\/fr\/wp-json\/wp\/v2\/types\/product"}],"replies":[{"embeddable":true,"href":"https:\/\/staging.ecommerce.tuttocapsuletools.it\/fr\/wp-json\/wp\/v2\/comments?post=3832"}],"wp:featuredmedia":[{"embeddable":true,"href":"https:\/\/staging.ecommerce.tuttocapsuletools.it\/fr\/wp-json\/wp\/v2\/media\/1621"}],"wp:attachment":[{"href":"https:\/\/staging.ecommerce.tuttocapsuletools.it\/fr\/wp-json\/wp\/v2\/media?parent=3832"}],"wp:term":[{"taxonomy":"product_brand","embeddable":true,"href":"https:\/\/staging.ecommerce.tuttocapsuletools.it\/fr\/wp-json\/wp\/v2\/product_brand?post=3832"},{"taxonomy":"product_cat","embeddable":true,"href":"https:\/\/staging.ecommerce.tuttocapsuletools.it\/fr\/wp-json\/wp\/v2\/product_cat?post=3832"},{"taxonomy":"product_tag","embeddable":true,"href":"https:\/\/staging.ecommerce.tuttocapsuletools.it\/fr\/wp-json\/wp\/v2\/product_tag?post=3832"},{"taxonomy":"product_family","embeddable":true,"href":"https:\/\/staging.ecommerce.tuttocapsuletools.it\/fr\/wp-json\/wp\/v2\/product_family?post=3832"},{"taxonomy":"product_group","embeddable":true,"href":"https:\/\/staging.ecommerce.tuttocapsuletools.it\/fr\/wp-json\/wp\/v2\/product_group?post=3832"},{"taxonomy":"product_class","embeddable":true,"href":"https:\/\/staging.ecommerce.tuttocapsuletools.it\/fr\/wp-json\/wp\/v2\/product_class?post=3832"}],"curies":[{"name":"wp","href":"https:\/\/api.w.org\/{rel}","templated":true}]}}