{"id":3834,"date":"2026-01-17T18:27:08","date_gmt":"2026-01-17T17:27:08","guid":{"rendered":"https:\/\/staging.ecommerce.tuttocapsuletools.it\/prodotto\/lavazza-espr-point-caffe-fap-crema-aroma-lavazza-conf-100-box-1\/"},"modified":"2026-04-16T00:09:00","modified_gmt":"2026-04-15T22:09:00","slug":"lavazza-espr-point-caffe-fap-crema-aroma-lavazza-conf-100-box-1","status":"publish","type":"product","link":"https:\/\/staging.ecommerce.tuttocapsuletools.it\/fr\/prodotto\/lavazza-espr-point-caffe-fap-crema-aroma-lavazza-conf-100-box-1\/","title":{"rendered":"Lavazza Crema e Aroma 100 capsule"},"content":{"rendered":"<p>Intense et velout\u00e9. L&rsquo;union parfaite entre l&rsquo;Arabica d&rsquo;Am\u00e9rique centrale et du Sud et le Robusta d&rsquo;Afrique centrale. Ce m\u00e9lange offre un espresso au corps d\u00e9cid\u00e9 et \u00e0 la cr\u00e8me dense et dor\u00e9e, avec un profil aromatique qui d\u00e9gage des notes torr\u00e9fi\u00e9es persistantes.<\/p>\n","protected":false},"excerpt":{"rendered":"<p>80 capsules en aluminium<br \/>\nCompatible avec le syst\u00e8me Nespresso<br \/>\nM\u00e9lange d&rsquo;Arabica et de Robusta<br \/>\nTorr\u00e9faction : Moyenne<br \/>\nProvenance du caf\u00e9 : Am\u00e9rique Centrale et du Sud, Afrique<br \/>\nLongueur conseill\u00e9e : 35 ml<\/p>\n","protected":false},"featured_media":1623,"comment_status":"open","ping_status":"closed","template":"","meta":{"_acf_changed":false},"product_brand":[367],"product_cat":[320,334],"product_tag":[],"product_family":[],"product_group":[],"product_class":[],"class_list":{"0":"post-3834","1":"product","2":"type-product","3":"status-publish","4":"has-post-thumbnail","6":"product_brand-lavazza","7":"product_cat-caf","8":"product_cat-exp","10":"first","11":"instock","12":"shipping-taxable","13":"purchasable","14":"product-type-simple"},"acf":[],"_links":{"self":[{"href":"https:\/\/staging.ecommerce.tuttocapsuletools.it\/fr\/wp-json\/wp\/v2\/product\/3834","targetHints":{"allow":["GET"]}}],"collection":[{"href":"https:\/\/staging.ecommerce.tuttocapsuletools.it\/fr\/wp-json\/wp\/v2\/product"}],"about":[{"href":"https:\/\/staging.ecommerce.tuttocapsuletools.it\/fr\/wp-json\/wp\/v2\/types\/product"}],"replies":[{"embeddable":true,"href":"https:\/\/staging.ecommerce.tuttocapsuletools.it\/fr\/wp-json\/wp\/v2\/comments?post=3834"}],"wp:featuredmedia":[{"embeddable":true,"href":"https:\/\/staging.ecommerce.tuttocapsuletools.it\/fr\/wp-json\/wp\/v2\/media\/1623"}],"wp:attachment":[{"href":"https:\/\/staging.ecommerce.tuttocapsuletools.it\/fr\/wp-json\/wp\/v2\/media?parent=3834"}],"wp:term":[{"taxonomy":"product_brand","embeddable":true,"href":"https:\/\/staging.ecommerce.tuttocapsuletools.it\/fr\/wp-json\/wp\/v2\/product_brand?post=3834"},{"taxonomy":"product_cat","embeddable":true,"href":"https:\/\/staging.ecommerce.tuttocapsuletools.it\/fr\/wp-json\/wp\/v2\/product_cat?post=3834"},{"taxonomy":"product_tag","embeddable":true,"href":"https:\/\/staging.ecommerce.tuttocapsuletools.it\/fr\/wp-json\/wp\/v2\/product_tag?post=3834"},{"taxonomy":"product_family","embeddable":true,"href":"https:\/\/staging.ecommerce.tuttocapsuletools.it\/fr\/wp-json\/wp\/v2\/product_family?post=3834"},{"taxonomy":"product_group","embeddable":true,"href":"https:\/\/staging.ecommerce.tuttocapsuletools.it\/fr\/wp-json\/wp\/v2\/product_group?post=3834"},{"taxonomy":"product_class","embeddable":true,"href":"https:\/\/staging.ecommerce.tuttocapsuletools.it\/fr\/wp-json\/wp\/v2\/product_class?post=3834"}],"curies":[{"name":"wp","href":"https:\/\/api.w.org\/{rel}","templated":true}]}}