{"id":3838,"date":"2026-01-17T18:27:08","date_gmt":"2026-01-17T17:27:08","guid":{"rendered":"https:\/\/staging.ecommerce.tuttocapsuletools.it\/prodotto\/lavazza-espr-point-caffe-fap-aroma-e-gusto-conf-100-box-1\/"},"modified":"2026-04-15T20:53:44","modified_gmt":"2026-04-15T18:53:44","slug":"lavazza-espr-point-caffe-fap-aroma-e-gusto-conf-100-box-1","status":"publish","type":"product","link":"https:\/\/staging.ecommerce.tuttocapsuletools.it\/fr\/prodotto\/lavazza-espr-point-caffe-fap-aroma-e-gusto-conf-100-box-1\/","title":{"rendered":"Lavazza Aroma e Gusto 100 capsule"},"content":{"rendered":"<p>\u00c9quilibr\u00e9 et \u00e9pic\u00e9. Un m\u00e9lange \u00e9tudi\u00e9 d&rsquo;Arabica et de Robusta qui se caract\u00e9rise par un go\u00fbt plein et des notes aromatiques rappelant les bois pr\u00e9cieux et les \u00e9pices, parfait pour ceux qui aiment un caf\u00e9 de caract\u00e8re mais bien \u00e9quilibr\u00e9.<\/p>\n","protected":false},"excerpt":{"rendered":"<p>Paquet de 100 capsules originales Lavazza Espresso Point<br \/>\nM\u00e9lange d&rsquo;Arabica et de Robusta<br \/>\nTorr\u00e9faction : Moyenne<br \/>\nOrigine du caf\u00e9 : Asie du Sud-Est<br \/>\nLongueur conseill\u00e9e : 35 ml<\/p>\n","protected":false},"featured_media":1627,"comment_status":"open","ping_status":"closed","template":"","meta":{"_acf_changed":false},"product_brand":[367],"product_cat":[320,334],"product_tag":[],"product_family":[],"product_group":[],"product_class":[],"class_list":{"0":"post-3838","1":"product","2":"type-product","3":"status-publish","4":"has-post-thumbnail","6":"product_brand-lavazza","7":"product_cat-caf","8":"product_cat-exp","10":"first","11":"instock","12":"shipping-taxable","13":"purchasable","14":"product-type-simple"},"acf":[],"_links":{"self":[{"href":"https:\/\/staging.ecommerce.tuttocapsuletools.it\/fr\/wp-json\/wp\/v2\/product\/3838","targetHints":{"allow":["GET"]}}],"collection":[{"href":"https:\/\/staging.ecommerce.tuttocapsuletools.it\/fr\/wp-json\/wp\/v2\/product"}],"about":[{"href":"https:\/\/staging.ecommerce.tuttocapsuletools.it\/fr\/wp-json\/wp\/v2\/types\/product"}],"replies":[{"embeddable":true,"href":"https:\/\/staging.ecommerce.tuttocapsuletools.it\/fr\/wp-json\/wp\/v2\/comments?post=3838"}],"wp:featuredmedia":[{"embeddable":true,"href":"https:\/\/staging.ecommerce.tuttocapsuletools.it\/fr\/wp-json\/wp\/v2\/media\/1627"}],"wp:attachment":[{"href":"https:\/\/staging.ecommerce.tuttocapsuletools.it\/fr\/wp-json\/wp\/v2\/media?parent=3838"}],"wp:term":[{"taxonomy":"product_brand","embeddable":true,"href":"https:\/\/staging.ecommerce.tuttocapsuletools.it\/fr\/wp-json\/wp\/v2\/product_brand?post=3838"},{"taxonomy":"product_cat","embeddable":true,"href":"https:\/\/staging.ecommerce.tuttocapsuletools.it\/fr\/wp-json\/wp\/v2\/product_cat?post=3838"},{"taxonomy":"product_tag","embeddable":true,"href":"https:\/\/staging.ecommerce.tuttocapsuletools.it\/fr\/wp-json\/wp\/v2\/product_tag?post=3838"},{"taxonomy":"product_family","embeddable":true,"href":"https:\/\/staging.ecommerce.tuttocapsuletools.it\/fr\/wp-json\/wp\/v2\/product_family?post=3838"},{"taxonomy":"product_group","embeddable":true,"href":"https:\/\/staging.ecommerce.tuttocapsuletools.it\/fr\/wp-json\/wp\/v2\/product_group?post=3838"},{"taxonomy":"product_class","embeddable":true,"href":"https:\/\/staging.ecommerce.tuttocapsuletools.it\/fr\/wp-json\/wp\/v2\/product_class?post=3838"}],"curies":[{"name":"wp","href":"https:\/\/api.w.org\/{rel}","templated":true}]}}