{"id":3850,"date":"2026-01-17T18:27:10","date_gmt":"2026-01-17T17:27:10","guid":{"rendered":"https:\/\/staging.ecommerce.tuttocapsuletools.it\/prodotto\/lavazza-espr-point-orzo-fap-orzo-lavazza-d-conf-50-box-1\/"},"modified":"2026-04-15T18:53:57","modified_gmt":"2026-04-15T16:53:57","slug":"lavazza-espr-point-orzo-fap-orzo-lavazza-d-conf-50-box-1","status":"publish","type":"product","link":"https:\/\/staging.ecommerce.tuttocapsuletools.it\/fr\/prodotto\/lavazza-espr-point-orzo-fap-orzo-lavazza-d-conf-50-box-1\/","title":{"rendered":"Lavazza Orzo 50 capsule"},"content":{"rendered":"<p>D\u00e9licat et naturel. Pr\u00e9paration soluble \u00e0 base d&rsquo;orge torr\u00e9fi\u00e9e, id\u00e9ale pour ceux qui souhaitent une pause sans caf\u00e9ine sans renoncer au go\u00fbt. Caract\u00e9ris\u00e9e par des notes de c\u00e9r\u00e9ales torr\u00e9fi\u00e9es, elle offre une boisson naturelle, \u00e9quilibr\u00e9e et adapt\u00e9e \u00e0 tout moment de la journ\u00e9e.<\/p>\n","protected":false},"excerpt":{"rendered":"<p>Paquet de 50 capsules originales Lavazza Espresso Point<br \/>\nBoisson soluble d&rsquo;orge torr\u00e9fi\u00e9e<br \/>\nLongueur conseill\u00e9e : 45 ml<\/p>\n","protected":false},"featured_media":1639,"comment_status":"open","ping_status":"closed","template":"","meta":{"_acf_changed":false},"product_brand":[367],"product_cat":[334,322],"product_tag":[],"product_family":[],"product_group":[],"product_class":[],"class_list":{"0":"post-3850","1":"product","2":"type-product","3":"status-publish","4":"has-post-thumbnail","6":"product_brand-lavazza","7":"product_cat-exp","8":"product_cat-sol","10":"first","11":"instock","12":"shipping-taxable","13":"purchasable","14":"product-type-simple"},"acf":[],"_links":{"self":[{"href":"https:\/\/staging.ecommerce.tuttocapsuletools.it\/fr\/wp-json\/wp\/v2\/product\/3850","targetHints":{"allow":["GET"]}}],"collection":[{"href":"https:\/\/staging.ecommerce.tuttocapsuletools.it\/fr\/wp-json\/wp\/v2\/product"}],"about":[{"href":"https:\/\/staging.ecommerce.tuttocapsuletools.it\/fr\/wp-json\/wp\/v2\/types\/product"}],"replies":[{"embeddable":true,"href":"https:\/\/staging.ecommerce.tuttocapsuletools.it\/fr\/wp-json\/wp\/v2\/comments?post=3850"}],"wp:featuredmedia":[{"embeddable":true,"href":"https:\/\/staging.ecommerce.tuttocapsuletools.it\/fr\/wp-json\/wp\/v2\/media\/1639"}],"wp:attachment":[{"href":"https:\/\/staging.ecommerce.tuttocapsuletools.it\/fr\/wp-json\/wp\/v2\/media?parent=3850"}],"wp:term":[{"taxonomy":"product_brand","embeddable":true,"href":"https:\/\/staging.ecommerce.tuttocapsuletools.it\/fr\/wp-json\/wp\/v2\/product_brand?post=3850"},{"taxonomy":"product_cat","embeddable":true,"href":"https:\/\/staging.ecommerce.tuttocapsuletools.it\/fr\/wp-json\/wp\/v2\/product_cat?post=3850"},{"taxonomy":"product_tag","embeddable":true,"href":"https:\/\/staging.ecommerce.tuttocapsuletools.it\/fr\/wp-json\/wp\/v2\/product_tag?post=3850"},{"taxonomy":"product_family","embeddable":true,"href":"https:\/\/staging.ecommerce.tuttocapsuletools.it\/fr\/wp-json\/wp\/v2\/product_family?post=3850"},{"taxonomy":"product_group","embeddable":true,"href":"https:\/\/staging.ecommerce.tuttocapsuletools.it\/fr\/wp-json\/wp\/v2\/product_group?post=3850"},{"taxonomy":"product_class","embeddable":true,"href":"https:\/\/staging.ecommerce.tuttocapsuletools.it\/fr\/wp-json\/wp\/v2\/product_class?post=3850"}],"curies":[{"name":"wp","href":"https:\/\/api.w.org\/{rel}","templated":true}]}}