{"id":3876,"date":"2026-01-17T18:27:15","date_gmt":"2026-01-17T17:27:15","guid":{"rendered":"https:\/\/staging.ecommerce.tuttocapsuletools.it\/prodotto\/lavazza-nespresso-caffe-cg-forte-alluminio-conf-80-box-3\/"},"modified":"2026-04-16T03:23:50","modified_gmt":"2026-04-16T01:23:50","slug":"lavazza-nespresso-caffe-cg-forte-alluminio-conf-80-box-3","status":"publish","type":"product","link":"https:\/\/staging.ecommerce.tuttocapsuletools.it\/fr\/prodotto\/lavazza-nespresso-caffe-cg-forte-alluminio-conf-80-box-3\/","title":{"rendered":"Lavazza Crema e Gusto Forte 80 capsule"},"content":{"rendered":"<p>Un coup de fouet d&rsquo;une intensit\u00e9 d\u00e9cisive. Un m\u00e9lange compos\u00e9 principalement de pr\u00e9cieuses Robusta africaines et asiatiques, d\u00e9di\u00e9 \u00e0 ceux qui recherchent un r\u00e9veil \u00e9nergique. La torr\u00e9faction fonc\u00e9e exalte un corps imposant et une cr\u00e8me tr\u00e8s dense, lib\u00e9rant de fortes notes de cacao amer et de bois pr\u00e9cieux. Un espresso au caract\u00e8re indomptable, id\u00e9al pour ceux qui d\u00e9sirent un caf\u00e9 au go\u00fbt persistant et vigoureux.<\/p>\n","protected":false},"excerpt":{"rendered":"<p>Contient 10 capsules Nespresso<br \/>\nBoisson soluble au caf\u00e9 et cacao<br \/>\nCompatible avec les machines Nespresso<br \/>\nLongueur conseill\u00e9e : 60 ml<\/p>\n","protected":false},"featured_media":1665,"comment_status":"open","ping_status":"closed","template":"","meta":{"_acf_changed":false},"product_brand":[367],"product_cat":[320,335],"product_tag":[],"product_family":[],"product_group":[],"product_class":[],"class_list":{"0":"post-3876","1":"product","2":"type-product","3":"status-publish","4":"has-post-thumbnail","6":"product_brand-lavazza","7":"product_cat-caf","8":"product_cat-nes","10":"first","11":"instock","12":"shipping-taxable","13":"purchasable","14":"product-type-simple"},"acf":[],"_links":{"self":[{"href":"https:\/\/staging.ecommerce.tuttocapsuletools.it\/fr\/wp-json\/wp\/v2\/product\/3876","targetHints":{"allow":["GET"]}}],"collection":[{"href":"https:\/\/staging.ecommerce.tuttocapsuletools.it\/fr\/wp-json\/wp\/v2\/product"}],"about":[{"href":"https:\/\/staging.ecommerce.tuttocapsuletools.it\/fr\/wp-json\/wp\/v2\/types\/product"}],"replies":[{"embeddable":true,"href":"https:\/\/staging.ecommerce.tuttocapsuletools.it\/fr\/wp-json\/wp\/v2\/comments?post=3876"}],"wp:featuredmedia":[{"embeddable":true,"href":"https:\/\/staging.ecommerce.tuttocapsuletools.it\/fr\/wp-json\/wp\/v2\/media\/1665"}],"wp:attachment":[{"href":"https:\/\/staging.ecommerce.tuttocapsuletools.it\/fr\/wp-json\/wp\/v2\/media?parent=3876"}],"wp:term":[{"taxonomy":"product_brand","embeddable":true,"href":"https:\/\/staging.ecommerce.tuttocapsuletools.it\/fr\/wp-json\/wp\/v2\/product_brand?post=3876"},{"taxonomy":"product_cat","embeddable":true,"href":"https:\/\/staging.ecommerce.tuttocapsuletools.it\/fr\/wp-json\/wp\/v2\/product_cat?post=3876"},{"taxonomy":"product_tag","embeddable":true,"href":"https:\/\/staging.ecommerce.tuttocapsuletools.it\/fr\/wp-json\/wp\/v2\/product_tag?post=3876"},{"taxonomy":"product_family","embeddable":true,"href":"https:\/\/staging.ecommerce.tuttocapsuletools.it\/fr\/wp-json\/wp\/v2\/product_family?post=3876"},{"taxonomy":"product_group","embeddable":true,"href":"https:\/\/staging.ecommerce.tuttocapsuletools.it\/fr\/wp-json\/wp\/v2\/product_group?post=3876"},{"taxonomy":"product_class","embeddable":true,"href":"https:\/\/staging.ecommerce.tuttocapsuletools.it\/fr\/wp-json\/wp\/v2\/product_class?post=3876"}],"curies":[{"name":"wp","href":"https:\/\/api.w.org\/{rel}","templated":true}]}}