{"id":3878,"date":"2026-01-17T18:27:15","date_gmt":"2026-01-17T17:27:15","guid":{"rendered":"https:\/\/staging.ecommerce.tuttocapsuletools.it\/prodotto\/lavazza-nespresso-caffe-cg-ricco-alluminio-conf-80-box-3\/"},"modified":"2026-04-16T05:09:31","modified_gmt":"2026-04-16T03:09:31","slug":"lavazza-nespresso-caffe-cg-ricco-alluminio-conf-80-box-3","status":"publish","type":"product","link":"https:\/\/staging.ecommerce.tuttocapsuletools.it\/fr\/prodotto\/lavazza-nespresso-caffe-cg-ricco-alluminio-conf-80-box-3\/","title":{"rendered":"Lavazza Crema e Gusto Ricco 80 capsule"},"content":{"rendered":"<p>Dense, \u00e9pic\u00e9 et enveloppant. De l&rsquo;union d&rsquo;origines pr\u00e9cieuses d&rsquo;Asie du Sud-Est na\u00eet un m\u00e9lange extraordinairement dense et cr\u00e9meux. Le profil aromatique est un voyage intense entre des notes de chocolat et d&rsquo;\u00e9pices, enrichi par un corps plein et rond. C&rsquo;est l&rsquo;espresso parfait pour ceux qui aiment une pause pleine de caract\u00e8re, capable d&rsquo;envelopper le palais avec une persistance aromatique unique et profonde.<\/p>\n","protected":false},"excerpt":{"rendered":"<p>80 capsules en aluminium<br \/>\nCompatible avec le syst\u00e8me Nespresso<br \/>\nM\u00e9lange d&rsquo;Arabica et de Robusta<br \/>\nTorr\u00e9faction : Fonc\u00e9e<br \/>\nOrigine du caf\u00e9 : Asie du Sud-Est<br \/>\nLongueur conseill\u00e9e : 35 ml<\/p>\n","protected":false},"featured_media":1667,"comment_status":"open","ping_status":"closed","template":"","meta":{"_acf_changed":false},"product_brand":[367],"product_cat":[320,335],"product_tag":[],"product_family":[],"product_group":[],"product_class":[],"class_list":{"0":"post-3878","1":"product","2":"type-product","3":"status-publish","4":"has-post-thumbnail","6":"product_brand-lavazza","7":"product_cat-caf","8":"product_cat-nes","10":"first","11":"instock","12":"shipping-taxable","13":"purchasable","14":"product-type-simple"},"acf":[],"_links":{"self":[{"href":"https:\/\/staging.ecommerce.tuttocapsuletools.it\/fr\/wp-json\/wp\/v2\/product\/3878","targetHints":{"allow":["GET"]}}],"collection":[{"href":"https:\/\/staging.ecommerce.tuttocapsuletools.it\/fr\/wp-json\/wp\/v2\/product"}],"about":[{"href":"https:\/\/staging.ecommerce.tuttocapsuletools.it\/fr\/wp-json\/wp\/v2\/types\/product"}],"replies":[{"embeddable":true,"href":"https:\/\/staging.ecommerce.tuttocapsuletools.it\/fr\/wp-json\/wp\/v2\/comments?post=3878"}],"wp:featuredmedia":[{"embeddable":true,"href":"https:\/\/staging.ecommerce.tuttocapsuletools.it\/fr\/wp-json\/wp\/v2\/media\/1667"}],"wp:attachment":[{"href":"https:\/\/staging.ecommerce.tuttocapsuletools.it\/fr\/wp-json\/wp\/v2\/media?parent=3878"}],"wp:term":[{"taxonomy":"product_brand","embeddable":true,"href":"https:\/\/staging.ecommerce.tuttocapsuletools.it\/fr\/wp-json\/wp\/v2\/product_brand?post=3878"},{"taxonomy":"product_cat","embeddable":true,"href":"https:\/\/staging.ecommerce.tuttocapsuletools.it\/fr\/wp-json\/wp\/v2\/product_cat?post=3878"},{"taxonomy":"product_tag","embeddable":true,"href":"https:\/\/staging.ecommerce.tuttocapsuletools.it\/fr\/wp-json\/wp\/v2\/product_tag?post=3878"},{"taxonomy":"product_family","embeddable":true,"href":"https:\/\/staging.ecommerce.tuttocapsuletools.it\/fr\/wp-json\/wp\/v2\/product_family?post=3878"},{"taxonomy":"product_group","embeddable":true,"href":"https:\/\/staging.ecommerce.tuttocapsuletools.it\/fr\/wp-json\/wp\/v2\/product_group?post=3878"},{"taxonomy":"product_class","embeddable":true,"href":"https:\/\/staging.ecommerce.tuttocapsuletools.it\/fr\/wp-json\/wp\/v2\/product_class?post=3878"}],"curies":[{"name":"wp","href":"https:\/\/api.w.org\/{rel}","templated":true}]}}