{"id":3880,"date":"2026-01-17T18:28:05","date_gmt":"2026-01-17T17:28:05","guid":{"rendered":"https:\/\/staging.ecommerce.tuttocapsuletools.it\/prodotto\/lavazza-nespresso-caffe-cg-dolce-alluminio-conf-10-box-10\/"},"modified":"2026-04-16T03:09:17","modified_gmt":"2026-04-16T01:09:17","slug":"lavazza-nespresso-caffe-cg-dolce-alluminio-conf-10-box-10","status":"publish","type":"product","link":"https:\/\/staging.ecommerce.tuttocapsuletools.it\/fr\/prodotto\/lavazza-nespresso-caffe-cg-dolce-alluminio-conf-10-box-10\/","title":{"rendered":"Lavazza Crema e Gusto Dolce 10 capsule"},"content":{"rendered":"<p>Velout\u00e9 et harmonieux. Un m\u00e9lange \u00e9quilibr\u00e9 d&rsquo;Arabica d&rsquo;Am\u00e9rique du Sud et de Robusta d&rsquo;Asie, con\u00e7u pour ceux qui d\u00e9sirent un espresso plus doux. La torr\u00e9faction moyenne-claire met en valeur un corps rond et une douceur naturelle, r\u00e9v\u00e9lant de d\u00e9licates notes de cacao et de fruits secs. Un caf\u00e9 \u00e0 la cr\u00e8me ambr\u00e9e et au go\u00fbt velout\u00e9, id\u00e9al pour une pause revigorante et agr\u00e9ablement \u00e9quilibr\u00e9e, sans renoncer \u00e0 l&rsquo;onctuosit\u00e9 typique de la gamme.<\/p>\n","protected":false},"excerpt":{"rendered":"<p>10 capsules en aluminium<br \/>\nCompatible avec le syst\u00e8me Nespresso<br \/>\nM\u00e9lange Arabica et Robusta<br \/>\nTorr\u00e9faction : Claire-moyenne<br \/>\nOrigine du caf\u00e9 : Asie, Am\u00e9rique du Sud<br \/>\nLongueur conseill\u00e9e : 35 ml<\/p>\n","protected":false},"featured_media":1669,"comment_status":"open","ping_status":"closed","template":"","meta":{"_acf_changed":false},"product_brand":[367],"product_cat":[320,335],"product_tag":[],"product_family":[],"product_group":[],"product_class":[],"class_list":{"0":"post-3880","1":"product","2":"type-product","3":"status-publish","4":"has-post-thumbnail","6":"product_brand-lavazza","7":"product_cat-caf","8":"product_cat-nes","10":"first","11":"instock","12":"shipping-taxable","13":"purchasable","14":"product-type-simple"},"acf":[],"_links":{"self":[{"href":"https:\/\/staging.ecommerce.tuttocapsuletools.it\/fr\/wp-json\/wp\/v2\/product\/3880","targetHints":{"allow":["GET"]}}],"collection":[{"href":"https:\/\/staging.ecommerce.tuttocapsuletools.it\/fr\/wp-json\/wp\/v2\/product"}],"about":[{"href":"https:\/\/staging.ecommerce.tuttocapsuletools.it\/fr\/wp-json\/wp\/v2\/types\/product"}],"replies":[{"embeddable":true,"href":"https:\/\/staging.ecommerce.tuttocapsuletools.it\/fr\/wp-json\/wp\/v2\/comments?post=3880"}],"wp:featuredmedia":[{"embeddable":true,"href":"https:\/\/staging.ecommerce.tuttocapsuletools.it\/fr\/wp-json\/wp\/v2\/media\/1669"}],"wp:attachment":[{"href":"https:\/\/staging.ecommerce.tuttocapsuletools.it\/fr\/wp-json\/wp\/v2\/media?parent=3880"}],"wp:term":[{"taxonomy":"product_brand","embeddable":true,"href":"https:\/\/staging.ecommerce.tuttocapsuletools.it\/fr\/wp-json\/wp\/v2\/product_brand?post=3880"},{"taxonomy":"product_cat","embeddable":true,"href":"https:\/\/staging.ecommerce.tuttocapsuletools.it\/fr\/wp-json\/wp\/v2\/product_cat?post=3880"},{"taxonomy":"product_tag","embeddable":true,"href":"https:\/\/staging.ecommerce.tuttocapsuletools.it\/fr\/wp-json\/wp\/v2\/product_tag?post=3880"},{"taxonomy":"product_family","embeddable":true,"href":"https:\/\/staging.ecommerce.tuttocapsuletools.it\/fr\/wp-json\/wp\/v2\/product_family?post=3880"},{"taxonomy":"product_group","embeddable":true,"href":"https:\/\/staging.ecommerce.tuttocapsuletools.it\/fr\/wp-json\/wp\/v2\/product_group?post=3880"},{"taxonomy":"product_class","embeddable":true,"href":"https:\/\/staging.ecommerce.tuttocapsuletools.it\/fr\/wp-json\/wp\/v2\/product_class?post=3880"}],"curies":[{"name":"wp","href":"https:\/\/api.w.org\/{rel}","templated":true}]}}