{"id":3884,"date":"2026-01-30T10:47:01","date_gmt":"2026-01-30T09:47:01","guid":{"rendered":"https:\/\/staging.ecommerce.tuttocapsuletools.it\/prodotto\/lavazza-nespresso-caffe-qualita-oro-alluminio-conf-30-box-8-2\/"},"modified":"2026-04-16T06:38:48","modified_gmt":"2026-04-16T04:38:48","slug":"lavazza-nespresso-caffe-qualita-oro-alluminio-conf-30-box-8-2","status":"publish","type":"product","link":"https:\/\/staging.ecommerce.tuttocapsuletools.it\/fr\/prodotto\/lavazza-nespresso-caffe-qualita-oro-alluminio-conf-30-box-8-2\/","title":{"rendered":"Lavazza Qualit\u00e0 Oro 30 capsule"},"content":{"rendered":"<p>L&rsquo;excellence de l&rsquo;Arabica. Une s\u00e9lection pris\u00e9e de grains 100% Arabica uniquement, principalement d&rsquo;Am\u00e9rique Centrale et du Sud. C&rsquo;est un caf\u00e9 \u00e9l\u00e9gant et raffin\u00e9, caract\u00e9ris\u00e9 par une torr\u00e9faction moyenne qui en exalte le bouquet floral et fruit\u00e9. Avec sa cr\u00e8me dor\u00e9e et son go\u00fbt doux et aromatique, il repr\u00e9sente le choix parfait pour ceux qui recherchent un espresso noble, sophistiqu\u00e9 et de tr\u00e8s haute qualit\u00e9. Un v\u00e9ritable chef-d&rsquo;\u0153uvre depuis 1956.<\/p>\n","protected":false},"excerpt":{"rendered":"<p>30 capsules en aluminium<br \/>\nCompatible avec le syst\u00e8me Nespresso<br \/>\nM\u00e9lange 100% Arabica<br \/>\nTorr\u00e9faction: Moyenne<br \/>\nProvenance du caf\u00e9: Am\u00e9rique Centrale et du Sud<br \/>\nLongueur conseill\u00e9e: 35 ml<\/p>\n","protected":false},"featured_media":0,"comment_status":"open","ping_status":"closed","template":"","meta":{"_acf_changed":false},"product_brand":[367],"product_cat":[320,335],"product_tag":[],"product_family":[],"product_group":[],"product_class":[],"class_list":{"0":"post-3884","1":"product","2":"type-product","3":"status-publish","5":"product_brand-lavazza","6":"product_cat-caf","7":"product_cat-nes","9":"first","10":"instock","11":"shipping-taxable","12":"purchasable","13":"product-type-simple"},"acf":[],"_links":{"self":[{"href":"https:\/\/staging.ecommerce.tuttocapsuletools.it\/fr\/wp-json\/wp\/v2\/product\/3884","targetHints":{"allow":["GET"]}}],"collection":[{"href":"https:\/\/staging.ecommerce.tuttocapsuletools.it\/fr\/wp-json\/wp\/v2\/product"}],"about":[{"href":"https:\/\/staging.ecommerce.tuttocapsuletools.it\/fr\/wp-json\/wp\/v2\/types\/product"}],"replies":[{"embeddable":true,"href":"https:\/\/staging.ecommerce.tuttocapsuletools.it\/fr\/wp-json\/wp\/v2\/comments?post=3884"}],"wp:attachment":[{"href":"https:\/\/staging.ecommerce.tuttocapsuletools.it\/fr\/wp-json\/wp\/v2\/media?parent=3884"}],"wp:term":[{"taxonomy":"product_brand","embeddable":true,"href":"https:\/\/staging.ecommerce.tuttocapsuletools.it\/fr\/wp-json\/wp\/v2\/product_brand?post=3884"},{"taxonomy":"product_cat","embeddable":true,"href":"https:\/\/staging.ecommerce.tuttocapsuletools.it\/fr\/wp-json\/wp\/v2\/product_cat?post=3884"},{"taxonomy":"product_tag","embeddable":true,"href":"https:\/\/staging.ecommerce.tuttocapsuletools.it\/fr\/wp-json\/wp\/v2\/product_tag?post=3884"},{"taxonomy":"product_family","embeddable":true,"href":"https:\/\/staging.ecommerce.tuttocapsuletools.it\/fr\/wp-json\/wp\/v2\/product_family?post=3884"},{"taxonomy":"product_group","embeddable":true,"href":"https:\/\/staging.ecommerce.tuttocapsuletools.it\/fr\/wp-json\/wp\/v2\/product_group?post=3884"},{"taxonomy":"product_class","embeddable":true,"href":"https:\/\/staging.ecommerce.tuttocapsuletools.it\/fr\/wp-json\/wp\/v2\/product_class?post=3884"}],"curies":[{"name":"wp","href":"https:\/\/api.w.org\/{rel}","templated":true}]}}