{"id":3886,"date":"2026-01-30T10:47:02","date_gmt":"2026-01-30T09:47:02","guid":{"rendered":"https:\/\/staging.ecommerce.tuttocapsuletools.it\/prodotto\/lavazza-nespresso-caffe-aromatizzato-cioccolato-conf-10-box-10-2\/"},"modified":"2026-04-16T00:24:01","modified_gmt":"2026-04-15T22:24:01","slug":"lavazza-nespresso-caffe-aromatizzato-cioccolato-conf-10-box-10-2","status":"publish","type":"product","link":"https:\/\/staging.ecommerce.tuttocapsuletools.it\/fr\/prodotto\/lavazza-nespresso-caffe-aromatizzato-cioccolato-conf-10-box-10-2\/","title":{"rendered":"Lavazza caff\u00e8 cioccolato 10 capsule"},"content":{"rendered":"<p>Intense et gourmand. Un m\u00e9lange authentique et cors\u00e9 qui unit un Arabica br\u00e9silien de qualit\u00e9 et un Robusta naturel. La rencontre entre les grains soigneusement s\u00e9lectionn\u00e9s et l&rsquo;ar\u00f4me naturel de chocolat cr\u00e9e un \u00e9quilibre parfait entre des notes torr\u00e9fi\u00e9es et la douceur du cacao. Id\u00e9al pour ceux qui recherchent un espresso de couleur noisette et au go\u00fbt riche, capable de transformer la pause caf\u00e9 en un moment de pur plaisir.<\/p>\n","protected":false},"excerpt":{"rendered":"<p>10 capsules en aluminium<br \/>\nCompatible avec le syst\u00e8me Nespresso<br \/>\nM\u00e9lange Arabica et Robusta<br \/>\nTorr\u00e9faction: Moyenne<br \/>\nOrigine du caf\u00e9: Am\u00e9rique du Sud<br \/>\nLongueur conseill\u00e9e: 35 ml<\/p>\n","protected":false},"featured_media":0,"comment_status":"open","ping_status":"closed","template":"","meta":{"_acf_changed":false},"product_brand":[367],"product_cat":[320,335],"product_tag":[],"product_family":[],"product_group":[],"product_class":[],"class_list":{"0":"post-3886","1":"product","2":"type-product","3":"status-publish","5":"product_brand-lavazza","6":"product_cat-caf","7":"product_cat-nes","9":"first","10":"instock","11":"shipping-taxable","12":"purchasable","13":"product-type-simple"},"acf":[],"_links":{"self":[{"href":"https:\/\/staging.ecommerce.tuttocapsuletools.it\/fr\/wp-json\/wp\/v2\/product\/3886","targetHints":{"allow":["GET"]}}],"collection":[{"href":"https:\/\/staging.ecommerce.tuttocapsuletools.it\/fr\/wp-json\/wp\/v2\/product"}],"about":[{"href":"https:\/\/staging.ecommerce.tuttocapsuletools.it\/fr\/wp-json\/wp\/v2\/types\/product"}],"replies":[{"embeddable":true,"href":"https:\/\/staging.ecommerce.tuttocapsuletools.it\/fr\/wp-json\/wp\/v2\/comments?post=3886"}],"wp:attachment":[{"href":"https:\/\/staging.ecommerce.tuttocapsuletools.it\/fr\/wp-json\/wp\/v2\/media?parent=3886"}],"wp:term":[{"taxonomy":"product_brand","embeddable":true,"href":"https:\/\/staging.ecommerce.tuttocapsuletools.it\/fr\/wp-json\/wp\/v2\/product_brand?post=3886"},{"taxonomy":"product_cat","embeddable":true,"href":"https:\/\/staging.ecommerce.tuttocapsuletools.it\/fr\/wp-json\/wp\/v2\/product_cat?post=3886"},{"taxonomy":"product_tag","embeddable":true,"href":"https:\/\/staging.ecommerce.tuttocapsuletools.it\/fr\/wp-json\/wp\/v2\/product_tag?post=3886"},{"taxonomy":"product_family","embeddable":true,"href":"https:\/\/staging.ecommerce.tuttocapsuletools.it\/fr\/wp-json\/wp\/v2\/product_family?post=3886"},{"taxonomy":"product_group","embeddable":true,"href":"https:\/\/staging.ecommerce.tuttocapsuletools.it\/fr\/wp-json\/wp\/v2\/product_group?post=3886"},{"taxonomy":"product_class","embeddable":true,"href":"https:\/\/staging.ecommerce.tuttocapsuletools.it\/fr\/wp-json\/wp\/v2\/product_class?post=3886"}],"curies":[{"name":"wp","href":"https:\/\/api.w.org\/{rel}","templated":true}]}}