{"id":3888,"date":"2026-01-30T10:47:02","date_gmt":"2026-01-30T09:47:02","guid":{"rendered":"https:\/\/staging.ecommerce.tuttocapsuletools.it\/prodotto\/lavazza-nespresso-caffe-aromatizzato-caramello-conf-10-box-10-2\/"},"modified":"2026-04-16T03:23:51","modified_gmt":"2026-04-16T01:23:51","slug":"lavazza-nespresso-caffe-aromatizzato-caramello-conf-10-box-10-2","status":"publish","type":"product","link":"https:\/\/staging.ecommerce.tuttocapsuletools.it\/fr\/prodotto\/lavazza-nespresso-caffe-aromatizzato-caramello-conf-10-box-10-2\/","title":{"rendered":"Lavazza caff\u00e8 caramello 10 capsule"},"content":{"rendered":"<p>Douceur raffin\u00e9e. Fabriqu\u00e9 \u00e0 partir d&rsquo;un m\u00e9lange 100% Arabica provenant d&rsquo;Am\u00e9rique centrale et du Sud, cet espresso offre une exp\u00e9rience sensorielle douce et d\u00e9licate. La torr\u00e9faction moyenne met en valeur les notes aromatiques de biscuit, qui se m\u00e9langent harmonieusement \u00e0 l&rsquo;ar\u00f4me naturel de caramel. Un caf\u00e9 velout\u00e9 et \u00e9quilibr\u00e9, parfait pour ceux qui aiment un espresso parfum\u00e9 au caract\u00e8re doux et \u00e0 la cr\u00e8me dor\u00e9e.<\/p>\n","protected":false},"excerpt":{"rendered":"<p>10 capsules en aluminium<br \/>\nCompatible avec le syst\u00e8me Nespresso<br \/>\nM\u00e9lange 100% Arabica<br \/>\nTorr\u00e9faction : Moyenne<br \/>\nProvenance du caf\u00e9 : Am\u00e9rique Centrale et du Sud<br \/>\nLongueur conseill\u00e9e : 35 ml<\/p>\n","protected":false},"featured_media":0,"comment_status":"open","ping_status":"closed","template":"","meta":{"_acf_changed":false},"product_brand":[367],"product_cat":[320,335],"product_tag":[],"product_family":[],"product_group":[],"product_class":[],"class_list":{"0":"post-3888","1":"product","2":"type-product","3":"status-publish","5":"product_brand-lavazza","6":"product_cat-caf","7":"product_cat-nes","9":"first","10":"instock","11":"shipping-taxable","12":"purchasable","13":"product-type-simple"},"acf":[],"_links":{"self":[{"href":"https:\/\/staging.ecommerce.tuttocapsuletools.it\/fr\/wp-json\/wp\/v2\/product\/3888","targetHints":{"allow":["GET"]}}],"collection":[{"href":"https:\/\/staging.ecommerce.tuttocapsuletools.it\/fr\/wp-json\/wp\/v2\/product"}],"about":[{"href":"https:\/\/staging.ecommerce.tuttocapsuletools.it\/fr\/wp-json\/wp\/v2\/types\/product"}],"replies":[{"embeddable":true,"href":"https:\/\/staging.ecommerce.tuttocapsuletools.it\/fr\/wp-json\/wp\/v2\/comments?post=3888"}],"wp:attachment":[{"href":"https:\/\/staging.ecommerce.tuttocapsuletools.it\/fr\/wp-json\/wp\/v2\/media?parent=3888"}],"wp:term":[{"taxonomy":"product_brand","embeddable":true,"href":"https:\/\/staging.ecommerce.tuttocapsuletools.it\/fr\/wp-json\/wp\/v2\/product_brand?post=3888"},{"taxonomy":"product_cat","embeddable":true,"href":"https:\/\/staging.ecommerce.tuttocapsuletools.it\/fr\/wp-json\/wp\/v2\/product_cat?post=3888"},{"taxonomy":"product_tag","embeddable":true,"href":"https:\/\/staging.ecommerce.tuttocapsuletools.it\/fr\/wp-json\/wp\/v2\/product_tag?post=3888"},{"taxonomy":"product_family","embeddable":true,"href":"https:\/\/staging.ecommerce.tuttocapsuletools.it\/fr\/wp-json\/wp\/v2\/product_family?post=3888"},{"taxonomy":"product_group","embeddable":true,"href":"https:\/\/staging.ecommerce.tuttocapsuletools.it\/fr\/wp-json\/wp\/v2\/product_group?post=3888"},{"taxonomy":"product_class","embeddable":true,"href":"https:\/\/staging.ecommerce.tuttocapsuletools.it\/fr\/wp-json\/wp\/v2\/product_class?post=3888"}],"curies":[{"name":"wp","href":"https:\/\/api.w.org\/{rel}","templated":true}]}}