{"id":3906,"date":"2026-01-30T10:47:04","date_gmt":"2026-01-30T09:47:04","guid":{"rendered":"https:\/\/staging.ecommerce.tuttocapsuletools.it\/prodotto\/lollo-a-modo-mio-caffe-passione-mio-oro-conf-100-box-1-2\/"},"modified":"2026-04-15T20:24:47","modified_gmt":"2026-04-15T18:24:47","slug":"lollo-a-modo-mio-caffe-passione-mio-oro-conf-100-box-1-2","status":"publish","type":"product","link":"https:\/\/staging.ecommerce.tuttocapsuletools.it\/fr\/prodotto\/lollo-a-modo-mio-caffe-passione-mio-oro-conf-100-box-1-2\/","title":{"rendered":"Lollo Oro 100 capsule"},"content":{"rendered":"<p>C&rsquo;est un m\u00e9lange fin et velout\u00e9, caract\u00e9ris\u00e9 par une pr\u00e9dominance d&rsquo;arabica qui offre un ar\u00f4me d\u00e9licat, des notes florales\/fruit\u00e9es et un go\u00fbt raffin\u00e9. C&rsquo;est un espresso cr\u00e9meux, \u00e9quilibr\u00e9 et sophistiqu\u00e9, id\u00e9al pour ceux qui recherchent un go\u00fbt doux mais intense, avec une torr\u00e9faction moyenne.<\/p>\n","protected":false},"excerpt":{"rendered":"<p>100 Capsules<br \/>\nFines et aromatiques<br \/>\nCompatible avec le syst\u00e8me A Modo Mio<\/p>\n","protected":false},"featured_media":0,"comment_status":"open","ping_status":"closed","template":"","meta":{"_acf_changed":false},"product_brand":[370],"product_cat":[329,320],"product_tag":[],"product_family":[],"product_group":[],"product_class":[],"class_list":{"0":"post-3906","1":"product","2":"type-product","3":"status-publish","5":"product_brand-lollo","6":"product_cat-amm","7":"product_cat-caf","9":"first","10":"instock","11":"shipping-taxable","12":"purchasable","13":"product-type-simple"},"acf":[],"_links":{"self":[{"href":"https:\/\/staging.ecommerce.tuttocapsuletools.it\/fr\/wp-json\/wp\/v2\/product\/3906","targetHints":{"allow":["GET"]}}],"collection":[{"href":"https:\/\/staging.ecommerce.tuttocapsuletools.it\/fr\/wp-json\/wp\/v2\/product"}],"about":[{"href":"https:\/\/staging.ecommerce.tuttocapsuletools.it\/fr\/wp-json\/wp\/v2\/types\/product"}],"replies":[{"embeddable":true,"href":"https:\/\/staging.ecommerce.tuttocapsuletools.it\/fr\/wp-json\/wp\/v2\/comments?post=3906"}],"wp:attachment":[{"href":"https:\/\/staging.ecommerce.tuttocapsuletools.it\/fr\/wp-json\/wp\/v2\/media?parent=3906"}],"wp:term":[{"taxonomy":"product_brand","embeddable":true,"href":"https:\/\/staging.ecommerce.tuttocapsuletools.it\/fr\/wp-json\/wp\/v2\/product_brand?post=3906"},{"taxonomy":"product_cat","embeddable":true,"href":"https:\/\/staging.ecommerce.tuttocapsuletools.it\/fr\/wp-json\/wp\/v2\/product_cat?post=3906"},{"taxonomy":"product_tag","embeddable":true,"href":"https:\/\/staging.ecommerce.tuttocapsuletools.it\/fr\/wp-json\/wp\/v2\/product_tag?post=3906"},{"taxonomy":"product_family","embeddable":true,"href":"https:\/\/staging.ecommerce.tuttocapsuletools.it\/fr\/wp-json\/wp\/v2\/product_family?post=3906"},{"taxonomy":"product_group","embeddable":true,"href":"https:\/\/staging.ecommerce.tuttocapsuletools.it\/fr\/wp-json\/wp\/v2\/product_group?post=3906"},{"taxonomy":"product_class","embeddable":true,"href":"https:\/\/staging.ecommerce.tuttocapsuletools.it\/fr\/wp-json\/wp\/v2\/product_class?post=3906"}],"curies":[{"name":"wp","href":"https:\/\/api.w.org\/{rel}","templated":true}]}}