{"id":3918,"date":"2026-01-30T10:47:05","date_gmt":"2026-01-30T09:47:05","guid":{"rendered":"https:\/\/staging.ecommerce.tuttocapsuletools.it\/prodotto\/lollo-bialetti-caffe-nero-conf-100-box-1-2\/"},"modified":"2026-04-15T23:54:08","modified_gmt":"2026-04-15T21:54:08","slug":"lollo-bialetti-caffe-nero-conf-100-box-1-2","status":"publish","type":"product","link":"https:\/\/staging.ecommerce.tuttocapsuletools.it\/fr\/prodotto\/lollo-bialetti-caffe-nero-conf-100-box-1-2\/","title":{"rendered":"Lollo Nero 100 capsule"},"content":{"rendered":"<p>Nero di Lollo Caff\u00e8 est un m\u00e9lange qui \u00e9veille les sens gr\u00e2ce \u00e0 son excellente onctuosit\u00e9 et \u00e0 son arri\u00e8re-go\u00fbt intense. Un caf\u00e9 au go\u00fbt intense et cors\u00e9 avec un bouquet aromatique de cacao, de tabac et d&rsquo;\u00e9pices gr\u00e2ce \u00e0 son m\u00e9lange 80 % robusta et 20 % arabica.<\/p>\n","protected":false},"excerpt":{"rendered":"<p>100 Capsules<br \/>\nRiche, fort et au go\u00fbt intense<br \/>\nTorr\u00e9faction fonc\u00e9e<br \/>\nCapsules en plastique<\/p>\n","protected":false},"featured_media":0,"comment_status":"open","ping_status":"closed","template":"","meta":{"_acf_changed":false},"product_brand":[370],"product_cat":[319,320],"product_tag":[],"product_family":[],"product_group":[],"product_class":[],"class_list":{"0":"post-3918","1":"product","2":"type-product","3":"status-publish","5":"product_brand-lollo","6":"product_cat-bia","7":"product_cat-caf","9":"first","10":"instock","11":"shipping-taxable","12":"product-type-simple"},"acf":[],"_links":{"self":[{"href":"https:\/\/staging.ecommerce.tuttocapsuletools.it\/fr\/wp-json\/wp\/v2\/product\/3918","targetHints":{"allow":["GET"]}}],"collection":[{"href":"https:\/\/staging.ecommerce.tuttocapsuletools.it\/fr\/wp-json\/wp\/v2\/product"}],"about":[{"href":"https:\/\/staging.ecommerce.tuttocapsuletools.it\/fr\/wp-json\/wp\/v2\/types\/product"}],"replies":[{"embeddable":true,"href":"https:\/\/staging.ecommerce.tuttocapsuletools.it\/fr\/wp-json\/wp\/v2\/comments?post=3918"}],"wp:attachment":[{"href":"https:\/\/staging.ecommerce.tuttocapsuletools.it\/fr\/wp-json\/wp\/v2\/media?parent=3918"}],"wp:term":[{"taxonomy":"product_brand","embeddable":true,"href":"https:\/\/staging.ecommerce.tuttocapsuletools.it\/fr\/wp-json\/wp\/v2\/product_brand?post=3918"},{"taxonomy":"product_cat","embeddable":true,"href":"https:\/\/staging.ecommerce.tuttocapsuletools.it\/fr\/wp-json\/wp\/v2\/product_cat?post=3918"},{"taxonomy":"product_tag","embeddable":true,"href":"https:\/\/staging.ecommerce.tuttocapsuletools.it\/fr\/wp-json\/wp\/v2\/product_tag?post=3918"},{"taxonomy":"product_family","embeddable":true,"href":"https:\/\/staging.ecommerce.tuttocapsuletools.it\/fr\/wp-json\/wp\/v2\/product_family?post=3918"},{"taxonomy":"product_group","embeddable":true,"href":"https:\/\/staging.ecommerce.tuttocapsuletools.it\/fr\/wp-json\/wp\/v2\/product_group?post=3918"},{"taxonomy":"product_class","embeddable":true,"href":"https:\/\/staging.ecommerce.tuttocapsuletools.it\/fr\/wp-json\/wp\/v2\/product_class?post=3918"}],"curies":[{"name":"wp","href":"https:\/\/api.w.org\/{rel}","templated":true}]}}