{"id":3926,"date":"2026-01-30T10:47:06","date_gmt":"2026-01-30T09:47:06","guid":{"rendered":"https:\/\/staging.ecommerce.tuttocapsuletools.it\/prodotto\/lollo-cialda-caffe-classica-conf-100-box-1-2\/"},"modified":"2026-04-15T20:24:48","modified_gmt":"2026-04-15T18:24:48","slug":"lollo-cialda-caffe-classica-conf-100-box-1-2","status":"publish","type":"product","link":"https:\/\/staging.ecommerce.tuttocapsuletools.it\/fr\/prodotto\/lollo-cialda-caffe-classica-conf-100-box-1-2\/","title":{"rendered":"Lollo Classico 100 cialde"},"content":{"rendered":"<p>Classico di Lollo Caff\u00e8 est un m\u00e9lange napolitain traditionnel au go\u00fbt \u00e9quilibr\u00e9, compos\u00e9 \u00e0 60 % de robusta et \u00e0 40 % d&rsquo;arabica, ce qui donne un caf\u00e9 aromatique et cors\u00e9 avec des notes grill\u00e9es et une cr\u00e8me aux tons de miel; id\u00e9al pour tout moment de la journ\u00e9e.<\/p>\n","protected":false},"excerpt":{"rendered":"<p>100 Dosettes Un m\u00e9lange parfait entre Arabica et Robusta. Intensit\u00e9 moyenne<\/p>\n","protected":false},"featured_media":0,"comment_status":"open","ping_status":"closed","template":"","meta":{"_acf_changed":false},"product_brand":[370],"product_cat":[320,332],"product_tag":[],"product_family":[],"product_group":[],"product_class":[],"class_list":{"0":"post-3926","1":"product","2":"type-product","3":"status-publish","5":"product_brand-lollo","6":"product_cat-caf","7":"product_cat-cld","9":"first","10":"instock","11":"shipping-taxable","12":"purchasable","13":"product-type-simple"},"acf":[],"_links":{"self":[{"href":"https:\/\/staging.ecommerce.tuttocapsuletools.it\/fr\/wp-json\/wp\/v2\/product\/3926","targetHints":{"allow":["GET"]}}],"collection":[{"href":"https:\/\/staging.ecommerce.tuttocapsuletools.it\/fr\/wp-json\/wp\/v2\/product"}],"about":[{"href":"https:\/\/staging.ecommerce.tuttocapsuletools.it\/fr\/wp-json\/wp\/v2\/types\/product"}],"replies":[{"embeddable":true,"href":"https:\/\/staging.ecommerce.tuttocapsuletools.it\/fr\/wp-json\/wp\/v2\/comments?post=3926"}],"wp:attachment":[{"href":"https:\/\/staging.ecommerce.tuttocapsuletools.it\/fr\/wp-json\/wp\/v2\/media?parent=3926"}],"wp:term":[{"taxonomy":"product_brand","embeddable":true,"href":"https:\/\/staging.ecommerce.tuttocapsuletools.it\/fr\/wp-json\/wp\/v2\/product_brand?post=3926"},{"taxonomy":"product_cat","embeddable":true,"href":"https:\/\/staging.ecommerce.tuttocapsuletools.it\/fr\/wp-json\/wp\/v2\/product_cat?post=3926"},{"taxonomy":"product_tag","embeddable":true,"href":"https:\/\/staging.ecommerce.tuttocapsuletools.it\/fr\/wp-json\/wp\/v2\/product_tag?post=3926"},{"taxonomy":"product_family","embeddable":true,"href":"https:\/\/staging.ecommerce.tuttocapsuletools.it\/fr\/wp-json\/wp\/v2\/product_family?post=3926"},{"taxonomy":"product_group","embeddable":true,"href":"https:\/\/staging.ecommerce.tuttocapsuletools.it\/fr\/wp-json\/wp\/v2\/product_group?post=3926"},{"taxonomy":"product_class","embeddable":true,"href":"https:\/\/staging.ecommerce.tuttocapsuletools.it\/fr\/wp-json\/wp\/v2\/product_class?post=3926"}],"curies":[{"name":"wp","href":"https:\/\/api.w.org\/{rel}","templated":true}]}}