{"id":3932,"date":"2026-01-30T10:47:07","date_gmt":"2026-01-30T09:47:07","guid":{"rendered":"https:\/\/staging.ecommerce.tuttocapsuletools.it\/prodotto\/lollo-cialda-caffe-argento-conf-100-box-1-2\/"},"modified":"2026-04-15T18:38:53","modified_gmt":"2026-04-15T16:38:53","slug":"lollo-cialda-caffe-argento-conf-100-box-1-2","status":"publish","type":"product","link":"https:\/\/staging.ecommerce.tuttocapsuletools.it\/fr\/prodotto\/lollo-cialda-caffe-argento-conf-100-box-1-2\/","title":{"rendered":"Lollo Argento 100 cialde"},"content":{"rendered":"<p>Espresso au go\u00fbt fort, d\u00e9cisif et cors\u00e9, caract\u00e9ris\u00e9 par une torr\u00e9faction \u00e9lev\u00e9e et une cr\u00e8me dense et fonc\u00e9e. Ce m\u00e9lange napolitain, id\u00e9al pour une pause \u00e9nergisante, combine Arabica et Robusta pour une saveur intense et torr\u00e9fi\u00e9e, sinc\u00e8re et traditionnelle, persistante en bouche.<\/p>\n","protected":false},"excerpt":{"rendered":"<p>100 dosettes<br \/>\nOptimale pour un r\u00e9veil \u00e9nergique<br \/>\nCr\u00e8me \u00e9paisse et persistante<br \/>\nCompatible avec le syst\u00e8me A Modo Mio<\/p>\n","protected":false},"featured_media":0,"comment_status":"open","ping_status":"closed","template":"","meta":{"_acf_changed":false},"product_brand":[370],"product_cat":[320,332],"product_tag":[],"product_family":[],"product_group":[],"product_class":[],"class_list":{"0":"post-3932","1":"product","2":"type-product","3":"status-publish","5":"product_brand-lollo","6":"product_cat-caf","7":"product_cat-cld","9":"first","10":"instock","11":"shipping-taxable","12":"purchasable","13":"product-type-simple"},"acf":[],"_links":{"self":[{"href":"https:\/\/staging.ecommerce.tuttocapsuletools.it\/fr\/wp-json\/wp\/v2\/product\/3932","targetHints":{"allow":["GET"]}}],"collection":[{"href":"https:\/\/staging.ecommerce.tuttocapsuletools.it\/fr\/wp-json\/wp\/v2\/product"}],"about":[{"href":"https:\/\/staging.ecommerce.tuttocapsuletools.it\/fr\/wp-json\/wp\/v2\/types\/product"}],"replies":[{"embeddable":true,"href":"https:\/\/staging.ecommerce.tuttocapsuletools.it\/fr\/wp-json\/wp\/v2\/comments?post=3932"}],"wp:attachment":[{"href":"https:\/\/staging.ecommerce.tuttocapsuletools.it\/fr\/wp-json\/wp\/v2\/media?parent=3932"}],"wp:term":[{"taxonomy":"product_brand","embeddable":true,"href":"https:\/\/staging.ecommerce.tuttocapsuletools.it\/fr\/wp-json\/wp\/v2\/product_brand?post=3932"},{"taxonomy":"product_cat","embeddable":true,"href":"https:\/\/staging.ecommerce.tuttocapsuletools.it\/fr\/wp-json\/wp\/v2\/product_cat?post=3932"},{"taxonomy":"product_tag","embeddable":true,"href":"https:\/\/staging.ecommerce.tuttocapsuletools.it\/fr\/wp-json\/wp\/v2\/product_tag?post=3932"},{"taxonomy":"product_family","embeddable":true,"href":"https:\/\/staging.ecommerce.tuttocapsuletools.it\/fr\/wp-json\/wp\/v2\/product_family?post=3932"},{"taxonomy":"product_group","embeddable":true,"href":"https:\/\/staging.ecommerce.tuttocapsuletools.it\/fr\/wp-json\/wp\/v2\/product_group?post=3932"},{"taxonomy":"product_class","embeddable":true,"href":"https:\/\/staging.ecommerce.tuttocapsuletools.it\/fr\/wp-json\/wp\/v2\/product_class?post=3932"}],"curies":[{"name":"wp","href":"https:\/\/api.w.org\/{rel}","templated":true}]}}