{"id":3936,"date":"2026-01-30T10:47:07","date_gmt":"2026-01-30T09:47:07","guid":{"rendered":"https:\/\/staging.ecommerce.tuttocapsuletools.it\/prodotto\/lollo-cialda-decaffeinato-cialda-dek-conf-100-box-1-2\/"},"modified":"2026-04-15T20:24:49","modified_gmt":"2026-04-15T18:24:49","slug":"lollo-cialda-decaffeinato-cialda-dek-conf-100-box-1-2","status":"publish","type":"product","link":"https:\/\/staging.ecommerce.tuttocapsuletools.it\/fr\/prodotto\/lollo-cialda-decaffeinato-cialda-dek-conf-100-box-1-2\/","title":{"rendered":"Lollo Decaffeinato 100 cialde"},"content":{"rendered":"<p>Le corps est moyen-plein et jamais envahissant, la consistance douce. Le go\u00fbt, bien \u00e9quilibr\u00e9, pr\u00e9sente de la rondeur et une l\u00e9g\u00e8re douceur, une absence totale d&rsquo;arri\u00e8re-go\u00fbt amer, une acidit\u00e9 contenue mais fra\u00eeche gr\u00e2ce \u00e0 l&rsquo;Arabica, et une agr\u00e9able persistance due au Robusta.<\/p>\n","protected":false},"excerpt":{"rendered":"<p>100 dosettes<br \/>\nM\u00e9lange d\u00e9caf\u00e9in\u00e9<br \/>\nEspresso \u00e9quilibr\u00e9<\/p>\n","protected":false},"featured_media":0,"comment_status":"open","ping_status":"closed","template":"","meta":{"_acf_changed":false},"product_brand":[370],"product_cat":[332,321],"product_tag":[],"product_family":[],"product_group":[],"product_class":[],"class_list":{"0":"post-3936","1":"product","2":"type-product","3":"status-publish","5":"product_brand-lollo","6":"product_cat-cld","7":"product_cat-dek","9":"first","10":"instock","11":"shipping-taxable","12":"purchasable","13":"product-type-simple"},"acf":[],"_links":{"self":[{"href":"https:\/\/staging.ecommerce.tuttocapsuletools.it\/fr\/wp-json\/wp\/v2\/product\/3936","targetHints":{"allow":["GET"]}}],"collection":[{"href":"https:\/\/staging.ecommerce.tuttocapsuletools.it\/fr\/wp-json\/wp\/v2\/product"}],"about":[{"href":"https:\/\/staging.ecommerce.tuttocapsuletools.it\/fr\/wp-json\/wp\/v2\/types\/product"}],"replies":[{"embeddable":true,"href":"https:\/\/staging.ecommerce.tuttocapsuletools.it\/fr\/wp-json\/wp\/v2\/comments?post=3936"}],"wp:attachment":[{"href":"https:\/\/staging.ecommerce.tuttocapsuletools.it\/fr\/wp-json\/wp\/v2\/media?parent=3936"}],"wp:term":[{"taxonomy":"product_brand","embeddable":true,"href":"https:\/\/staging.ecommerce.tuttocapsuletools.it\/fr\/wp-json\/wp\/v2\/product_brand?post=3936"},{"taxonomy":"product_cat","embeddable":true,"href":"https:\/\/staging.ecommerce.tuttocapsuletools.it\/fr\/wp-json\/wp\/v2\/product_cat?post=3936"},{"taxonomy":"product_tag","embeddable":true,"href":"https:\/\/staging.ecommerce.tuttocapsuletools.it\/fr\/wp-json\/wp\/v2\/product_tag?post=3936"},{"taxonomy":"product_family","embeddable":true,"href":"https:\/\/staging.ecommerce.tuttocapsuletools.it\/fr\/wp-json\/wp\/v2\/product_family?post=3936"},{"taxonomy":"product_group","embeddable":true,"href":"https:\/\/staging.ecommerce.tuttocapsuletools.it\/fr\/wp-json\/wp\/v2\/product_group?post=3936"},{"taxonomy":"product_class","embeddable":true,"href":"https:\/\/staging.ecommerce.tuttocapsuletools.it\/fr\/wp-json\/wp\/v2\/product_class?post=3936"}],"curies":[{"name":"wp","href":"https:\/\/api.w.org\/{rel}","templated":true}]}}