{"id":3942,"date":"2026-01-30T10:47:08","date_gmt":"2026-01-30T09:47:08","guid":{"rendered":"https:\/\/staging.ecommerce.tuttocapsuletools.it\/prodotto\/lollo-dolce-gusto-caffe-passione-dolce-classico-conf-16-box-6-2\/"},"modified":"2026-04-15T20:24:50","modified_gmt":"2026-04-15T18:24:50","slug":"lollo-dolce-gusto-caffe-passione-dolce-classico-conf-16-box-6-2","status":"publish","type":"product","link":"https:\/\/staging.ecommerce.tuttocapsuletools.it\/fr\/prodotto\/lollo-dolce-gusto-caffe-passione-dolce-classico-conf-16-box-6-2\/","title":{"rendered":"Lollo Classico 16 capsule"},"content":{"rendered":"<p>Classico de Lollo Caff\u00e8 est un m\u00e9lange napolitain traditionnel au go\u00fbt \u00e9quilibr\u00e9, compos\u00e9 de 60 % de robusta et de 40 % d&rsquo;arabica, qui donne naissance \u00e0 un caf\u00e9 aromatique et cors\u00e9 avec des notes torr\u00e9fi\u00e9es et une cr\u00e8me aux tons miell\u00e9s ; id\u00e9al pour tout moment de la journ\u00e9e.<\/p>\n","protected":false},"excerpt":{"rendered":"<p>16 Capsules<br \/>\nUn m\u00e9lange parfait d&rsquo;Arabica et de Robusta<br \/>\nIntensit\u00e9 moyenne<br \/>\nCompatible avec le syst\u00e8me Dolce Gusto<\/p>\n","protected":false},"featured_media":0,"comment_status":"open","ping_status":"closed","template":"","meta":{"_acf_changed":false},"product_brand":[370],"product_cat":[320,333],"product_tag":[],"product_family":[],"product_group":[],"product_class":[],"class_list":{"0":"post-3942","1":"product","2":"type-product","3":"status-publish","5":"product_brand-lollo","6":"product_cat-caf","7":"product_cat-d-g","9":"first","10":"instock","11":"shipping-taxable","12":"purchasable","13":"product-type-simple"},"acf":[],"_links":{"self":[{"href":"https:\/\/staging.ecommerce.tuttocapsuletools.it\/fr\/wp-json\/wp\/v2\/product\/3942","targetHints":{"allow":["GET"]}}],"collection":[{"href":"https:\/\/staging.ecommerce.tuttocapsuletools.it\/fr\/wp-json\/wp\/v2\/product"}],"about":[{"href":"https:\/\/staging.ecommerce.tuttocapsuletools.it\/fr\/wp-json\/wp\/v2\/types\/product"}],"replies":[{"embeddable":true,"href":"https:\/\/staging.ecommerce.tuttocapsuletools.it\/fr\/wp-json\/wp\/v2\/comments?post=3942"}],"wp:attachment":[{"href":"https:\/\/staging.ecommerce.tuttocapsuletools.it\/fr\/wp-json\/wp\/v2\/media?parent=3942"}],"wp:term":[{"taxonomy":"product_brand","embeddable":true,"href":"https:\/\/staging.ecommerce.tuttocapsuletools.it\/fr\/wp-json\/wp\/v2\/product_brand?post=3942"},{"taxonomy":"product_cat","embeddable":true,"href":"https:\/\/staging.ecommerce.tuttocapsuletools.it\/fr\/wp-json\/wp\/v2\/product_cat?post=3942"},{"taxonomy":"product_tag","embeddable":true,"href":"https:\/\/staging.ecommerce.tuttocapsuletools.it\/fr\/wp-json\/wp\/v2\/product_tag?post=3942"},{"taxonomy":"product_family","embeddable":true,"href":"https:\/\/staging.ecommerce.tuttocapsuletools.it\/fr\/wp-json\/wp\/v2\/product_family?post=3942"},{"taxonomy":"product_group","embeddable":true,"href":"https:\/\/staging.ecommerce.tuttocapsuletools.it\/fr\/wp-json\/wp\/v2\/product_group?post=3942"},{"taxonomy":"product_class","embeddable":true,"href":"https:\/\/staging.ecommerce.tuttocapsuletools.it\/fr\/wp-json\/wp\/v2\/product_class?post=3942"}],"curies":[{"name":"wp","href":"https:\/\/api.w.org\/{rel}","templated":true}]}}