{"id":3950,"date":"2026-01-30T10:47:09","date_gmt":"2026-01-30T09:47:09","guid":{"rendered":"https:\/\/staging.ecommerce.tuttocapsuletools.it\/prodotto\/lollo-dolce-gusto-caffe-alleria-conf-16-box-6-2\/"},"modified":"2026-04-15T18:54:08","modified_gmt":"2026-04-15T16:54:08","slug":"lollo-dolce-gusto-caffe-alleria-conf-16-box-6-2","status":"publish","type":"product","link":"https:\/\/staging.ecommerce.tuttocapsuletools.it\/fr\/prodotto\/lollo-dolce-gusto-caffe-alleria-conf-16-box-6-2\/","title":{"rendered":"Lollo Alleria 16 capsule"},"content":{"rendered":"<p>\u201cAlleria\u201d en napolitain signifie joie, insouciance, gaiet\u00e9. C&rsquo;est la brise qui vous rafra\u00eechit en \u00e9t\u00e9, c&rsquo;est le plaisir d&rsquo;un moment de pause, c&rsquo;est l&rsquo;\u00e9motion d&rsquo;un caf\u00e9 qui surprend. Un nom qui r\u00e9sume l&rsquo;\u00e2me de cet espresso unique.<\/p>\n","protected":false},"excerpt":{"rendered":"<p>16 Capsules<br \/>\nM\u00e9lange exclusif de Robusta et d&rsquo;Arabica de qualit\u00e9<br \/>\nEspresso intense, cr\u00e9meux, au caract\u00e8re d\u00e9cid\u00e9.<br \/>\nPersistant, comme par l&rsquo;authentique tradition napolitaine<\/p>\n","protected":false},"featured_media":0,"comment_status":"open","ping_status":"closed","template":"","meta":{"_acf_changed":false},"product_brand":[370],"product_cat":[320,333],"product_tag":[],"product_family":[],"product_group":[],"product_class":[],"class_list":{"0":"post-3950","1":"product","2":"type-product","3":"status-publish","5":"product_brand-lollo","6":"product_cat-caf","7":"product_cat-d-g","9":"first","10":"outofstock","11":"shipping-taxable","12":"purchasable","13":"product-type-simple"},"acf":[],"_links":{"self":[{"href":"https:\/\/staging.ecommerce.tuttocapsuletools.it\/fr\/wp-json\/wp\/v2\/product\/3950","targetHints":{"allow":["GET"]}}],"collection":[{"href":"https:\/\/staging.ecommerce.tuttocapsuletools.it\/fr\/wp-json\/wp\/v2\/product"}],"about":[{"href":"https:\/\/staging.ecommerce.tuttocapsuletools.it\/fr\/wp-json\/wp\/v2\/types\/product"}],"replies":[{"embeddable":true,"href":"https:\/\/staging.ecommerce.tuttocapsuletools.it\/fr\/wp-json\/wp\/v2\/comments?post=3950"}],"wp:attachment":[{"href":"https:\/\/staging.ecommerce.tuttocapsuletools.it\/fr\/wp-json\/wp\/v2\/media?parent=3950"}],"wp:term":[{"taxonomy":"product_brand","embeddable":true,"href":"https:\/\/staging.ecommerce.tuttocapsuletools.it\/fr\/wp-json\/wp\/v2\/product_brand?post=3950"},{"taxonomy":"product_cat","embeddable":true,"href":"https:\/\/staging.ecommerce.tuttocapsuletools.it\/fr\/wp-json\/wp\/v2\/product_cat?post=3950"},{"taxonomy":"product_tag","embeddable":true,"href":"https:\/\/staging.ecommerce.tuttocapsuletools.it\/fr\/wp-json\/wp\/v2\/product_tag?post=3950"},{"taxonomy":"product_family","embeddable":true,"href":"https:\/\/staging.ecommerce.tuttocapsuletools.it\/fr\/wp-json\/wp\/v2\/product_family?post=3950"},{"taxonomy":"product_group","embeddable":true,"href":"https:\/\/staging.ecommerce.tuttocapsuletools.it\/fr\/wp-json\/wp\/v2\/product_group?post=3950"},{"taxonomy":"product_class","embeddable":true,"href":"https:\/\/staging.ecommerce.tuttocapsuletools.it\/fr\/wp-json\/wp\/v2\/product_class?post=3950"}],"curies":[{"name":"wp","href":"https:\/\/api.w.org\/{rel}","templated":true}]}}