{"id":3952,"date":"2026-01-30T10:47:09","date_gmt":"2026-01-30T09:47:09","guid":{"rendered":"https:\/\/staging.ecommerce.tuttocapsuletools.it\/prodotto\/lollo-dolce-gusto-caffe-passione-dolce-decaffeinato-conf-16-box-6-2\/"},"modified":"2026-04-15T20:24:51","modified_gmt":"2026-04-15T18:24:51","slug":"lollo-dolce-gusto-caffe-passione-dolce-decaffeinato-conf-16-box-6-2","status":"publish","type":"product","link":"https:\/\/staging.ecommerce.tuttocapsuletools.it\/fr\/prodotto\/lollo-dolce-gusto-caffe-passione-dolce-decaffeinato-conf-16-box-6-2\/","title":{"rendered":"Lollo Decaffeinato 16 capsule"},"content":{"rendered":"<p>Le corps est moyen \u00e0 plein et jamais invasif, la consistance est douce. Le go\u00fbt, bien \u00e9quilibr\u00e9, pr\u00e9sente de la rondeur et une l\u00e9g\u00e8re douceur, une absence totale d&rsquo;arri\u00e8re-go\u00fbt amer, une acidit\u00e9 contenue mais fra\u00eeche gr\u00e2ce \u00e0 l&rsquo;Arabica, et une persistance agr\u00e9able due au Robusta.<\/p>\n","protected":false},"excerpt":{"rendered":"<p>16 capsules<br \/>\nM\u00e9lange d\u00e9caf\u00e9in\u00e9<br \/>\nEspresso \u00e9quilibr\u00e9<br \/>\nCompatible avec Dolce Gusto<\/p>\n","protected":false},"featured_media":0,"comment_status":"open","ping_status":"closed","template":"","meta":{"_acf_changed":false},"product_brand":[370],"product_cat":[321,333],"product_tag":[],"product_family":[],"product_group":[],"product_class":[],"class_list":{"0":"post-3952","1":"product","2":"type-product","3":"status-publish","5":"product_brand-lollo","6":"product_cat-dek","7":"product_cat-d-g","9":"first","10":"instock","11":"shipping-taxable","12":"purchasable","13":"product-type-simple"},"acf":[],"_links":{"self":[{"href":"https:\/\/staging.ecommerce.tuttocapsuletools.it\/fr\/wp-json\/wp\/v2\/product\/3952","targetHints":{"allow":["GET"]}}],"collection":[{"href":"https:\/\/staging.ecommerce.tuttocapsuletools.it\/fr\/wp-json\/wp\/v2\/product"}],"about":[{"href":"https:\/\/staging.ecommerce.tuttocapsuletools.it\/fr\/wp-json\/wp\/v2\/types\/product"}],"replies":[{"embeddable":true,"href":"https:\/\/staging.ecommerce.tuttocapsuletools.it\/fr\/wp-json\/wp\/v2\/comments?post=3952"}],"wp:attachment":[{"href":"https:\/\/staging.ecommerce.tuttocapsuletools.it\/fr\/wp-json\/wp\/v2\/media?parent=3952"}],"wp:term":[{"taxonomy":"product_brand","embeddable":true,"href":"https:\/\/staging.ecommerce.tuttocapsuletools.it\/fr\/wp-json\/wp\/v2\/product_brand?post=3952"},{"taxonomy":"product_cat","embeddable":true,"href":"https:\/\/staging.ecommerce.tuttocapsuletools.it\/fr\/wp-json\/wp\/v2\/product_cat?post=3952"},{"taxonomy":"product_tag","embeddable":true,"href":"https:\/\/staging.ecommerce.tuttocapsuletools.it\/fr\/wp-json\/wp\/v2\/product_tag?post=3952"},{"taxonomy":"product_family","embeddable":true,"href":"https:\/\/staging.ecommerce.tuttocapsuletools.it\/fr\/wp-json\/wp\/v2\/product_family?post=3952"},{"taxonomy":"product_group","embeddable":true,"href":"https:\/\/staging.ecommerce.tuttocapsuletools.it\/fr\/wp-json\/wp\/v2\/product_group?post=3952"},{"taxonomy":"product_class","embeddable":true,"href":"https:\/\/staging.ecommerce.tuttocapsuletools.it\/fr\/wp-json\/wp\/v2\/product_class?post=3952"}],"curies":[{"name":"wp","href":"https:\/\/api.w.org\/{rel}","templated":true}]}}