{"id":3960,"date":"2026-01-30T10:47:10","date_gmt":"2026-01-30T09:47:10","guid":{"rendered":"https:\/\/staging.ecommerce.tuttocapsuletools.it\/prodotto\/lollo-esse-decaffeinato-dek-conf-100-box-1-2\/"},"modified":"2026-04-15T20:24:51","modified_gmt":"2026-04-15T18:24:51","slug":"lollo-esse-decaffeinato-dek-conf-100-box-1-2","status":"publish","type":"product","link":"https:\/\/staging.ecommerce.tuttocapsuletools.it\/fr\/prodotto\/lollo-esse-decaffeinato-dek-conf-100-box-1-2\/","title":{"rendered":"Lollo Decaffeinato 100 capsule"},"content":{"rendered":"<p>Capsules d\u00e9caf\u00e9in\u00e9es compatibles Esse, qui conservent un ar\u00f4me et un corps \u00e9quilibr\u00e9s. Id\u00e9al pour ceux qui d\u00e9sirent le go\u00fbt du caf\u00e9 sans caf\u00e9ine, avec une cr\u00e8me velout\u00e9e et un parfum d\u00e9licat.<\/p>\n","protected":false},"excerpt":{"rendered":"<p>Paquet de 100 capsules<br \/>\nM\u00e9lange d\u00e9caf\u00e9in\u00e9<br \/>\nCompatible avec le syst\u00e8me Esse<\/p>\n","protected":false},"featured_media":0,"comment_status":"open","ping_status":"closed","template":"","meta":{"_acf_changed":false},"product_brand":[370],"product_cat":[321,371],"product_tag":[],"product_family":[],"product_group":[],"product_class":[],"class_list":{"0":"post-3960","1":"product","2":"type-product","3":"status-publish","5":"product_brand-lollo","6":"product_cat-dek","7":"product_cat-ess","9":"first","10":"instock","11":"shipping-taxable","12":"purchasable","13":"product-type-simple"},"acf":[],"_links":{"self":[{"href":"https:\/\/staging.ecommerce.tuttocapsuletools.it\/fr\/wp-json\/wp\/v2\/product\/3960","targetHints":{"allow":["GET"]}}],"collection":[{"href":"https:\/\/staging.ecommerce.tuttocapsuletools.it\/fr\/wp-json\/wp\/v2\/product"}],"about":[{"href":"https:\/\/staging.ecommerce.tuttocapsuletools.it\/fr\/wp-json\/wp\/v2\/types\/product"}],"replies":[{"embeddable":true,"href":"https:\/\/staging.ecommerce.tuttocapsuletools.it\/fr\/wp-json\/wp\/v2\/comments?post=3960"}],"wp:attachment":[{"href":"https:\/\/staging.ecommerce.tuttocapsuletools.it\/fr\/wp-json\/wp\/v2\/media?parent=3960"}],"wp:term":[{"taxonomy":"product_brand","embeddable":true,"href":"https:\/\/staging.ecommerce.tuttocapsuletools.it\/fr\/wp-json\/wp\/v2\/product_brand?post=3960"},{"taxonomy":"product_cat","embeddable":true,"href":"https:\/\/staging.ecommerce.tuttocapsuletools.it\/fr\/wp-json\/wp\/v2\/product_cat?post=3960"},{"taxonomy":"product_tag","embeddable":true,"href":"https:\/\/staging.ecommerce.tuttocapsuletools.it\/fr\/wp-json\/wp\/v2\/product_tag?post=3960"},{"taxonomy":"product_family","embeddable":true,"href":"https:\/\/staging.ecommerce.tuttocapsuletools.it\/fr\/wp-json\/wp\/v2\/product_family?post=3960"},{"taxonomy":"product_group","embeddable":true,"href":"https:\/\/staging.ecommerce.tuttocapsuletools.it\/fr\/wp-json\/wp\/v2\/product_group?post=3960"},{"taxonomy":"product_class","embeddable":true,"href":"https:\/\/staging.ecommerce.tuttocapsuletools.it\/fr\/wp-json\/wp\/v2\/product_class?post=3960"}],"curies":[{"name":"wp","href":"https:\/\/api.w.org\/{rel}","templated":true}]}}