{"id":3976,"date":"2026-01-30T10:47:12","date_gmt":"2026-01-30T09:47:12","guid":{"rendered":"https:\/\/staging.ecommerce.tuttocapsuletools.it\/prodotto\/lollo-grani-caffe-grani-crema-bar-classico-1-kg-conf-1-kg-box-6-2\/"},"modified":"2026-04-16T04:39:05","modified_gmt":"2026-04-16T02:39:05","slug":"lollo-grani-caffe-grani-crema-bar-classico-1-kg-conf-1-kg-box-6-2","status":"publish","type":"product","link":"https:\/\/staging.ecommerce.tuttocapsuletools.it\/fr\/prodotto\/lollo-grani-caffe-grani-crema-bar-classico-1-kg-conf-1-kg-box-6-2\/","title":{"rendered":"Lollo Crema Bar 1 kg"},"content":{"rendered":"<p>Grains \u00e0 torr\u00e9faction \u00e9quilibr\u00e9e pour un espresso doux et cr\u00e9meux. Parfum enveloppant et notes aromatiques de cacao et de fruits secs, pour un caf\u00e9 harmonieux et persistant.<\/p>\n","protected":false},"excerpt":{"rendered":"<p>Paquet de 1 kg<br \/>\nM\u00e9lange classique avec cr\u00e8me persistante<br \/>\nCaf\u00e9 en grains<\/p>\n","protected":false},"featured_media":0,"comment_status":"open","ping_status":"closed","template":"","meta":{"_acf_changed":false},"product_brand":[370],"product_cat":[320,323],"product_tag":[],"product_family":[],"product_group":[],"product_class":[],"class_list":{"0":"post-3976","1":"product","2":"type-product","3":"status-publish","5":"product_brand-lollo","6":"product_cat-caf","7":"product_cat-grn","9":"first","10":"instock","11":"shipping-taxable","12":"purchasable","13":"product-type-simple"},"acf":[],"_links":{"self":[{"href":"https:\/\/staging.ecommerce.tuttocapsuletools.it\/fr\/wp-json\/wp\/v2\/product\/3976","targetHints":{"allow":["GET"]}}],"collection":[{"href":"https:\/\/staging.ecommerce.tuttocapsuletools.it\/fr\/wp-json\/wp\/v2\/product"}],"about":[{"href":"https:\/\/staging.ecommerce.tuttocapsuletools.it\/fr\/wp-json\/wp\/v2\/types\/product"}],"replies":[{"embeddable":true,"href":"https:\/\/staging.ecommerce.tuttocapsuletools.it\/fr\/wp-json\/wp\/v2\/comments?post=3976"}],"wp:attachment":[{"href":"https:\/\/staging.ecommerce.tuttocapsuletools.it\/fr\/wp-json\/wp\/v2\/media?parent=3976"}],"wp:term":[{"taxonomy":"product_brand","embeddable":true,"href":"https:\/\/staging.ecommerce.tuttocapsuletools.it\/fr\/wp-json\/wp\/v2\/product_brand?post=3976"},{"taxonomy":"product_cat","embeddable":true,"href":"https:\/\/staging.ecommerce.tuttocapsuletools.it\/fr\/wp-json\/wp\/v2\/product_cat?post=3976"},{"taxonomy":"product_tag","embeddable":true,"href":"https:\/\/staging.ecommerce.tuttocapsuletools.it\/fr\/wp-json\/wp\/v2\/product_tag?post=3976"},{"taxonomy":"product_family","embeddable":true,"href":"https:\/\/staging.ecommerce.tuttocapsuletools.it\/fr\/wp-json\/wp\/v2\/product_family?post=3976"},{"taxonomy":"product_group","embeddable":true,"href":"https:\/\/staging.ecommerce.tuttocapsuletools.it\/fr\/wp-json\/wp\/v2\/product_group?post=3976"},{"taxonomy":"product_class","embeddable":true,"href":"https:\/\/staging.ecommerce.tuttocapsuletools.it\/fr\/wp-json\/wp\/v2\/product_class?post=3976"}],"curies":[{"name":"wp","href":"https:\/\/api.w.org\/{rel}","templated":true}]}}