{"id":4018,"date":"2026-01-30T10:47:17","date_gmt":"2026-01-30T09:47:17","guid":{"rendered":"https:\/\/staging.ecommerce.tuttocapsuletools.it\/prodotto\/nestle-dolce-gusto-caffe-caffe-americano-conf-16-box-3-2\/"},"modified":"2026-04-16T03:09:33","modified_gmt":"2026-04-16T01:09:33","slug":"nestle-dolce-gusto-caffe-caffe-americano-conf-16-box-3-2","status":"publish","type":"product","link":"https:\/\/staging.ecommerce.tuttocapsuletools.it\/fr\/prodotto\/nestle-dolce-gusto-caffe-caffe-americano-conf-16-box-3-2\/","title":{"rendered":"Nestl\u00e9 Caff\u00e8 Americano 16 capsule"},"content":{"rendered":"<p>Capsules compatibles Dolce Gusto avec caf\u00e9 long au go\u00fbt doux et d\u00e9licat. Notes douces et corps l\u00e9ger pour une exp\u00e9rience \u00e9quilibr\u00e9e et persistante.<\/p>\n","protected":false},"excerpt":{"rendered":"<p>Paquet de 16 capsules<br \/>\nCaf\u00e9 long au go\u00fbt \u00e9quilibr\u00e9<br \/>\nCompatible avec Nescaf\u00e9 Dolce Gusto<\/p>\n","protected":false},"featured_media":0,"comment_status":"open","ping_status":"closed","template":"","meta":{"_acf_changed":false},"product_brand":[379],"product_cat":[320,333],"product_tag":[],"product_family":[],"product_group":[],"product_class":[],"class_list":{"0":"post-4018","1":"product","2":"type-product","3":"status-publish","5":"product_brand-nestle","6":"product_cat-caf","7":"product_cat-d-g","9":"first","10":"instock","11":"shipping-taxable","12":"purchasable","13":"product-type-simple"},"acf":[],"_links":{"self":[{"href":"https:\/\/staging.ecommerce.tuttocapsuletools.it\/fr\/wp-json\/wp\/v2\/product\/4018","targetHints":{"allow":["GET"]}}],"collection":[{"href":"https:\/\/staging.ecommerce.tuttocapsuletools.it\/fr\/wp-json\/wp\/v2\/product"}],"about":[{"href":"https:\/\/staging.ecommerce.tuttocapsuletools.it\/fr\/wp-json\/wp\/v2\/types\/product"}],"replies":[{"embeddable":true,"href":"https:\/\/staging.ecommerce.tuttocapsuletools.it\/fr\/wp-json\/wp\/v2\/comments?post=4018"}],"wp:attachment":[{"href":"https:\/\/staging.ecommerce.tuttocapsuletools.it\/fr\/wp-json\/wp\/v2\/media?parent=4018"}],"wp:term":[{"taxonomy":"product_brand","embeddable":true,"href":"https:\/\/staging.ecommerce.tuttocapsuletools.it\/fr\/wp-json\/wp\/v2\/product_brand?post=4018"},{"taxonomy":"product_cat","embeddable":true,"href":"https:\/\/staging.ecommerce.tuttocapsuletools.it\/fr\/wp-json\/wp\/v2\/product_cat?post=4018"},{"taxonomy":"product_tag","embeddable":true,"href":"https:\/\/staging.ecommerce.tuttocapsuletools.it\/fr\/wp-json\/wp\/v2\/product_tag?post=4018"},{"taxonomy":"product_family","embeddable":true,"href":"https:\/\/staging.ecommerce.tuttocapsuletools.it\/fr\/wp-json\/wp\/v2\/product_family?post=4018"},{"taxonomy":"product_group","embeddable":true,"href":"https:\/\/staging.ecommerce.tuttocapsuletools.it\/fr\/wp-json\/wp\/v2\/product_group?post=4018"},{"taxonomy":"product_class","embeddable":true,"href":"https:\/\/staging.ecommerce.tuttocapsuletools.it\/fr\/wp-json\/wp\/v2\/product_class?post=4018"}],"curies":[{"name":"wp","href":"https:\/\/api.w.org\/{rel}","templated":true}]}}