{"id":4072,"date":"2026-01-30T10:47:23","date_gmt":"2026-01-30T09:47:23","guid":{"rendered":"https:\/\/staging.ecommerce.tuttocapsuletools.it\/prodotto\/nestle-dolce-gusto-solubile-cortado-conf-16-box-6-2\/"},"modified":"2026-04-16T00:09:28","modified_gmt":"2026-04-15T22:09:28","slug":"nestle-dolce-gusto-solubile-cortado-conf-16-box-6-2","status":"publish","type":"product","link":"https:\/\/staging.ecommerce.tuttocapsuletools.it\/fr\/prodotto\/nestle-dolce-gusto-solubile-cortado-conf-16-box-6-2\/","title":{"rendered":"Nestl\u00e9 Cortado 16 capsule"},"content":{"rendered":"<p>Boisson soluble Dolce Gusto au go\u00fbt prononc\u00e9 et cr\u00e9meux. M\u00e9lange \u00e9quilibr\u00e9 de caf\u00e9 et de lait, ar\u00f4me persistant et velout\u00e9.<\/p>\n","protected":false},"excerpt":{"rendered":"<p>Paquet de 16 capsules<br \/>\nBoisson caf\u00e9 et lait<br \/>\nCompatible avec Nescaf\u00e9 Dolce Gusto<\/p>\n","protected":false},"featured_media":0,"comment_status":"open","ping_status":"closed","template":"","meta":{"_acf_changed":false},"product_brand":[379],"product_cat":[333,322],"product_tag":[],"product_family":[],"product_group":[],"product_class":[],"class_list":{"0":"post-4072","1":"product","2":"type-product","3":"status-publish","5":"product_brand-nestle","6":"product_cat-d-g","7":"product_cat-sol","9":"first","10":"instock","11":"shipping-taxable","12":"purchasable","13":"product-type-simple"},"acf":[],"_links":{"self":[{"href":"https:\/\/staging.ecommerce.tuttocapsuletools.it\/fr\/wp-json\/wp\/v2\/product\/4072","targetHints":{"allow":["GET"]}}],"collection":[{"href":"https:\/\/staging.ecommerce.tuttocapsuletools.it\/fr\/wp-json\/wp\/v2\/product"}],"about":[{"href":"https:\/\/staging.ecommerce.tuttocapsuletools.it\/fr\/wp-json\/wp\/v2\/types\/product"}],"replies":[{"embeddable":true,"href":"https:\/\/staging.ecommerce.tuttocapsuletools.it\/fr\/wp-json\/wp\/v2\/comments?post=4072"}],"wp:attachment":[{"href":"https:\/\/staging.ecommerce.tuttocapsuletools.it\/fr\/wp-json\/wp\/v2\/media?parent=4072"}],"wp:term":[{"taxonomy":"product_brand","embeddable":true,"href":"https:\/\/staging.ecommerce.tuttocapsuletools.it\/fr\/wp-json\/wp\/v2\/product_brand?post=4072"},{"taxonomy":"product_cat","embeddable":true,"href":"https:\/\/staging.ecommerce.tuttocapsuletools.it\/fr\/wp-json\/wp\/v2\/product_cat?post=4072"},{"taxonomy":"product_tag","embeddable":true,"href":"https:\/\/staging.ecommerce.tuttocapsuletools.it\/fr\/wp-json\/wp\/v2\/product_tag?post=4072"},{"taxonomy":"product_family","embeddable":true,"href":"https:\/\/staging.ecommerce.tuttocapsuletools.it\/fr\/wp-json\/wp\/v2\/product_family?post=4072"},{"taxonomy":"product_group","embeddable":true,"href":"https:\/\/staging.ecommerce.tuttocapsuletools.it\/fr\/wp-json\/wp\/v2\/product_group?post=4072"},{"taxonomy":"product_class","embeddable":true,"href":"https:\/\/staging.ecommerce.tuttocapsuletools.it\/fr\/wp-json\/wp\/v2\/product_class?post=4072"}],"curies":[{"name":"wp","href":"https:\/\/api.w.org\/{rel}","templated":true}]}}