{"id":4135,"date":"2026-01-17T18:29:24","date_gmt":"2026-01-17T17:29:24","guid":{"rendered":"https:\/\/staging.ecommerce.tuttocapsuletools.it\/prodotto\/pagliero-a-modo-mio-caffe-intenso-conf-100-box-1\/"},"modified":"2026-04-16T00:24:28","modified_gmt":"2026-04-15T22:24:28","slug":"pagliero-a-modo-mio-caffe-intenso-conf-100-box-1","status":"publish","type":"product","link":"https:\/\/staging.ecommerce.tuttocapsuletools.it\/fr\/prodotto\/pagliero-a-modo-mio-caffe-intenso-conf-100-box-1\/","title":{"rendered":"Pagliero Intenso 100 capsule"},"content":{"rendered":"<p>Pagliero Intenso est un caf\u00e9 au caract\u00e8re fort et raffin\u00e9, obtenu \u00e0 partir d&rsquo;un m\u00e9lange s\u00e9lectionn\u00e9 et d&rsquo;un processus de torr\u00e9faction intense con\u00e7u pour rehausser son corps et son onctuosit\u00e9. Dans la tasse, il lib\u00e8re des notes profondes de tabac et d&rsquo;\u00e9pices, avec un ar\u00f4me riche et persistant. Un espresso de haute qualit\u00e9, con\u00e7u pour ceux qui recherchent l&rsquo;intensit\u00e9, l&rsquo;\u00e9quilibre et le vrai go\u00fbt de l&rsquo;espresso italien.<\/p>\n","protected":false},"excerpt":{"rendered":"<p>Bo\u00eete de 100 capsules<br \/>\nCompatibles avec la machine A Modo Mio<br \/>\nTr\u00e8s cr\u00e9meux<br \/>\nNotes de tabac et d&rsquo;\u00e9pices<\/p>\n","protected":false},"featured_media":1738,"comment_status":"open","ping_status":"closed","template":"","meta":{"_acf_changed":false},"product_brand":[302],"product_cat":[329,320],"product_tag":[],"product_family":[],"product_group":[],"product_class":[],"class_list":{"0":"post-4135","1":"product","2":"type-product","3":"status-publish","4":"has-post-thumbnail","6":"product_brand-pagliero","7":"product_cat-amm","8":"product_cat-caf","10":"first","11":"instock","12":"shipping-taxable","13":"purchasable","14":"product-type-simple"},"acf":[],"_links":{"self":[{"href":"https:\/\/staging.ecommerce.tuttocapsuletools.it\/fr\/wp-json\/wp\/v2\/product\/4135","targetHints":{"allow":["GET"]}}],"collection":[{"href":"https:\/\/staging.ecommerce.tuttocapsuletools.it\/fr\/wp-json\/wp\/v2\/product"}],"about":[{"href":"https:\/\/staging.ecommerce.tuttocapsuletools.it\/fr\/wp-json\/wp\/v2\/types\/product"}],"replies":[{"embeddable":true,"href":"https:\/\/staging.ecommerce.tuttocapsuletools.it\/fr\/wp-json\/wp\/v2\/comments?post=4135"}],"wp:featuredmedia":[{"embeddable":true,"href":"https:\/\/staging.ecommerce.tuttocapsuletools.it\/fr\/wp-json\/wp\/v2\/media\/1738"}],"wp:attachment":[{"href":"https:\/\/staging.ecommerce.tuttocapsuletools.it\/fr\/wp-json\/wp\/v2\/media?parent=4135"}],"wp:term":[{"taxonomy":"product_brand","embeddable":true,"href":"https:\/\/staging.ecommerce.tuttocapsuletools.it\/fr\/wp-json\/wp\/v2\/product_brand?post=4135"},{"taxonomy":"product_cat","embeddable":true,"href":"https:\/\/staging.ecommerce.tuttocapsuletools.it\/fr\/wp-json\/wp\/v2\/product_cat?post=4135"},{"taxonomy":"product_tag","embeddable":true,"href":"https:\/\/staging.ecommerce.tuttocapsuletools.it\/fr\/wp-json\/wp\/v2\/product_tag?post=4135"},{"taxonomy":"product_family","embeddable":true,"href":"https:\/\/staging.ecommerce.tuttocapsuletools.it\/fr\/wp-json\/wp\/v2\/product_family?post=4135"},{"taxonomy":"product_group","embeddable":true,"href":"https:\/\/staging.ecommerce.tuttocapsuletools.it\/fr\/wp-json\/wp\/v2\/product_group?post=4135"},{"taxonomy":"product_class","embeddable":true,"href":"https:\/\/staging.ecommerce.tuttocapsuletools.it\/fr\/wp-json\/wp\/v2\/product_class?post=4135"}],"curies":[{"name":"wp","href":"https:\/\/api.w.org\/{rel}","templated":true}]}}