{"id":4145,"date":"2026-01-17T18:29:38","date_gmt":"2026-01-17T17:29:38","guid":{"rendered":"https:\/\/staging.ecommerce.tuttocapsuletools.it\/prodotto\/pagliero-a-modo-mio-solubile-sambuca-conf-16-box-6\/"},"modified":"2026-04-15T20:54:15","modified_gmt":"2026-04-15T18:54:15","slug":"pagliero-a-modo-mio-solubile-sambuca-conf-16-box-6","status":"publish","type":"product","link":"https:\/\/staging.ecommerce.tuttocapsuletools.it\/fr\/prodotto\/pagliero-a-modo-mio-solubile-sambuca-conf-16-box-6\/","title":{"rendered":"Pagliero Sambuca 16 capsule"},"content":{"rendered":"<p>Le \u00ab\u00a0caff\u00e8 corretto\u00a0\u00bb italien : l&rsquo;espresso \u00e9pouse l&rsquo;\u00e2me de la sambuca. Un caract\u00e8re fort o\u00f9 les notes torr\u00e9fi\u00e9es rencontrent l&rsquo;anis. Le digestif id\u00e9al au go\u00fbt de tradition authentique.<\/p>\n","protected":false},"excerpt":{"rendered":"<p>Bo\u00eete de 6 paquets de 16 capsules<br \/>\nCaf\u00e9 instantan\u00e9 et boisson \u00e0 la sambuca (sans alcool)<br \/>\nCompatible avec les machines A Modo Mio<br \/>\nDosage recommand\u00e9 : 100 ml<\/p>\n","protected":false},"featured_media":1748,"comment_status":"open","ping_status":"closed","template":"","meta":{"_acf_changed":false},"product_brand":[302],"product_cat":[329,322],"product_tag":[],"product_family":[],"product_group":[],"product_class":[],"class_list":{"0":"post-4145","1":"product","2":"type-product","3":"status-publish","4":"has-post-thumbnail","6":"product_brand-pagliero","7":"product_cat-amm","8":"product_cat-sol","10":"first","11":"instock","12":"shipping-taxable","13":"purchasable","14":"product-type-simple"},"acf":[],"_links":{"self":[{"href":"https:\/\/staging.ecommerce.tuttocapsuletools.it\/fr\/wp-json\/wp\/v2\/product\/4145","targetHints":{"allow":["GET"]}}],"collection":[{"href":"https:\/\/staging.ecommerce.tuttocapsuletools.it\/fr\/wp-json\/wp\/v2\/product"}],"about":[{"href":"https:\/\/staging.ecommerce.tuttocapsuletools.it\/fr\/wp-json\/wp\/v2\/types\/product"}],"replies":[{"embeddable":true,"href":"https:\/\/staging.ecommerce.tuttocapsuletools.it\/fr\/wp-json\/wp\/v2\/comments?post=4145"}],"wp:featuredmedia":[{"embeddable":true,"href":"https:\/\/staging.ecommerce.tuttocapsuletools.it\/fr\/wp-json\/wp\/v2\/media\/1748"}],"wp:attachment":[{"href":"https:\/\/staging.ecommerce.tuttocapsuletools.it\/fr\/wp-json\/wp\/v2\/media?parent=4145"}],"wp:term":[{"taxonomy":"product_brand","embeddable":true,"href":"https:\/\/staging.ecommerce.tuttocapsuletools.it\/fr\/wp-json\/wp\/v2\/product_brand?post=4145"},{"taxonomy":"product_cat","embeddable":true,"href":"https:\/\/staging.ecommerce.tuttocapsuletools.it\/fr\/wp-json\/wp\/v2\/product_cat?post=4145"},{"taxonomy":"product_tag","embeddable":true,"href":"https:\/\/staging.ecommerce.tuttocapsuletools.it\/fr\/wp-json\/wp\/v2\/product_tag?post=4145"},{"taxonomy":"product_family","embeddable":true,"href":"https:\/\/staging.ecommerce.tuttocapsuletools.it\/fr\/wp-json\/wp\/v2\/product_family?post=4145"},{"taxonomy":"product_group","embeddable":true,"href":"https:\/\/staging.ecommerce.tuttocapsuletools.it\/fr\/wp-json\/wp\/v2\/product_group?post=4145"},{"taxonomy":"product_class","embeddable":true,"href":"https:\/\/staging.ecommerce.tuttocapsuletools.it\/fr\/wp-json\/wp\/v2\/product_class?post=4145"}],"curies":[{"name":"wp","href":"https:\/\/api.w.org\/{rel}","templated":true}]}}