{"id":4163,"date":"2026-01-17T18:29:42","date_gmt":"2026-01-17T17:29:42","guid":{"rendered":"https:\/\/staging.ecommerce.tuttocapsuletools.it\/prodotto\/pagliero-bialetti-caffe-cremoso-conf-65-box-1\/"},"modified":"2026-04-16T01:39:24","modified_gmt":"2026-04-15T23:39:24","slug":"pagliero-bialetti-caffe-cremoso-conf-65-box-1","status":"publish","type":"product","link":"https:\/\/staging.ecommerce.tuttocapsuletools.it\/fr\/prodotto\/pagliero-bialetti-caffe-cremoso-conf-65-box-1\/","title":{"rendered":"Pagliero Cremoso 65 capsule"},"content":{"rendered":"<p>Pagliero Cremoso : un m\u00e9lange raffin\u00e9 et \u00e9quilibr\u00e9 de grains Arabica et Robusta. Une torr\u00e9faction l\u00e9g\u00e8re qui fait ressortir l&rsquo;acidit\u00e9 citronn\u00e9e et le d\u00e9licat ar\u00f4me de vanille. Un espresso velout\u00e9, parfait m\u00eame sans sucre.<\/p>\n","protected":false},"excerpt":{"rendered":"<p>Bo\u00eete de 65 capsules<br \/>\nCapsules en aluminium compatibles avec le syst\u00e8me Bialetti<br \/>\nM\u00e9lange : 80 % Arabica, 20 % Robusta<br \/>\nExtraction recommand\u00e9e : espresso<br \/>\nTorr\u00e9faction l\u00e9g\u00e8re<\/p>\n","protected":false},"featured_media":1766,"comment_status":"open","ping_status":"closed","template":"","meta":{"_acf_changed":false},"product_brand":[302],"product_cat":[319,320],"product_tag":[],"product_family":[],"product_group":[],"product_class":[],"class_list":{"0":"post-4163","1":"product","2":"type-product","3":"status-publish","4":"has-post-thumbnail","6":"product_brand-pagliero","7":"product_cat-bia","8":"product_cat-caf","10":"first","11":"instock","12":"shipping-taxable","13":"purchasable","14":"product-type-simple"},"acf":[],"_links":{"self":[{"href":"https:\/\/staging.ecommerce.tuttocapsuletools.it\/fr\/wp-json\/wp\/v2\/product\/4163","targetHints":{"allow":["GET"]}}],"collection":[{"href":"https:\/\/staging.ecommerce.tuttocapsuletools.it\/fr\/wp-json\/wp\/v2\/product"}],"about":[{"href":"https:\/\/staging.ecommerce.tuttocapsuletools.it\/fr\/wp-json\/wp\/v2\/types\/product"}],"replies":[{"embeddable":true,"href":"https:\/\/staging.ecommerce.tuttocapsuletools.it\/fr\/wp-json\/wp\/v2\/comments?post=4163"}],"wp:featuredmedia":[{"embeddable":true,"href":"https:\/\/staging.ecommerce.tuttocapsuletools.it\/fr\/wp-json\/wp\/v2\/media\/1766"}],"wp:attachment":[{"href":"https:\/\/staging.ecommerce.tuttocapsuletools.it\/fr\/wp-json\/wp\/v2\/media?parent=4163"}],"wp:term":[{"taxonomy":"product_brand","embeddable":true,"href":"https:\/\/staging.ecommerce.tuttocapsuletools.it\/fr\/wp-json\/wp\/v2\/product_brand?post=4163"},{"taxonomy":"product_cat","embeddable":true,"href":"https:\/\/staging.ecommerce.tuttocapsuletools.it\/fr\/wp-json\/wp\/v2\/product_cat?post=4163"},{"taxonomy":"product_tag","embeddable":true,"href":"https:\/\/staging.ecommerce.tuttocapsuletools.it\/fr\/wp-json\/wp\/v2\/product_tag?post=4163"},{"taxonomy":"product_family","embeddable":true,"href":"https:\/\/staging.ecommerce.tuttocapsuletools.it\/fr\/wp-json\/wp\/v2\/product_family?post=4163"},{"taxonomy":"product_group","embeddable":true,"href":"https:\/\/staging.ecommerce.tuttocapsuletools.it\/fr\/wp-json\/wp\/v2\/product_group?post=4163"},{"taxonomy":"product_class","embeddable":true,"href":"https:\/\/staging.ecommerce.tuttocapsuletools.it\/fr\/wp-json\/wp\/v2\/product_class?post=4163"}],"curies":[{"name":"wp","href":"https:\/\/api.w.org\/{rel}","templated":true}]}}