{"id":4221,"date":"2026-01-30T10:47:39","date_gmt":"2026-01-30T09:47:39","guid":{"rendered":"https:\/\/staging.ecommerce.tuttocapsuletools.it\/prodotto\/pagliero-dolce-gusto-decaffeinato-dek-conf-16-box-6-3\/"},"modified":"2026-04-15T23:54:43","modified_gmt":"2026-04-15T21:54:43","slug":"pagliero-dolce-gusto-decaffeinato-dek-conf-16-box-6-3-2","status":"publish","type":"product","link":"https:\/\/staging.ecommerce.tuttocapsuletools.it\/fr\/prodotto\/pagliero-dolce-gusto-decaffeinato-dek-conf-16-box-6-3-2\/","title":{"rendered":"Pagliero Soave 16 capsuleDecaffeinato"},"content":{"rendered":"<p>Pagliero Soave est un caf\u00e9 d\u00e9caf\u00e9in\u00e9 au profil d\u00e9licat et harmonieux, con\u00e7u pour ceux qui recherchent une exp\u00e9rience douce sans compromis sur le go\u00fbt. Dans la tasse, il offre des notes l\u00e9g\u00e8res et aromatiques et une cr\u00e8me velout\u00e9e. Id\u00e9al pour d\u00e9guster un espresso italien d&rsquo;une \u00e9l\u00e9gance subtile \u00e0 tout moment de la journ\u00e9e.<\/p>\n","protected":false},"excerpt":{"rendered":"<p>Capsules compatibles Dolce Gusto<br \/>\nD\u00e9caf\u00e9in\u00e9<br \/>\nNotes de fruits secs et de biscuit<\/p>\n","protected":false},"featured_media":0,"comment_status":"open","ping_status":"closed","template":"","meta":{"_acf_changed":false},"product_brand":[302],"product_cat":[321,333],"product_tag":[],"product_family":[],"product_group":[],"product_class":[],"class_list":{"0":"post-4221","1":"product","2":"type-product","3":"status-publish","5":"product_brand-pagliero","6":"product_cat-dek","7":"product_cat-d-g","9":"first","10":"instock","11":"shipping-taxable","12":"purchasable","13":"product-type-simple"},"acf":[],"_links":{"self":[{"href":"https:\/\/staging.ecommerce.tuttocapsuletools.it\/fr\/wp-json\/wp\/v2\/product\/4221","targetHints":{"allow":["GET"]}}],"collection":[{"href":"https:\/\/staging.ecommerce.tuttocapsuletools.it\/fr\/wp-json\/wp\/v2\/product"}],"about":[{"href":"https:\/\/staging.ecommerce.tuttocapsuletools.it\/fr\/wp-json\/wp\/v2\/types\/product"}],"replies":[{"embeddable":true,"href":"https:\/\/staging.ecommerce.tuttocapsuletools.it\/fr\/wp-json\/wp\/v2\/comments?post=4221"}],"wp:attachment":[{"href":"https:\/\/staging.ecommerce.tuttocapsuletools.it\/fr\/wp-json\/wp\/v2\/media?parent=4221"}],"wp:term":[{"taxonomy":"product_brand","embeddable":true,"href":"https:\/\/staging.ecommerce.tuttocapsuletools.it\/fr\/wp-json\/wp\/v2\/product_brand?post=4221"},{"taxonomy":"product_cat","embeddable":true,"href":"https:\/\/staging.ecommerce.tuttocapsuletools.it\/fr\/wp-json\/wp\/v2\/product_cat?post=4221"},{"taxonomy":"product_tag","embeddable":true,"href":"https:\/\/staging.ecommerce.tuttocapsuletools.it\/fr\/wp-json\/wp\/v2\/product_tag?post=4221"},{"taxonomy":"product_family","embeddable":true,"href":"https:\/\/staging.ecommerce.tuttocapsuletools.it\/fr\/wp-json\/wp\/v2\/product_family?post=4221"},{"taxonomy":"product_group","embeddable":true,"href":"https:\/\/staging.ecommerce.tuttocapsuletools.it\/fr\/wp-json\/wp\/v2\/product_group?post=4221"},{"taxonomy":"product_class","embeddable":true,"href":"https:\/\/staging.ecommerce.tuttocapsuletools.it\/fr\/wp-json\/wp\/v2\/product_class?post=4221"}],"curies":[{"name":"wp","href":"https:\/\/api.w.org\/{rel}","templated":true}]}}