{"id":4223,"date":"2026-01-30T10:47:40","date_gmt":"2026-01-30T09:47:40","guid":{"rendered":"https:\/\/staging.ecommerce.tuttocapsuletools.it\/prodotto\/pagliero-dolce-gusto-decaffeinato-barista-dek-conf-40-box-3-2\/"},"modified":"2026-04-15T18:54:39","modified_gmt":"2026-04-15T16:54:39","slug":"pagliero-dolce-gusto-decaffeinato-barista-dek-conf-40-box-3-2","status":"publish","type":"product","link":"https:\/\/staging.ecommerce.tuttocapsuletools.it\/fr\/prodotto\/pagliero-dolce-gusto-decaffeinato-barista-dek-conf-40-box-3-2\/","title":{"rendered":"Pagliero Barista Decaffeinato 40 capsule"},"content":{"rendered":"<p>Capsules d\u00e9caf\u00e9in\u00e9es Dolce Gusto \u00e0 l&rsquo;ar\u00f4me intense et \u00e0 la cr\u00e8me persistante. Go\u00fbt \u00e9quilibr\u00e9 et cors\u00e9, pour un espresso sans caf\u00e9ine mais riche en caract\u00e8re.<\/p>\n","protected":false},"excerpt":{"rendered":"<p>Paquet de 40 capsules<br \/>\nM\u00e9lange d\u00e9caf\u00e9in\u00e9 au go\u00fbt plein<br \/>\nCompatible avec Nescaf\u00e9 Dolce Gusto<\/p>\n","protected":false},"featured_media":0,"comment_status":"open","ping_status":"closed","template":"","meta":{"_acf_changed":false},"product_brand":[302],"product_cat":[321,333],"product_tag":[],"product_family":[],"product_group":[],"product_class":[],"class_list":{"0":"post-4223","1":"product","2":"type-product","3":"status-publish","5":"product_brand-pagliero","6":"product_cat-dek","7":"product_cat-d-g","9":"first","10":"instock","11":"shipping-taxable","12":"purchasable","13":"product-type-simple"},"acf":[],"_links":{"self":[{"href":"https:\/\/staging.ecommerce.tuttocapsuletools.it\/fr\/wp-json\/wp\/v2\/product\/4223","targetHints":{"allow":["GET"]}}],"collection":[{"href":"https:\/\/staging.ecommerce.tuttocapsuletools.it\/fr\/wp-json\/wp\/v2\/product"}],"about":[{"href":"https:\/\/staging.ecommerce.tuttocapsuletools.it\/fr\/wp-json\/wp\/v2\/types\/product"}],"replies":[{"embeddable":true,"href":"https:\/\/staging.ecommerce.tuttocapsuletools.it\/fr\/wp-json\/wp\/v2\/comments?post=4223"}],"wp:attachment":[{"href":"https:\/\/staging.ecommerce.tuttocapsuletools.it\/fr\/wp-json\/wp\/v2\/media?parent=4223"}],"wp:term":[{"taxonomy":"product_brand","embeddable":true,"href":"https:\/\/staging.ecommerce.tuttocapsuletools.it\/fr\/wp-json\/wp\/v2\/product_brand?post=4223"},{"taxonomy":"product_cat","embeddable":true,"href":"https:\/\/staging.ecommerce.tuttocapsuletools.it\/fr\/wp-json\/wp\/v2\/product_cat?post=4223"},{"taxonomy":"product_tag","embeddable":true,"href":"https:\/\/staging.ecommerce.tuttocapsuletools.it\/fr\/wp-json\/wp\/v2\/product_tag?post=4223"},{"taxonomy":"product_family","embeddable":true,"href":"https:\/\/staging.ecommerce.tuttocapsuletools.it\/fr\/wp-json\/wp\/v2\/product_family?post=4223"},{"taxonomy":"product_group","embeddable":true,"href":"https:\/\/staging.ecommerce.tuttocapsuletools.it\/fr\/wp-json\/wp\/v2\/product_group?post=4223"},{"taxonomy":"product_class","embeddable":true,"href":"https:\/\/staging.ecommerce.tuttocapsuletools.it\/fr\/wp-json\/wp\/v2\/product_class?post=4223"}],"curies":[{"name":"wp","href":"https:\/\/api.w.org\/{rel}","templated":true}]}}