{"id":4227,"date":"2026-01-30T10:47:40","date_gmt":"2026-01-30T09:47:40","guid":{"rendered":"https:\/\/staging.ecommerce.tuttocapsuletools.it\/prodotto\/pagliero-dolce-gusto-solubile-amaretto-conf-16-box-6-2\/"},"modified":"2026-04-15T20:54:22","modified_gmt":"2026-04-15T18:54:22","slug":"pagliero-dolce-gusto-solubile-amaretto-conf-16-box-6-2","status":"publish","type":"product","link":"https:\/\/staging.ecommerce.tuttocapsuletools.it\/fr\/prodotto\/pagliero-dolce-gusto-solubile-amaretto-conf-16-box-6-2\/","title":{"rendered":"Pagliero Amaretto 16 capsule"},"content":{"rendered":"<p>L&rsquo;ar\u00f4me du caf\u00e9 rencontre la d\u00e9licieuse saveur de l&rsquo;amaretto et d&rsquo;une cr\u00e8me au lait onctueuse. Un m\u00e9lange parfait d&rsquo;\u00e9nergie et de douceur pour une pause chaleureuse, velout\u00e9e et agr\u00e9able en un seul geste.<\/p>\n","protected":false},"excerpt":{"rendered":"<p>Bo\u00eete de 6 paquets de 16 capsules<br \/>\nCaf\u00e9 instantan\u00e9 et boisson \u00e0 l&rsquo;amaretto<br \/>\nCompatible avec les machines Dolce Gusto<br \/>\nDosage recommand\u00e9 : 120 ml (3\/4 niveaux<\/p>\n","protected":false},"featured_media":0,"comment_status":"open","ping_status":"closed","template":"","meta":{"_acf_changed":false},"product_brand":[302],"product_cat":[333,322],"product_tag":[],"product_family":[],"product_group":[],"product_class":[],"class_list":{"0":"post-4227","1":"product","2":"type-product","3":"status-publish","5":"product_brand-pagliero","6":"product_cat-d-g","7":"product_cat-sol","9":"first","10":"instock","11":"shipping-taxable","12":"purchasable","13":"product-type-simple"},"acf":[],"_links":{"self":[{"href":"https:\/\/staging.ecommerce.tuttocapsuletools.it\/fr\/wp-json\/wp\/v2\/product\/4227","targetHints":{"allow":["GET"]}}],"collection":[{"href":"https:\/\/staging.ecommerce.tuttocapsuletools.it\/fr\/wp-json\/wp\/v2\/product"}],"about":[{"href":"https:\/\/staging.ecommerce.tuttocapsuletools.it\/fr\/wp-json\/wp\/v2\/types\/product"}],"replies":[{"embeddable":true,"href":"https:\/\/staging.ecommerce.tuttocapsuletools.it\/fr\/wp-json\/wp\/v2\/comments?post=4227"}],"wp:attachment":[{"href":"https:\/\/staging.ecommerce.tuttocapsuletools.it\/fr\/wp-json\/wp\/v2\/media?parent=4227"}],"wp:term":[{"taxonomy":"product_brand","embeddable":true,"href":"https:\/\/staging.ecommerce.tuttocapsuletools.it\/fr\/wp-json\/wp\/v2\/product_brand?post=4227"},{"taxonomy":"product_cat","embeddable":true,"href":"https:\/\/staging.ecommerce.tuttocapsuletools.it\/fr\/wp-json\/wp\/v2\/product_cat?post=4227"},{"taxonomy":"product_tag","embeddable":true,"href":"https:\/\/staging.ecommerce.tuttocapsuletools.it\/fr\/wp-json\/wp\/v2\/product_tag?post=4227"},{"taxonomy":"product_family","embeddable":true,"href":"https:\/\/staging.ecommerce.tuttocapsuletools.it\/fr\/wp-json\/wp\/v2\/product_family?post=4227"},{"taxonomy":"product_group","embeddable":true,"href":"https:\/\/staging.ecommerce.tuttocapsuletools.it\/fr\/wp-json\/wp\/v2\/product_group?post=4227"},{"taxonomy":"product_class","embeddable":true,"href":"https:\/\/staging.ecommerce.tuttocapsuletools.it\/fr\/wp-json\/wp\/v2\/product_class?post=4227"}],"curies":[{"name":"wp","href":"https:\/\/api.w.org\/{rel}","templated":true}]}}