{"id":4235,"date":"2026-01-30T10:47:41","date_gmt":"2026-01-30T09:47:41","guid":{"rendered":"https:\/\/staging.ecommerce.tuttocapsuletools.it\/prodotto\/pagliero-dolce-gusto-solubile-maxiciok-conf-16-box-6-2\/"},"modified":"2026-04-16T00:24:39","modified_gmt":"2026-04-15T22:24:39","slug":"pagliero-dolce-gusto-solubile-maxiciok-conf-16-box-6-2","status":"publish","type":"product","link":"https:\/\/staging.ecommerce.tuttocapsuletools.it\/fr\/prodotto\/pagliero-dolce-gusto-solubile-maxiciok-conf-16-box-6-2\/","title":{"rendered":"Pagliero Cioccolata 16 capsule"},"content":{"rendered":"<p>Le caract\u00e8re authentique du cacao dans une boisson intense. Ar\u00f4me profond et go\u00fbt affirm\u00e9 : le choix id\u00e9al pour un moment de pur plaisir chocolat\u00e9. Une extase fondante.<\/p>\n","protected":false},"excerpt":{"rendered":"<p>Bo\u00eete de 6 paquets de 16 capsules<br \/>\nBoisson chocolat\u00e9e instantan\u00e9e<br \/>\nCompatible avec les machines Dolce Gusto<br \/>\nDosage recommand\u00e9 : 180 ml (5 niveaux)<\/p>\n","protected":false},"featured_media":0,"comment_status":"open","ping_status":"closed","template":"","meta":{"_acf_changed":false},"product_brand":[302],"product_cat":[333,322],"product_tag":[],"product_family":[],"product_group":[],"product_class":[],"class_list":{"0":"post-4235","1":"product","2":"type-product","3":"status-publish","5":"product_brand-pagliero","6":"product_cat-d-g","7":"product_cat-sol","9":"first","10":"instock","11":"shipping-taxable","12":"purchasable","13":"product-type-simple"},"acf":[],"_links":{"self":[{"href":"https:\/\/staging.ecommerce.tuttocapsuletools.it\/fr\/wp-json\/wp\/v2\/product\/4235","targetHints":{"allow":["GET"]}}],"collection":[{"href":"https:\/\/staging.ecommerce.tuttocapsuletools.it\/fr\/wp-json\/wp\/v2\/product"}],"about":[{"href":"https:\/\/staging.ecommerce.tuttocapsuletools.it\/fr\/wp-json\/wp\/v2\/types\/product"}],"replies":[{"embeddable":true,"href":"https:\/\/staging.ecommerce.tuttocapsuletools.it\/fr\/wp-json\/wp\/v2\/comments?post=4235"}],"wp:attachment":[{"href":"https:\/\/staging.ecommerce.tuttocapsuletools.it\/fr\/wp-json\/wp\/v2\/media?parent=4235"}],"wp:term":[{"taxonomy":"product_brand","embeddable":true,"href":"https:\/\/staging.ecommerce.tuttocapsuletools.it\/fr\/wp-json\/wp\/v2\/product_brand?post=4235"},{"taxonomy":"product_cat","embeddable":true,"href":"https:\/\/staging.ecommerce.tuttocapsuletools.it\/fr\/wp-json\/wp\/v2\/product_cat?post=4235"},{"taxonomy":"product_tag","embeddable":true,"href":"https:\/\/staging.ecommerce.tuttocapsuletools.it\/fr\/wp-json\/wp\/v2\/product_tag?post=4235"},{"taxonomy":"product_family","embeddable":true,"href":"https:\/\/staging.ecommerce.tuttocapsuletools.it\/fr\/wp-json\/wp\/v2\/product_family?post=4235"},{"taxonomy":"product_group","embeddable":true,"href":"https:\/\/staging.ecommerce.tuttocapsuletools.it\/fr\/wp-json\/wp\/v2\/product_group?post=4235"},{"taxonomy":"product_class","embeddable":true,"href":"https:\/\/staging.ecommerce.tuttocapsuletools.it\/fr\/wp-json\/wp\/v2\/product_class?post=4235"}],"curies":[{"name":"wp","href":"https:\/\/api.w.org\/{rel}","templated":true}]}}