{"id":4281,"date":"2026-01-17T18:32:21","date_gmt":"2026-01-17T17:32:21","guid":{"rendered":"https:\/\/staging.ecommerce.tuttocapsuletools.it\/prodotto\/pagliero-grani-caffe-specialty-brasile-200gr-conf-1-box-4\/"},"modified":"2026-04-15T18:54:45","modified_gmt":"2026-04-15T16:54:45","slug":"pagliero-grani-caffe-specialty-brasile-200gr-conf-1-box-4","status":"publish","type":"product","link":"https:\/\/staging.ecommerce.tuttocapsuletools.it\/fr\/prodotto\/pagliero-grani-caffe-specialty-brasile-200gr-conf-1-box-4\/","title":{"rendered":"Pagliero Specialty Brasile 200 gr"},"content":{"rendered":"<p>Notes gourmandes de chocolat et caramel, \u00e9voluant vers les fruits secs. Finale nette au sucre de canne. Un caf\u00e9 doux e intense, id\u00e9al pour une d\u00e9gustation suspendue.<\/p>\n","protected":false},"excerpt":{"rendered":"<p>Sachet de 200g<br \/>\nCaf\u00e9 de Sp\u00e9cialit\u00e9 en grains<br \/>\n100% Arabica &#8211; Br\u00e9sil Minas Gerais &#8211; Coop\u00e9rative Coopinhal<br \/>\nExtraction conseill\u00e9e: Filtre<br \/>\nTorr\u00e9faction claire<\/p>\n","protected":false},"featured_media":4767,"comment_status":"open","ping_status":"closed","template":"","meta":{"_acf_changed":false},"product_brand":[302],"product_cat":[320,323],"product_tag":[],"product_family":[],"product_group":[],"product_class":[],"class_list":{"0":"post-4281","1":"product","2":"type-product","3":"status-publish","4":"has-post-thumbnail","6":"product_brand-pagliero","7":"product_cat-caf","8":"product_cat-grn","10":"first","11":"outofstock","12":"featured","13":"shipping-taxable","14":"purchasable","15":"product-type-simple"},"acf":[],"_links":{"self":[{"href":"https:\/\/staging.ecommerce.tuttocapsuletools.it\/fr\/wp-json\/wp\/v2\/product\/4281","targetHints":{"allow":["GET"]}}],"collection":[{"href":"https:\/\/staging.ecommerce.tuttocapsuletools.it\/fr\/wp-json\/wp\/v2\/product"}],"about":[{"href":"https:\/\/staging.ecommerce.tuttocapsuletools.it\/fr\/wp-json\/wp\/v2\/types\/product"}],"replies":[{"embeddable":true,"href":"https:\/\/staging.ecommerce.tuttocapsuletools.it\/fr\/wp-json\/wp\/v2\/comments?post=4281"}],"wp:featuredmedia":[{"embeddable":true,"href":"https:\/\/staging.ecommerce.tuttocapsuletools.it\/fr\/wp-json\/wp\/v2\/media\/4767"}],"wp:attachment":[{"href":"https:\/\/staging.ecommerce.tuttocapsuletools.it\/fr\/wp-json\/wp\/v2\/media?parent=4281"}],"wp:term":[{"taxonomy":"product_brand","embeddable":true,"href":"https:\/\/staging.ecommerce.tuttocapsuletools.it\/fr\/wp-json\/wp\/v2\/product_brand?post=4281"},{"taxonomy":"product_cat","embeddable":true,"href":"https:\/\/staging.ecommerce.tuttocapsuletools.it\/fr\/wp-json\/wp\/v2\/product_cat?post=4281"},{"taxonomy":"product_tag","embeddable":true,"href":"https:\/\/staging.ecommerce.tuttocapsuletools.it\/fr\/wp-json\/wp\/v2\/product_tag?post=4281"},{"taxonomy":"product_family","embeddable":true,"href":"https:\/\/staging.ecommerce.tuttocapsuletools.it\/fr\/wp-json\/wp\/v2\/product_family?post=4281"},{"taxonomy":"product_group","embeddable":true,"href":"https:\/\/staging.ecommerce.tuttocapsuletools.it\/fr\/wp-json\/wp\/v2\/product_group?post=4281"},{"taxonomy":"product_class","embeddable":true,"href":"https:\/\/staging.ecommerce.tuttocapsuletools.it\/fr\/wp-json\/wp\/v2\/product_class?post=4281"}],"curies":[{"name":"wp","href":"https:\/\/api.w.org\/{rel}","templated":true}]}}