{"id":4283,"date":"2026-01-17T18:32:21","date_gmt":"2026-01-17T17:32:21","guid":{"rendered":"https:\/\/staging.ecommerce.tuttocapsuletools.it\/prodotto\/pagliero-grani-caffe-specialty-peru-200gr-conf-1-box-4\/"},"modified":"2026-04-15T22:39:31","modified_gmt":"2026-04-15T20:39:31","slug":"pagliero-grani-caffe-specialty-peru-200gr-conf-1-box-4","status":"publish","type":"product","link":"https:\/\/staging.ecommerce.tuttocapsuletools.it\/fr\/prodotto\/pagliero-grani-caffe-specialty-peru-200gr-conf-1-box-4\/","title":{"rendered":"Pagliero Specialty Per\u00f9 200 gr"},"content":{"rendered":"<p>M\u00e9lange biodynamique du P\u00e9rou. Ar\u00f4me de caramel et de m\u00e9lasse avec des notes d&rsquo;agrumes et d&rsquo;orange. Un Sentinelle Slow Food qui allie \u00e9thique et haute qualit\u00e9 sensorielle dans chaque tasse.<\/p>\n","protected":false},"excerpt":{"rendered":"<p>Paquet de 200g<br \/>\nCaf\u00e9 Specialty en grains<br \/>\n100% Arabica &#8211; P\u00e9rou Chacra D&rsquo;Dago<br \/>\nExtraction recommand\u00e9e : Filtre<br \/>\nTorr\u00e9faction claire<\/p>\n","protected":false},"featured_media":1857,"comment_status":"open","ping_status":"closed","template":"","meta":{"_acf_changed":false},"product_brand":[302],"product_cat":[320,323],"product_tag":[],"product_family":[],"product_group":[],"product_class":[],"class_list":{"0":"post-4283","1":"product","2":"type-product","3":"status-publish","4":"has-post-thumbnail","6":"product_brand-pagliero","7":"product_cat-caf","8":"product_cat-grn","10":"first","11":"instock","12":"shipping-taxable","13":"purchasable","14":"product-type-simple"},"acf":[],"_links":{"self":[{"href":"https:\/\/staging.ecommerce.tuttocapsuletools.it\/fr\/wp-json\/wp\/v2\/product\/4283","targetHints":{"allow":["GET"]}}],"collection":[{"href":"https:\/\/staging.ecommerce.tuttocapsuletools.it\/fr\/wp-json\/wp\/v2\/product"}],"about":[{"href":"https:\/\/staging.ecommerce.tuttocapsuletools.it\/fr\/wp-json\/wp\/v2\/types\/product"}],"replies":[{"embeddable":true,"href":"https:\/\/staging.ecommerce.tuttocapsuletools.it\/fr\/wp-json\/wp\/v2\/comments?post=4283"}],"wp:featuredmedia":[{"embeddable":true,"href":"https:\/\/staging.ecommerce.tuttocapsuletools.it\/fr\/wp-json\/wp\/v2\/media\/1857"}],"wp:attachment":[{"href":"https:\/\/staging.ecommerce.tuttocapsuletools.it\/fr\/wp-json\/wp\/v2\/media?parent=4283"}],"wp:term":[{"taxonomy":"product_brand","embeddable":true,"href":"https:\/\/staging.ecommerce.tuttocapsuletools.it\/fr\/wp-json\/wp\/v2\/product_brand?post=4283"},{"taxonomy":"product_cat","embeddable":true,"href":"https:\/\/staging.ecommerce.tuttocapsuletools.it\/fr\/wp-json\/wp\/v2\/product_cat?post=4283"},{"taxonomy":"product_tag","embeddable":true,"href":"https:\/\/staging.ecommerce.tuttocapsuletools.it\/fr\/wp-json\/wp\/v2\/product_tag?post=4283"},{"taxonomy":"product_family","embeddable":true,"href":"https:\/\/staging.ecommerce.tuttocapsuletools.it\/fr\/wp-json\/wp\/v2\/product_family?post=4283"},{"taxonomy":"product_group","embeddable":true,"href":"https:\/\/staging.ecommerce.tuttocapsuletools.it\/fr\/wp-json\/wp\/v2\/product_group?post=4283"},{"taxonomy":"product_class","embeddable":true,"href":"https:\/\/staging.ecommerce.tuttocapsuletools.it\/fr\/wp-json\/wp\/v2\/product_class?post=4283"}],"curies":[{"name":"wp","href":"https:\/\/api.w.org\/{rel}","templated":true}]}}