{"id":4298,"date":"2026-01-17T18:32:27","date_gmt":"2026-01-17T17:32:27","guid":{"rendered":"https:\/\/staging.ecommerce.tuttocapsuletools.it\/prodotto\/pagliero-grani-caffe-specialty-indonesia-200gr-conf-1-box-4\/"},"modified":"2026-04-16T07:24:24","modified_gmt":"2026-04-16T05:24:24","slug":"pagliero-grani-caffe-specialty-indonesia-200gr-conf-1-box-4","status":"publish","type":"product","link":"https:\/\/staging.ecommerce.tuttocapsuletools.it\/fr\/prodotto\/pagliero-grani-caffe-specialty-indonesia-200gr-conf-1-box-4\/","title":{"rendered":"Pagliero Specialty Indonesia 200 gr"},"content":{"rendered":"<p>Indon\u00e9sie Specialty : profil \u00e9l\u00e9gant et soyeux. Des notes de litchi et jasmin s&rsquo;unissent en une tasse lav\u00e9e tr\u00e8s nette. Finale persistante de chocolat et prune. Un \u00e9quilibre raffin\u00e9 et complexe.<\/p>\n","protected":false},"excerpt":{"rendered":"<p>Paquet de 200 g<br \/>\nGrains de caf\u00e9 de sp\u00e9cialit\u00e9<br \/>\n100 % Arabica &#8211; Indon\u00e9sie &#8211; For\u00eat de Bajawa<br \/>\nExtraction recommand\u00e9e : filtre<br \/>\nTorr\u00e9faction l\u00e9g\u00e8re<\/p>\n","protected":false},"featured_media":0,"comment_status":"open","ping_status":"closed","template":"","meta":{"_acf_changed":false},"product_brand":[302],"product_cat":[320,323],"product_tag":[],"product_family":[],"product_group":[],"product_class":[],"class_list":{"0":"post-4298","1":"product","2":"type-product","3":"status-publish","5":"product_brand-pagliero","6":"product_cat-caf","7":"product_cat-grn","9":"first","10":"instock","11":"shipping-taxable","12":"purchasable","13":"product-type-simple"},"acf":[],"_links":{"self":[{"href":"https:\/\/staging.ecommerce.tuttocapsuletools.it\/fr\/wp-json\/wp\/v2\/product\/4298","targetHints":{"allow":["GET"]}}],"collection":[{"href":"https:\/\/staging.ecommerce.tuttocapsuletools.it\/fr\/wp-json\/wp\/v2\/product"}],"about":[{"href":"https:\/\/staging.ecommerce.tuttocapsuletools.it\/fr\/wp-json\/wp\/v2\/types\/product"}],"replies":[{"embeddable":true,"href":"https:\/\/staging.ecommerce.tuttocapsuletools.it\/fr\/wp-json\/wp\/v2\/comments?post=4298"}],"wp:attachment":[{"href":"https:\/\/staging.ecommerce.tuttocapsuletools.it\/fr\/wp-json\/wp\/v2\/media?parent=4298"}],"wp:term":[{"taxonomy":"product_brand","embeddable":true,"href":"https:\/\/staging.ecommerce.tuttocapsuletools.it\/fr\/wp-json\/wp\/v2\/product_brand?post=4298"},{"taxonomy":"product_cat","embeddable":true,"href":"https:\/\/staging.ecommerce.tuttocapsuletools.it\/fr\/wp-json\/wp\/v2\/product_cat?post=4298"},{"taxonomy":"product_tag","embeddable":true,"href":"https:\/\/staging.ecommerce.tuttocapsuletools.it\/fr\/wp-json\/wp\/v2\/product_tag?post=4298"},{"taxonomy":"product_family","embeddable":true,"href":"https:\/\/staging.ecommerce.tuttocapsuletools.it\/fr\/wp-json\/wp\/v2\/product_family?post=4298"},{"taxonomy":"product_group","embeddable":true,"href":"https:\/\/staging.ecommerce.tuttocapsuletools.it\/fr\/wp-json\/wp\/v2\/product_group?post=4298"},{"taxonomy":"product_class","embeddable":true,"href":"https:\/\/staging.ecommerce.tuttocapsuletools.it\/fr\/wp-json\/wp\/v2\/product_class?post=4298"}],"curies":[{"name":"wp","href":"https:\/\/api.w.org\/{rel}","templated":true}]}}