{"id":4312,"date":"2026-01-17T18:32:16","date_gmt":"2026-01-17T17:32:16","guid":{"rendered":"https:\/\/staging.ecommerce.tuttocapsuletools.it\/prodotto\/pagliero-macinato-caffe-specialty-brasile-200gr-conf-1-box-4\/"},"modified":"2026-04-15T20:54:30","modified_gmt":"2026-04-15T18:54:30","slug":"pagliero-macinato-caffe-specialty-brasile-200gr-conf-1-box-4","status":"publish","type":"product","link":"https:\/\/staging.ecommerce.tuttocapsuletools.it\/fr\/prodotto\/pagliero-macinato-caffe-specialty-brasile-200gr-conf-1-box-4\/","title":{"rendered":"Pagliero Specialty Brasile 200 gr"},"content":{"rendered":"<p>Mix Red Bourbon &amp; Catuai : corps velout\u00e9 et douceur naturelle. Un caf\u00e9 de m\u00e9ditation aux notes de fruits secs, chocolat et caramel. Finale nette et harmonieuse, riche en nuances sucr\u00e9es.<\/p>\n","protected":false},"excerpt":{"rendered":"<p>Paquet de 200 g<br \/>\nCaf\u00e9 de sp\u00e9cialit\u00e9 moulu<br \/>\n100 % Arabica &#8211; Br\u00e9sil Minas Gerais &#8211; Coop\u00e9rative Coopinhal<br \/>\nExtraction recommand\u00e9e : filtre<br \/>\nTorr\u00e9faction claire<\/p>\n","protected":false},"featured_media":1839,"comment_status":"open","ping_status":"closed","template":"","meta":{"_acf_changed":false},"product_brand":[302],"product_cat":[320,325],"product_tag":[],"product_family":[],"product_group":[],"product_class":[],"class_list":{"0":"post-4312","1":"product","2":"type-product","3":"status-publish","4":"has-post-thumbnail","6":"product_brand-pagliero","7":"product_cat-caf","8":"product_cat-mcn","10":"first","11":"outofstock","12":"shipping-taxable","13":"purchasable","14":"product-type-simple"},"acf":[],"_links":{"self":[{"href":"https:\/\/staging.ecommerce.tuttocapsuletools.it\/fr\/wp-json\/wp\/v2\/product\/4312","targetHints":{"allow":["GET"]}}],"collection":[{"href":"https:\/\/staging.ecommerce.tuttocapsuletools.it\/fr\/wp-json\/wp\/v2\/product"}],"about":[{"href":"https:\/\/staging.ecommerce.tuttocapsuletools.it\/fr\/wp-json\/wp\/v2\/types\/product"}],"replies":[{"embeddable":true,"href":"https:\/\/staging.ecommerce.tuttocapsuletools.it\/fr\/wp-json\/wp\/v2\/comments?post=4312"}],"wp:featuredmedia":[{"embeddable":true,"href":"https:\/\/staging.ecommerce.tuttocapsuletools.it\/fr\/wp-json\/wp\/v2\/media\/1839"}],"wp:attachment":[{"href":"https:\/\/staging.ecommerce.tuttocapsuletools.it\/fr\/wp-json\/wp\/v2\/media?parent=4312"}],"wp:term":[{"taxonomy":"product_brand","embeddable":true,"href":"https:\/\/staging.ecommerce.tuttocapsuletools.it\/fr\/wp-json\/wp\/v2\/product_brand?post=4312"},{"taxonomy":"product_cat","embeddable":true,"href":"https:\/\/staging.ecommerce.tuttocapsuletools.it\/fr\/wp-json\/wp\/v2\/product_cat?post=4312"},{"taxonomy":"product_tag","embeddable":true,"href":"https:\/\/staging.ecommerce.tuttocapsuletools.it\/fr\/wp-json\/wp\/v2\/product_tag?post=4312"},{"taxonomy":"product_family","embeddable":true,"href":"https:\/\/staging.ecommerce.tuttocapsuletools.it\/fr\/wp-json\/wp\/v2\/product_family?post=4312"},{"taxonomy":"product_group","embeddable":true,"href":"https:\/\/staging.ecommerce.tuttocapsuletools.it\/fr\/wp-json\/wp\/v2\/product_group?post=4312"},{"taxonomy":"product_class","embeddable":true,"href":"https:\/\/staging.ecommerce.tuttocapsuletools.it\/fr\/wp-json\/wp\/v2\/product_class?post=4312"}],"curies":[{"name":"wp","href":"https:\/\/api.w.org\/{rel}","templated":true}]}}