{"id":4357,"date":"2026-01-17T18:33:36","date_gmt":"2026-01-17T17:33:36","guid":{"rendered":"https:\/\/staging.ecommerce.tuttocapsuletools.it\/prodotto\/pagliero-nespresso-solubile-creme-brulee-conf-16-box-8\/"},"modified":"2026-04-15T20:25:28","modified_gmt":"2026-04-15T18:25:28","slug":"pagliero-nespresso-solubile-creme-brulee-conf-16-box-8","status":"publish","type":"product","link":"https:\/\/staging.ecommerce.tuttocapsuletools.it\/fr\/prodotto\/pagliero-nespresso-solubile-creme-brulee-conf-16-box-8\/","title":{"rendered":"DolceVita Cr\u00e8me Brul\u00e8e 16 capsule"},"content":{"rendered":"<p>L\u2019\u00e9l\u00e9gance du dessert fran\u00e7ais en boisson chaude. Vanille et sucre caram\u00e9lis\u00e9 cr\u00e9ent un \u00e9quilibre entre douceur cr\u00e9meuse et notes torr\u00e9fi\u00e9es. Un d\u00e9lice gourmet pour une fin de repas royale.<\/p>\n","protected":false},"excerpt":{"rendered":"<p>Bo\u00eete de 8 paquets de 16 capsules<br \/>\nBoisson instantan\u00e9e aromatis\u00e9e \u00e0 la cr\u00e8me br\u00fbl\u00e9e<br \/>\nCompatible avec les machines Nespresso<br \/>\nDosage recommand\u00e9 : 80 ml<\/p>\n","protected":false},"featured_media":1913,"comment_status":"open","ping_status":"closed","template":"","meta":{"_acf_changed":false},"product_brand":[302],"product_cat":[335,322],"product_tag":[],"product_family":[],"product_group":[],"product_class":[],"class_list":{"0":"post-4357","1":"product","2":"type-product","3":"status-publish","4":"has-post-thumbnail","6":"product_brand-pagliero","7":"product_cat-nes","8":"product_cat-sol","10":"first","11":"instock","12":"shipping-taxable","13":"purchasable","14":"product-type-simple"},"acf":[],"_links":{"self":[{"href":"https:\/\/staging.ecommerce.tuttocapsuletools.it\/fr\/wp-json\/wp\/v2\/product\/4357","targetHints":{"allow":["GET"]}}],"collection":[{"href":"https:\/\/staging.ecommerce.tuttocapsuletools.it\/fr\/wp-json\/wp\/v2\/product"}],"about":[{"href":"https:\/\/staging.ecommerce.tuttocapsuletools.it\/fr\/wp-json\/wp\/v2\/types\/product"}],"replies":[{"embeddable":true,"href":"https:\/\/staging.ecommerce.tuttocapsuletools.it\/fr\/wp-json\/wp\/v2\/comments?post=4357"}],"wp:featuredmedia":[{"embeddable":true,"href":"https:\/\/staging.ecommerce.tuttocapsuletools.it\/fr\/wp-json\/wp\/v2\/media\/1913"}],"wp:attachment":[{"href":"https:\/\/staging.ecommerce.tuttocapsuletools.it\/fr\/wp-json\/wp\/v2\/media?parent=4357"}],"wp:term":[{"taxonomy":"product_brand","embeddable":true,"href":"https:\/\/staging.ecommerce.tuttocapsuletools.it\/fr\/wp-json\/wp\/v2\/product_brand?post=4357"},{"taxonomy":"product_cat","embeddable":true,"href":"https:\/\/staging.ecommerce.tuttocapsuletools.it\/fr\/wp-json\/wp\/v2\/product_cat?post=4357"},{"taxonomy":"product_tag","embeddable":true,"href":"https:\/\/staging.ecommerce.tuttocapsuletools.it\/fr\/wp-json\/wp\/v2\/product_tag?post=4357"},{"taxonomy":"product_family","embeddable":true,"href":"https:\/\/staging.ecommerce.tuttocapsuletools.it\/fr\/wp-json\/wp\/v2\/product_family?post=4357"},{"taxonomy":"product_group","embeddable":true,"href":"https:\/\/staging.ecommerce.tuttocapsuletools.it\/fr\/wp-json\/wp\/v2\/product_group?post=4357"},{"taxonomy":"product_class","embeddable":true,"href":"https:\/\/staging.ecommerce.tuttocapsuletools.it\/fr\/wp-json\/wp\/v2\/product_class?post=4357"}],"curies":[{"name":"wp","href":"https:\/\/api.w.org\/{rel}","templated":true}]}}