{"id":4377,"date":"2026-01-30T10:47:56","date_gmt":"2026-01-30T09:47:56","guid":{"rendered":"https:\/\/staging.ecommerce.tuttocapsuletools.it\/prodotto\/starbucks-dolce-gusto-caffe-americano-medium-house-blend-conf-12-box-1-2\/"},"modified":"2026-04-16T07:39:30","modified_gmt":"2026-04-16T05:39:30","slug":"starbucks-dolce-gusto-caffe-americano-medium-house-blend-conf-12-box-1-2","status":"publish","type":"product","link":"https:\/\/staging.ecommerce.tuttocapsuletools.it\/fr\/prodotto\/starbucks-dolce-gusto-caffe-americano-medium-house-blend-conf-12-box-1-2\/","title":{"rendered":"Starbucks House Blend 12 capsule"},"content":{"rendered":"<p>Un m\u00e9lange iconique de caf\u00e9s latino-am\u00e9ricains torr\u00e9fi\u00e9s jusqu&rsquo;\u00e0 une teinte brun fonc\u00e9 brillante. Un go\u00fbt \u00e9quilibr\u00e9 avec des notes de fruits secs et de cacao, id\u00e9al pour le syst\u00e8me Dolce Gusto.<\/p>\n","protected":false},"excerpt":{"rendered":"<p>Paquet de 12 capsules<br \/>\nCompatible avec Nescaf\u00e8 Dolce Gusto<br \/>\nM\u00e9lange 100% arabica<br \/>\nTorr\u00e9faction moyenne avec notes de cacao et de noix grill\u00e9es<\/p>\n","protected":false},"featured_media":0,"comment_status":"open","ping_status":"closed","template":"","meta":{"_acf_changed":false},"product_brand":[387],"product_cat":[320,333],"product_tag":[],"product_family":[],"product_group":[],"product_class":[],"class_list":{"0":"post-4377","1":"product","2":"type-product","3":"status-publish","5":"product_brand-starbucks","6":"product_cat-caf","7":"product_cat-d-g","9":"first","10":"instock","11":"shipping-taxable","12":"purchasable","13":"product-type-simple"},"acf":[],"_links":{"self":[{"href":"https:\/\/staging.ecommerce.tuttocapsuletools.it\/fr\/wp-json\/wp\/v2\/product\/4377","targetHints":{"allow":["GET"]}}],"collection":[{"href":"https:\/\/staging.ecommerce.tuttocapsuletools.it\/fr\/wp-json\/wp\/v2\/product"}],"about":[{"href":"https:\/\/staging.ecommerce.tuttocapsuletools.it\/fr\/wp-json\/wp\/v2\/types\/product"}],"replies":[{"embeddable":true,"href":"https:\/\/staging.ecommerce.tuttocapsuletools.it\/fr\/wp-json\/wp\/v2\/comments?post=4377"}],"wp:attachment":[{"href":"https:\/\/staging.ecommerce.tuttocapsuletools.it\/fr\/wp-json\/wp\/v2\/media?parent=4377"}],"wp:term":[{"taxonomy":"product_brand","embeddable":true,"href":"https:\/\/staging.ecommerce.tuttocapsuletools.it\/fr\/wp-json\/wp\/v2\/product_brand?post=4377"},{"taxonomy":"product_cat","embeddable":true,"href":"https:\/\/staging.ecommerce.tuttocapsuletools.it\/fr\/wp-json\/wp\/v2\/product_cat?post=4377"},{"taxonomy":"product_tag","embeddable":true,"href":"https:\/\/staging.ecommerce.tuttocapsuletools.it\/fr\/wp-json\/wp\/v2\/product_tag?post=4377"},{"taxonomy":"product_family","embeddable":true,"href":"https:\/\/staging.ecommerce.tuttocapsuletools.it\/fr\/wp-json\/wp\/v2\/product_family?post=4377"},{"taxonomy":"product_group","embeddable":true,"href":"https:\/\/staging.ecommerce.tuttocapsuletools.it\/fr\/wp-json\/wp\/v2\/product_group?post=4377"},{"taxonomy":"product_class","embeddable":true,"href":"https:\/\/staging.ecommerce.tuttocapsuletools.it\/fr\/wp-json\/wp\/v2\/product_class?post=4377"}],"curies":[{"name":"wp","href":"https:\/\/api.w.org\/{rel}","templated":true}]}}